{"id":35,"date":"2019-09-12T17:30:20","date_gmt":"2019-09-12T20:30:20","guid":{"rendered":"http:\/\/docentes.face.ufmg.br\/gustavo\/?page_id=35"},"modified":"2024-11-07T14:51:56","modified_gmt":"2024-11-07T17:51:56","slug":"orientacoes","status":"publish","type":"page","link":"https:\/\/docentes.face.ufmg.br\/gustavo\/en\/orientacoes\/","title":{"rendered":"Supervisions"},"content":{"rendered":"<p style=\"text-align: left\">|<a href=\"https:\/\/scholar.google.com.br\/citations?user=smEbMV0AAAAJ&amp;hl=pt-BR\">Google Scholar<\/a>|<a href=\"https:\/\/ideas.repec.org\/f\/pbr276.html\">RePEc<\/a>\u00a0|<a href=\"https:\/\/www.researchgate.net\/profile\/Gustavo_Britto\">ResearchGate<\/a>|<a href=\"https:\/\/orcid.org\/0000-0002-5285-3684\">ORCID<\/a>|<a href=\"https:\/\/publons.com\/researcher\/2242838\/gustavo-britto\/\">Publons-Web-of-Science<\/a>|<a href=\"http:\/\/lattes.cnpq.br\/5668137663316742\">Lattes<\/a>|<\/p>\n<hr \/>\n<p>List of current and past supervisions at UFMG.<\/p>\n<hr \/>\n<h4><strong>PhD Dissertations (Current):<\/strong><\/h4>\n<ul>\n<li>Alexandre de Queiroz Stein<br \/>\n<i>Provisional title: Economic Complexity,\u00a0space, and develpment in Brazilian Cities: an urban land rent perspective<\/i><br \/>\nPhD Dissertation &#8211; Cedeplar &#8211; UFMG<\/li>\n<li>\n<hr \/>\n<p>Diogo Oliveira Santos<br \/>\n<i>Provisional title: Manufacturing Industry, Services and Financial Sector and employment in Brazil: a regional input-output analysis<\/i><br \/>\nPhD Dissertation &#8211; Cedeplar &#8211; UFMG<\/li>\n<\/ul>\n<hr \/>\n<h4><strong>PhD Dissertations (<\/strong><strong>Past):<\/strong><\/h4>\n<div class=\"layout-cell layout-cell-11\">\n<ul>\n<li><strong>(2024) Jordana Ferreira da Silva<\/strong><br \/>\nT\u00edtulo: <a href=\"http:\/\/hdl.handle.net\/1843\/74289\">Resilience and Economic Complexity: a new approach to sustainable development<\/a> [In Portuguese]<br \/>\nPhD Dissertation &#8211; Cedeplar &#8211; UFMG<\/li>\n<\/ul>\n<hr \/>\n<ul>\n<li><strong>(2019) &#8211; Elton Eduardo Freitas<\/strong><br \/>\nTitle:<em><a href=\"http:\/\/hdl.handle.net\/1843\/37951\">Related industries, economic complexity and regional diversification: an application for Brazilian micro-regions<\/a><\/em>[In Portiguese]<br \/>\nPhD Dissertation &#8211; Cedeplar &#8211; UFMG<\/li>\n<\/ul>\n<hr \/>\n<ul>\n<li><strong>(2017) &#8211; Douglas Alcantara Alencar<\/strong><br \/>\nTitle:\u00a0<a href=\"http:\/\/hdl.handle.net\/1843\/32085\"><em>Essays on Aggregate Demand, Productivity, and Exchange Rate<\/em><\/a><br \/>\nPhD Dissertation &#8211; Cedeplar &#8211; UFMG<br \/>\nSupervisor: Prof. Frederico Gonzaga Jayme Jr.<br \/>\nCo-supervisor: Prof. Gustavo Britto<\/li>\n<\/ul>\n<hr \/>\n<ul>\n<li><strong>(2017) &#8211; Philipe Scherrer Mendes<\/strong><br \/>\nTitle: <a href=\"http:\/\/hdl.handle.net\/1843\/31945\">Innovative effort and industrial productivity: internal and external determinants to firms<\/a><br \/>\nPhD Dissertation &#8211; Cedeplar &#8211; UFMG<\/li>\n<\/ul>\n<hr \/>\n<ul>\n<li class=\"layout-cell-pad-5\"><strong>(2017) &#8211; Daniel Paulino Teixeira Lopes<\/strong><em><br \/>\n<\/em>Title: <a href=\"http:\/\/hdl.handle.net\/1843\/BUOS-ASBGDW\"><em>Menagerial Innovation in a Human Resources Management Perspective\u00a0<\/em><\/a> (available in Portuguese)<br \/>\nPhD Dissertation &#8211; CEPEAD-UFMG<br \/>\nSupervisor: Prof. Allan Claudius Queiroz Barbosa<br \/>\nCo-supervisor: Prof. Gustavo Britto<\/p>\n<hr \/>\n<\/li>\n<li class=\"layout-cell-pad-5\"><strong>(2016) &#8211; D\u00e9bora Freire Cardoso<\/strong><br \/>\nTitle: <a href=\"https:\/\/repositorio.ufmg.br\/handle\/1843\/FACE-ADBJPP\"><em>Capital and Labor in Brazil in the XXI Century: the impact of income transfer payments and taxation in income inequality, consumption and productive structure<\/em><\/a> (available in Portuguese)<br \/>\nPhD Dissertation &#8211; Cedeplar &#8211; UFMG<br \/>\nSupervisor: Prof. Edson Paulo Domingues<br \/>\nCo-supervisor: Prof. Gustavo Britto<\/p>\n<hr \/>\n<\/li>\n<li class=\"layout-cell-pad-5\"><strong>(2016) &#8211; Rosa Livia Gon\u00e7alves Montenegro<\/strong><br \/>\nTitle: <a href=\"http:\/\/hdl.handle.net\/1843\/BUBD-AEHP5R\"><i>Environmental innovation and National Innovation Systems:\u00a0characterisation\u00a0for 10990-2010<\/i><\/a>\u00a0(available in Portuguese)<br \/>\nPhD Dissertation &#8211; Cedeplar &#8211; UFMG<\/p>\n<hr \/>\n<\/li>\n<li class=\"layout-cell-pad-5\"><strong>(2014) Leandro Alves Silva<\/strong><br \/>\nTitle: <a href=\"http:\/\/hdl.handle.net\/1843\/BUBD-A2UGTF\"><em>Tensions and connections: a study on multinationals and national innovation systems<\/em><\/a> (available in Portuguese)<br \/>\nPhD Dissertation &#8211; Cedeplar &#8211; UFMG<br \/>\nSupervisor: Prof. Eduardo da Motta e Albuquerque<\/p>\n<hr \/>\n<\/li>\n<li class=\"layout-cell-pad-5\"><strong>(2013) Renato Silv\u00e9rio Campos<\/strong><br \/>\nTitle: <a href=\"http:\/\/hdl.handle.net\/1843\/AMSA-9FRLP4\"><em>Exchange Rate and Balance-of-Payments Constrained Growth Models<\/em><\/a> (available in Portuguese)<br \/>\nPhD Dissertation &#8211; Cedeplar &#8211; UFMG<br \/>\nSupervisor: Prof. Frederico Gonzaga Jayme Jr.<br \/>\nCo-supervisor: Prof. Gustavo Britto<\/p>\n<hr \/>\n<\/li>\n<\/ul>\n<\/div>\n<h4><strong>Masters thesis (past):<br \/>\n<\/strong><\/h4>\n<ul>\n<li>(2023) Calebe Cardia Piacentini<br \/>\nT\u00edtulo: <a href=\"http:\/\/hdl.handle.net\/1843\/51018\">International complementary links and technological diversification: a USPTO and EPO patent data analysis<\/a><br \/>\nDisserta\u00e7\u00e3o &#8211; Cedeplar &#8211; UFMG<\/li>\n<li>\n<hr \/>\n<p>(2019) Alexandre de Queiroz Stein<br \/>\nT\u00edtulo: <a href=\"http:\/\/hdl.handle.net\/1843\/36234\">Heterogeneidade Estrutural e Complexidade Econ\u00f4mica na Agropecu\u00e1ria Brasileira<\/a><br \/>\nDisserta\u00e7\u00e3o &#8211; Cedeplar &#8211; UFMG<\/li>\n<\/ul>\n<hr \/>\n<ul>\n<li>(2019) &#8211; Diogo Oliveira Santos<br \/>\nT\u00edtulo: <a href=\"https:\/\/repositorio.ufmg.br\/handle\/1843\/30855\"><em>A Trajet\u00f3ria dos Mark-Ups Setoriais Dom\u00e9sticos e seus Determinantes Principais entre 2000 e 2013:\u00a0um estudo sobre as origens da crise econ\u00f4mica brasileira<\/em><\/a><br \/>\nDisserta\u00e7\u00e3o &#8211; Cedeplar &#8211; UFMG<\/li>\n<\/ul>\n<hr \/>\n<ul>\n<li class=\"layout-cell-pad-5 text-align-right\">(2019) Guilherme Sganserla Torres<br \/>\nT\u00edtulo: <a href=\"http:\/\/hdl.handle.net\/1843\/32851\">Complexidade Econ\u00f4mica: Uma Proposta Metodol\u00f3gica para Identifica\u00e7\u00e3o de Produtos Estrat\u00e9gicos<\/a><br \/>\nDisserta\u00e7\u00e3o &#8211; Cedeplar &#8211; UFMG<\/p>\n<hr \/>\n<\/li>\n<\/ul>\n<div class=\"layout-cell layout-cell-1 text-align-right\">\n<ul>\n<li>(2018) &#8211; Camila Maria de Andrade Tolentino<br \/>\nT\u00edtulo: <a href=\"http:\/\/hdl.handle.net\/1843\/32118\"><em>Technological capabilities and structural change: an analysis based on economic complexity<\/em><\/a><br \/>\nDisserta\u00e7\u00e3o &#8211; Cedeplar &#8211; UFMG<\/p>\n<hr \/>\n<\/li>\n<li>(2013) &#8211; Carla Poliana Santos<br \/>\nT\u00edtulo: <a href=\"http:\/\/hdl.handle.net\/1843\/AMSA-9D8PPU\"><em>A import\u00e2ncia dos mercados interno e externo para a mudan\u00e7a estrutural<\/em><\/a><br \/>\nDisserta\u00e7\u00e3o &#8211; Cedeplar &#8211; UFMG<\/p>\n<hr \/>\n<\/li>\n<li>(2011) &#8211; Jo\u00e3o Prates Romero<br \/>\nT\u00edtulo: <a href=\"http:\/\/hdl.handle.net\/1843\/AMSA-8HVKUQ\"><em>Desenvolvimento Econ\u00f4mico e Mudan\u00e7a Estrutural: teoria e evid\u00eancia a partir de um enfoque multi-setorial<\/em><\/a><br \/>\nDisserta\u00e7\u00e3o &#8211; Cedeplar &#8211; UFMG<\/p>\n<hr \/>\n<\/li>\n<li>(2011) &#8211; Fabr\u00edcio Silveira<br \/>\nT\u00edtulo: <a href=\"http:\/\/hdl.handle.net\/1843\/AMSA-94QFZE\"><em>Taxa de C\u00e2mbio e mudan\u00e7a estrutural: teoria e evid\u00eancia<\/em><\/a><br \/>\nDisserta\u00e7\u00e3o &#8211; Cedeplar &#8211; UFMG<\/p>\n<hr \/>\n<\/li>\n<li>(2011) &#8211; Jorge Lu\u00eds Teixeira \u00c1vila<br \/>\nT\u00edtulo: <a href=\"http:\/\/hdl.handle.net\/1843\/AMSA-9ACR4B\"><em> Distribui\u00e7\u00e3o de Renda, Subdesenvolvimento e a Rela\u00e7\u00e3o Centro-Periferia<\/em><\/a><br \/>\nDisserta\u00e7\u00e3o &#8211; Cedeplar &#8211; UFMG<\/li>\n<\/ul>\n<hr \/>\n<h4>Undegraduate supervisions<\/h4>\n<h4>Ongoing:<\/h4>\n<\/div>\n<p>Maria Eduarda Guimar\u00e3es e Sousa. Mudan\u00e7a estrutural, complexidade e desenvolvimento econ\u00f4mico. In\u00edcio: 2022. Inicia\u00e7\u00e3o cient\u00edfica (Graduando em Ci\u00eancias Econ\u00f4micas) &#8211; Universidade Federal de Minas Gerais, Conselho Nacional de Desenvolvimento Cient\u00edfico e Tecnol\u00f3gico. (Orientador).<\/p>\n<h4>Past:<\/h4>\n<div class=\"layout-cell layout-cell-1 text-align-right\">\n<p><span style=\"font-size: revert\">Guilherme Goncalves Dias. Mudan\u00e7a estrutural, complexidade produtiva e desenvolvimento econ\u00f4mico. 2022. Inicia\u00e7\u00e3o Cient\u00edfica. (Graduando em Ci\u00eancias Econ\u00f4micas) &#8211; Universidade Federal de Minas Gerais, Conselho Nacional de Desenvolvimento Cient\u00edfico e Tecnol\u00f3gico. (Orientador).<\/span><\/p>\n<div class=\"layout-cell layout-cell-1 text-align-right\">\n<p><span style=\"font-size: revert\">Nayara Felix Moura Macedo. Mudan\u00e7a estrutural, complexidade produtiva e desenvolvimento econ\u00f4mico. In\u00edcio: 2021. Inicia\u00e7\u00e3o cient\u00edfica (Graduando em Ci\u00eancias Econ\u00f4micas) &#8211; Universidade Federal de Minas Gerais, Conselho Nacional de Desenvolvimento Cient\u00edfico e Tecnol\u00f3gico. (Orientador).<\/span><\/p>\n<\/div>\n<p>Maira Oliveira Miranda. Mudan\u00e7a estrutural, complexidade produtiva e desenvolvimento econ\u00f4mico. 2020. <span style=\"font-size: revert\">(Graduando em Ci\u00eancias Econ\u00f4micas) &#8211; Universidade Federal de Minas Gerais, Conselho Nacional de Desenvolvimento Cient\u00edfico e Tecnol\u00f3gico. (Orientador).<\/span><\/p>\n<p>Eduarda Moura Pereira. Crescimento, Mudan\u00e7a Estrutural e Progresso Tecnol\u00f3gico. 2018. Inicia\u00e7\u00e3o Cient\u00edfica. (Graduando em Ci\u00eancias Econ\u00f4micas) &#8211; Universidade Federal de Minas Gerais,\u00a0Funda\u00e7\u00e3o de Amparo \u00e0 Pesquisa do Estado de Minas Gerais.<\/p>\n<p>Larissa de Freitas Campos. Mudan\u00e7a estrutural, progresso tecnol\u00f3gico e desenvolvimento econ\u00f4mico. 2018. Inicia\u00e7\u00e3o Cient\u00edfica. (Graduando em Ci\u00eancias Econ\u00f4micas) &#8211; Universidade\u00a0Federal de Minas Gerais, Funda\u00e7\u00e3o de Amparo \u00e0 Pesquisa do Estado de Minas Gerais.<\/p>\n<p>Matheus Oliveira Azzi. CRESCIMENTO, MUDAN\u00c7A ESTRUTURAL E PROGRESSO TECNOL\u00d3GICO. 2016. Inicia\u00e7\u00e3o Cient\u00edfica. (Graduando em Rela\u00e7\u00f5es Econ\u00f4micas Internacionais) &#8211;\u00a0Universidade Federal de Minas Gerais, Funda\u00e7\u00e3o de Amparo \u00e0 Pesquisa do Estado de Minas Gerais.<\/p>\n<p>Clara Silva Coelho. Celso Furtado e a hist\u00f3ria das ideias econ\u00f4micas. 2015. Inicia\u00e7\u00e3o Cient\u00edfica. (Graduando em Ci\u00eancias Econ\u00f4micas) &#8211; Universidade Federal de Minas Gerais, Funda\u00e7\u00e3o de\u00a0Amparo \u00e0 Pesquisa do Estado de Minas Gerais.<\/p>\n<p>Monise Estorani Faria. Celso Furtado e a hist\u00f3ria das ideias econ\u00f4micas: a import\u00e2ncia dos debates em Cambridge para a formula\u00e7\u00e3o da teoria do (sub)desenvolvimento. 2015. Inicia\u00e7\u00e3o\u00a0Cient\u00edfica. (Graduando em Ci\u00eancias Econ\u00f4micas) &#8211; Universidade Federal de Minas Gerais, Funda\u00e7\u00e3o de Amparo \u00e0 Pesquisa do Estado de Minas Gerais<\/p>\n<p>Andre Landi Franco da Silva. Mercado Interno e Mudan\u00e7a Estrutural. 2015. Inicia\u00e7\u00e3o Cient\u00edfica. (Graduando em Ci\u00eancias Econ\u00f4micas) &#8211; Universidade Federal de Minas Gerais, Coordena\u00e7\u00e3o\u00a0de Aperfei\u00e7oamento de Pessoal de N\u00edvel Superior.<\/p>\n<p>Julia Dias. Redes Globais de Inova\u00e7\u00e3o. 2014. Inicia\u00e7\u00e3o Cient\u00edfica. (Graduando em Ci\u00eancias Econ\u00f4micas) &#8211; Universidade Federal de Minas Gerais, Coordena\u00e7\u00e3o de Aperfei\u00e7oamento de\u00a0Pessoal de N\u00edvel Superior.<\/p>\n<p>Bernardo Rezende de Oliveira Silva. Furtado, Perroux e o ?novo desenvolvimento?. 2014. Inicia\u00e7\u00e3o Cient\u00edfica. (Graduando em Ci\u00eancias Econ\u00f4micas) &#8211; Universidade Federal de Minas Gerais,\u00a0Funda\u00e7\u00e3o de Amparo \u00e0 Pesquisa do Estado de Minas Gerais.<\/p>\n<p>Bernardo Rezende de Oliveira Silva. Furtado, Perroux e o novo desenvolvimento. 2013. Inicia\u00e7\u00e3o Cient\u00edfica. (Graduando em Ci\u00eancias Econ\u00f4micas) &#8211; Universidade Federal de Minas Gerais,\u00a0Funda\u00e7\u00e3o de Amparo \u00e0 Pesquisa do Estado de Minas Gerais.<\/p>\n<p>Patricia Vargas dos Santos Corr\u00eaa de Oliveira. Redes Globais de Inova\u00e7\u00e3o: uma an\u00e1lise comparada do setor automotivo de Minas Gerais com pa\u00edses selecionados. 2012. Inicia\u00e7\u00e3o\u00a0Cient\u00edfica. (Graduando em Economia) &#8211; Faculdade de Ci\u00eancias Econ\u00f4micas.<\/p>\n<p>Mai\u00fara Ara\u00fajo Castro. Diversifica\u00e7\u00e3o e Consolida\u00e7\u00e3o dos Grupos Econ\u00f4micos Privados Nacionais: Estrutura Corporativa, Inova\u00e7\u00e3o Tecnol\u00f3gica e Pol\u00edticas de Indu\u00e7\u00e3o. 2011. Inicia\u00e7\u00e3o\u00a0Cient\u00edfica. (Graduando em Economia) &#8211; Faculdade de Ci\u00eancias Econ\u00f4micas.<\/p>\n<p>Daniel Fernando da Silva. Diversifica\u00e7\u00e3o e Consolida\u00e7\u00e3o dos Grupos Econ\u00f4micos Privados Nacionais: Estrutura Corporativa, Inova\u00e7\u00e3o Tecnol\u00f3gica e Pol\u00edticas de Indu\u00e7\u00e3o. 2011. Inicia\u00e7\u00e3o\u00a0Cient\u00edfica. (Graduando em Economia) &#8211; Faculdade de Ci\u00eancias Econ\u00f4micas.<\/p>\n<p>Bernardo Rezende de Oliveira Silva. Diversifica\u00e7\u00e3o e Consolida\u00e7\u00e3o dos Grupos Econ\u00f4micos Privados Nacionais: Estrutura Corporativa, Inova\u00e7\u00e3o Tecnol\u00f3gica e Pol\u00edticas de Indu\u00e7\u00e3o. 2011.\u00a0Inicia\u00e7\u00e3o Cient\u00edfica. (Graduando em Economia) &#8211; Faculdade de Ci\u00eancias Econ\u00f4micas.<\/p>\n<\/div>\n<div class=\"layout-cell layout-cell-1 text-align-right\">\n<hr \/>\n<p style=\"text-align: center\">Other academic profiles:<br \/>\n|<a href=\"http:\/\/lattes.cnpq.br\/5668137663316742\">Lattes<\/a>|<a href=\"https:\/\/scholar.google.com.br\/citations?user=smEbMV0AAAAJ&amp;hl=pt-BR\">Google Scholar<\/a> |<a href=\"https:\/\/ideas.repec.org\/f\/pbr276.html\">RePEc<\/a>\u00a0|<a href=\"https:\/\/www.researchgate.net\/profile\/Gustavo_Britto\">ResearchGate<\/a>\u00a0|<br \/>\n|\u00a0<a href=\"https:\/\/orcid.org\/0000-0002-5285-3684\">ORCID<\/a>\u00a0| <a href=\"https:\/\/publons.com\/researcher\/2242838\/gustavo-britto\/\">Publons-Web-of-Science<\/a>|<\/p>\n<\/div>\n","protected":false},"excerpt":{"rendered":"<p>|Google Scholar|RePEc\u00a0|ResearchGate|ORCID|Publons-Web-of-Science|Lattes| List of current and past supervisions at UFMG. PhD Dissertations (Current): Alexandre de Queiroz Stein Provisional title: Economic Complexity,\u00a0space, and develpment in Brazilian Cities: an urban land rent perspective PhD Dissertation &#8211; Cedeplar &#8211; UFMG Diogo Oliveira Santos Provisional title: Manufacturing Industry, Services and Financial Sector and employment in Brazil: a regional input-output &hellip; <a href=\"https:\/\/docentes.face.ufmg.br\/gustavo\/en\/orientacoes\/\" class=\"more-link\">Continuar lendo <span class=\"screen-reader-text\">Supervisions<\/span><\/a><\/p>\n","protected":false},"author":12,"featured_media":0,"parent":0,"menu_order":0,"comment_status":"closed","ping_status":"closed","template":"","meta":{"_crdt_document":"","_exactmetrics_skip_tracking":false,"_exactmetrics_sitenote_active":false,"_exactmetrics_sitenote_note":"","_exactmetrics_sitenote_category":0,"footnotes":""},"class_list":["post-35","page","type-page","status-publish","hentry"],"_links":{"self":[{"href":"https:\/\/docentes.face.ufmg.br\/gustavo\/wp-json\/wp\/v2\/pages\/35","targetHints":{"allow":["GET"]}}],"collection":[{"href":"https:\/\/docentes.face.ufmg.br\/gustavo\/wp-json\/wp\/v2\/pages"}],"about":[{"href":"https:\/\/docentes.face.ufmg.br\/gustavo\/wp-json\/wp\/v2\/types\/page"}],"author":[{"embeddable":true,"href":"https:\/\/docentes.face.ufmg.br\/gustavo\/wp-json\/wp\/v2\/users\/12"}],"replies":[{"embeddable":true,"href":"https:\/\/docentes.face.ufmg.br\/gustavo\/wp-json\/wp\/v2\/comments?post=35"}],"version-history":[{"count":75,"href":"https:\/\/docentes.face.ufmg.br\/gustavo\/wp-json\/wp\/v2\/pages\/35\/revisions"}],"predecessor-version":[{"id":787,"href":"https:\/\/docentes.face.ufmg.br\/gustavo\/wp-json\/wp\/v2\/pages\/35\/revisions\/787"}],"wp:attachment":[{"href":"https:\/\/docentes.face.ufmg.br\/gustavo\/wp-json\/wp\/v2\/media?parent=35"}],"curies":[{"name":"wp","href":"https:\/\/api.w.org\/{rel}","templated":true}]}}