{"id":326,"date":"2019-12-29T22:19:29","date_gmt":"2019-12-30T01:19:29","guid":{"rendered":"http:\/\/docentes.face.ufmg.br\/gustavo\/?page_id=326"},"modified":"2019-12-30T00:29:44","modified_gmt":"2019-12-30T03:29:44","slug":"contato","status":"publish","type":"page","link":"https:\/\/docentes.face.ufmg.br\/gustavo\/contato\/","title":{"rendered":"Contato"},"content":{"rendered":"<p>|<a href=\"http:\/\/lattes.cnpq.br\/5668137663316742\">Lattes<\/a>|<a href=\"https:\/\/scholar.google.com.br\/citations?user=smEbMV0AAAAJ&amp;hl=pt-BR\">Google Scholar<\/a>|<a href=\"https:\/\/ideas.repec.org\/f\/pbr276.html\">RePEc<\/a>|<a href=\"https:\/\/www.researchgate.net\/profile\/Gustavo_Britto\">ResearchGate<\/a>|<a href=\"https:\/\/orcid.org\/0000-0002-5285-3684\">ORCID<\/a>|<a href=\"https:\/\/publons.com\/researcher\/2242838\/gustavo-britto\/\">Publons-Web-of-Science<\/a>|<a href=\"http:\/\/somos.ufmg.br\/professor\/gustavo-de-britto-rocha\">Som\u2295s UFMG<\/a>|<\/p>\n<hr \/>\n<p><a href=\"https:\/\/cedeplar.ufmg.br\/contatos\/professores\/gustavo-britto\">Enviar e-mail<\/a><\/p>\n<hr \/>\n<p><strong>Endere\u00e7o profissional:<\/strong><br \/>\nUniversidade Federal de Minas Gerais<br \/>\nFaculdade de Ci\u00eancias Econ\u00f4micas<br \/>\nCentro de Desenvolvimento e Planejamento Regional<br \/>\nAvenida Presidente Ant\u00f4nio Carlos, 6627<br \/>\nCampus Pampulha &#8211; Belo Horizonte &#8211; MG<br \/>\nCEP: 31270-901<\/p>\n<hr \/>\n<p style=\"text-align: center\">\n","protected":false},"excerpt":{"rendered":"<p>|Lattes|Google Scholar|RePEc|ResearchGate|ORCID|Publons-Web-of-Science|Som\u2295s UFMG| Enviar e-mail Endere\u00e7o profissional: Universidade Federal de Minas Gerais Faculdade de Ci\u00eancias Econ\u00f4micas Centro de Desenvolvimento e Planejamento Regional Avenida Presidente Ant\u00f4nio Carlos, 6627 Campus Pampulha &#8211; Belo Horizonte &#8211; MG CEP: 31270-901<\/p>\n","protected":false},"author":12,"featured_media":0,"parent":0,"menu_order":6,"comment_status":"closed","ping_status":"closed","template":"","meta":{"_crdt_document":"","_exactmetrics_skip_tracking":false,"_exactmetrics_sitenote_active":false,"_exactmetrics_sitenote_note":"","_exactmetrics_sitenote_category":0,"footnotes":""},"class_list":["post-326","page","type-page","status-publish","hentry"],"_links":{"self":[{"href":"https:\/\/docentes.face.ufmg.br\/gustavo\/wp-json\/wp\/v2\/pages\/326","targetHints":{"allow":["GET"]}}],"collection":[{"href":"https:\/\/docentes.face.ufmg.br\/gustavo\/wp-json\/wp\/v2\/pages"}],"about":[{"href":"https:\/\/docentes.face.ufmg.br\/gustavo\/wp-json\/wp\/v2\/types\/page"}],"author":[{"embeddable":true,"href":"https:\/\/docentes.face.ufmg.br\/gustavo\/wp-json\/wp\/v2\/users\/12"}],"replies":[{"embeddable":true,"href":"https:\/\/docentes.face.ufmg.br\/gustavo\/wp-json\/wp\/v2\/comments?post=326"}],"version-history":[{"count":3,"href":"https:\/\/docentes.face.ufmg.br\/gustavo\/wp-json\/wp\/v2\/pages\/326\/revisions"}],"predecessor-version":[{"id":377,"href":"https:\/\/docentes.face.ufmg.br\/gustavo\/wp-json\/wp\/v2\/pages\/326\/revisions\/377"}],"wp:attachment":[{"href":"https:\/\/docentes.face.ufmg.br\/gustavo\/wp-json\/wp\/v2\/media?parent=326"}],"curies":[{"name":"wp","href":"https:\/\/api.w.org\/{rel}","templated":true}]}}