{"id":266,"date":"2019-11-13T11:03:43","date_gmt":"2019-11-13T13:03:43","guid":{"rendered":"http:\/\/docentes.face.ufmg.br\/gustavo\/?page_id=266"},"modified":"2025-09-30T15:26:57","modified_gmt":"2025-09-30T18:26:57","slug":"orientacoes-2","status":"publish","type":"page","link":"https:\/\/docentes.face.ufmg.br\/gustavo\/orientacoes-2\/","title":{"rendered":"Orienta\u00e7\u00f5es"},"content":{"rendered":"<p>|<a href=\"http:\/\/lattes.cnpq.br\/5668137663316742\">Lattes<\/a>|<a href=\"https:\/\/scholar.google.com\/citations?hl=en&amp;user=smEbMV0AAAAJ\">Google Scholar<\/a>|<a href=\"https:\/\/ideas.repec.org\/f\/pbr276.html\">RePEc<\/a>|<a href=\"https:\/\/www.researchgate.net\/profile\/Gustavo_Britto\">ResearchGate<\/a>|<a href=\"https:\/\/orcid.org\/0000-0002-5285-3684\">ORCID<\/a>|<a href=\"https:\/\/publons.com\/researcher\/2242838\/gustavo-britto\/\">Publons-Web-of-Science<\/a>|<a href=\"http:\/\/somos.ufmg.br\/professor\/gustavo-de-britto-rocha\">Som\u2295s UFMG<\/a>|<\/p>\n<hr \/>\n<p>Al\u00e9m das horas did\u00e1ticas em sala de aula, parte muito importante das atividades dos professores em regime de dedica\u00e7\u00e3o exclusiva na UFMG \u00e9 destinada \u00e0s atividades de orienta\u00e7\u00e3o de alunos e alunas de gradua\u00e7\u00e3o (Inicia\u00e7\u00e3o Cient\u00edfica, Programa de Educa\u00e7\u00e3o Tutorial, monografias de conclus\u00e3o de curso) e de p\u00f3s-gradua\u00e7\u00e3o (Disserta\u00e7\u00f5es de Mestrado e Teses de Doutorado). Essas atividades did\u00e1ticas (aulas e orienta\u00e7\u00f5es) se somam, por sua vez, \u00e0s atividades de pesquisa e extens\u00e3o (<a href=\"https:\/\/docentes.face.ufmg.br\/gustavo\/artigos\/\">e posterior publica\u00e7\u00e3o<\/a>), al\u00e9m das atividades de <a href=\"https:\/\/docentes.face.ufmg.br\/gustavo\/gestao-universitaria-2\/\">gest\u00e3o universit\u00e1ria<\/a>.<\/p>\n<hr \/>\n<p><strong>Teses de doutorado<\/strong><\/p>\n<p><em><strong>Em andamento:<\/strong><\/em><\/p>\n<ul>\n<li>Alexandre de Queiroz Stein<br \/>\n<em>T\u00edtulo: Complexidade econ\u00f4mica, espa\u00e7o e desenvolvimento nas cidades brasileiras: uma an\u00e1lise sob a \u00f3tica da renda fundi\u00e1ria urbana<\/em><br \/>\nIn\u00edcio: 2020<br \/>\nCedeplar &#8211; UFMG<br \/>\n[Orientador]<\/li>\n<li>\n<hr \/>\n<p>Diogo Oliveira Santos<br \/>\n<em>T\u00edtulo: Intera\u00e7\u00f5es Financeiro-Produtivas No Brasil: teoria, ra\u00edzes hist\u00f3ricas e impactos sobre o financiamento do desenvolvimento<\/em><br \/>\nIn\u00edcio: 2020<br \/>\nCedeplar &#8211; UFMG<br \/>\n[Orientador]<\/li>\n<li>\n<hr \/>\n<\/li>\n<li>Jos\u00e9 Bergamin Rodrigues<br \/>\n<em>T\u00edtulo: Uma caracteriza\u00e7\u00e3o sobre a influ\u00eancia da estrutura produtiva das grandes cidades sobre os padr\u00f5es espaciais de produ\u00e7\u00e3o e consumo de alimentos entre o meio urbano e n\u00e3o urbano no Brasil<\/em><br \/>\nIn\u00edcio: 2025.<br \/>\nCedeplar &#8211; UFMG<br \/>\n[Orientador]<\/li>\n<li>\n<hr \/>\n<\/li>\n<li>Lorenzo Corr\u00eaa Barichello<br \/>\n<em>T\u00edtulo: <\/em>Enfrentando Armadilhas de Complexidade: sele\u00e7\u00e3o de atividades promissoras sob restri\u00e7\u00f5es estruturais nas regi\u00f5es imediatas brasileiras<br \/>\nIn\u00edcio: 2025<br \/>\nCedeplar &#8211; UFMG<br \/>\n[Orientador]<\/li>\n<\/ul>\n<hr \/>\n<p><em><strong>Conclu\u00eddas:<\/strong><\/em><\/p>\n<div class=\"layout-cell layout-cell-11\">\n<ul>\n<li>(2024) Jordana Ferreira da Silva<br \/>\nT\u00edtulo: <a href=\"http:\/\/hdl.handle.net\/1843\/74289\">Resili\u00eancia e Complexidade Econ\u00f4mica: uma nova abordagem para o desenvolvimento sustent\u00e1vel<\/a><br \/>\nCedeplar &#8211; UFMG<br \/>\n[Orientador]<\/li>\n<li>\n<hr \/>\n<p>(2019) Elton Eduardo Freitas<br \/>\nT\u00edtulo:<a href=\"http:\/\/hdl.handle.net\/1843\/37951\"><em> Ind\u00fastrias relacionadas, complexidade econ\u00f4mica e diversifica\u00e7\u00e3o regional: uma aplica\u00e7\u00e3o para microrregi\u00f5es brasileiras<\/em><\/a><br \/>\nCedeplar &#8211; UFMG<br \/>\n[Orientador]<\/p>\n<hr \/>\n<\/li>\n<li class=\"layout-cell-pad-5\">(2019) Douglas Alcantara Alencar<br \/>\nT\u00edtulo:\u00a0<a href=\"http:\/\/hdl.handle.net\/1843\/32085\"><em>Essays on Aggregate Demand, Productivity, and Exchange Rate<\/em><\/a><br \/>\nCedeplar &#8211; UFMG<br \/>\n[Coorientador]<\/p>\n<hr \/>\n<\/li>\n<li class=\"layout-cell-pad-5\">(2017) Philipe Scherrer Mendes<br \/>\nT\u00edtulo: <a href=\"http:\/\/hdl.handle.net\/1843\/31945\"><em>Esfor\u00e7o Inovativo e Produtividade Industrial: Determinantes Internos e Externos a Firma<\/em><\/a><br \/>\nCedeplar &#8211; UFMG<br \/>\n[Orientador]<\/p>\n<hr \/>\n<\/li>\n<li class=\"layout-cell-pad-5\">(2017) Daniel Paulino Teixeira Lopes<em><br \/>\n<\/em>T\u00edtulo: <em>Inova\u00e7\u00e3o Gerencial na Perspectiva da Gest\u00e3o de Recursos Humanos<\/em><br \/>\nCEPEAD-UFMG<br \/>\n[Coorientador]<\/p>\n<hr \/>\n<\/li>\n<li class=\"layout-cell-pad-5\">(2016) &#8211; Rosa Livia Gon\u00e7alves Montenegro<br \/>\nT\u00edtulo: <a href=\"http:\/\/hdl.handle.net\/1843\/BUBD-AEHP5R\"><em> Inova\u00e7\u00f5es ambientais e sistemas nacionais de inova\u00e7\u00e3o: caracteriza\u00e7\u00f5es para o per\u00edodo 1990-2010<\/em><\/a><br \/>\nCedeplar &#8211; UFMG<br \/>\n[Orientador]<\/p>\n<hr \/>\n<\/li>\n<li class=\"layout-cell-pad-5\">(2016) &#8211; D\u00e9bora Freire Cardoso<br \/>\nT\u00edtulo: <a href=\"https:\/\/repositorio.ufmg.br\/handle\/1843\/FACE-ADBJPP\"><em>Capital e Trabalho no Brasil no S\u00e9culo CXXI: O Impacto de Pol\u00edticas de Transfer\u00eancia e de Tributa\u00e7\u00e3o sobre Desigualdade, Consumo e Estrutura Produtiva<\/em><\/a><br \/>\nCedeplar &#8211; UFMG<br \/>\n[Coorientador]<\/p>\n<hr \/>\n<\/li>\n<li class=\"layout-cell-pad-5\">(2014) Leandro Alves Silva<br \/>\nT\u00edtulo: <a href=\"http:\/\/hdl.handle.net\/1843\/BUBD-A2UGTF\"><em>Tens\u00f5es e Conex\u00f5es: um estudo sobre multinacionais e sistemas nacionais de inova\u00e7\u00e3o<\/em><\/a><br \/>\nTese\u00a0&#8211; Cedeplar &#8211; UFMG<br \/>\n[Coorientador]<\/p>\n<hr \/>\n<\/li>\n<li class=\"layout-cell-pad-5\">(2013) Renato Silv\u00e9rio Campos<br \/>\nT\u00edtulo: <a href=\"http:\/\/hdl.handle.net\/1843\/AMSA-9FRLP4\"><em>C\u00e2mbio real e modelos de crescimento com restri\u00e7\u00e3o no balan\u00e7o de pagamentos<\/em><\/a><br \/>\nTese\u00a0&#8211; Cedeplar &#8211; UFMG<br \/>\n[Coorientador]<\/li>\n<\/ul>\n<hr \/>\n<\/div>\n<p><strong>Disserta\u00e7\u00f5es de Mestrado<\/strong><\/p>\n<ul>\n<li>Mateus Oliveira Bernardes<br \/>\n<em>T\u00edtulo: Produtividade, Inova\u00e7\u00e3o e Meio Ambiente: Uma Abordagem Alternativa para Modelos de Crescimento Cumulativo<\/em><br \/>\nIn\u00edcio: 2024<br \/>\nDisserta\u00e7\u00e3o &#8211; Cedeplar &#8211; UFMG<br \/>\n[Orientador]<\/li>\n<\/ul>\n<p><em><strong>Conclu\u00eddas:<\/strong><\/em><\/p>\n<div class=\"layout-cell layout-cell-1 text-align-right\">\n<ul>\n<li>(2023) <a href=\"http:\/\/hdl.handle.net\/1843\/51018\">Calebe Cardia Piacentini<\/a><br \/>\n<em>T\u00edtulo: <a href=\"https:\/\/hdl.handle.net\/1843\/51018\">La\u00e7os internacionais complementares e diversifica\u00e7\u00e3o tecnol\u00f3gica dos pa\u00edses: uma an\u00e1lise com dados de patente para os escrit\u00f3rios do USPTO e EPO<\/a><\/em><br \/>\nDisserta\u00e7\u00e3o &#8211; Cedeplar &#8211; UFMG<br \/>\n[Orientador]<\/li>\n<li>\n<hr \/>\n<p>(2019) Alexandre de Queiroz Stein<br \/>\n<em>T\u00edtulo: <a href=\"http:\/\/hdl.handle.net\/1843\/36234\">Heterogeneidade Estrutural e Complexidade Econ\u00f4mica na Agropecu\u00e1ria Brasileira<\/a><\/em><br \/>\nDisserta\u00e7\u00e3o &#8211; Cedeplar &#8211; UFMG<br \/>\n[Orientador]<\/li>\n<\/ul>\n<hr \/>\n<ul>\n<li>(2019) &#8211; Diogo Oliveira Santos<br \/>\nT\u00edtulo: <a href=\"https:\/\/repositorio.ufmg.br\/handle\/1843\/30855\"><em>A Trajet\u00f3ria dos Mark-Ups Setoriais Dom\u00e9sticos e seus Determinantes Principais entre 2000 e 2013:\u00a0um estudo sobre as origens da crise econ\u00f4mica brasileira<\/em><\/a><br \/>\nDisserta\u00e7\u00e3o &#8211; Cedeplar &#8211; UFMG<br \/>\n[Orientador]<\/p>\n<hr \/>\n<\/li>\n<li class=\"layout-cell-pad-5 text-align-right\">(2019) Guilherme Sganserla Torres<br \/>\n<em>T\u00edtulo: <a href=\"http:\/\/hdl.handle.net\/1843\/32851\">Complexidade Econ\u00f4mica: Uma Proposta Metodol\u00f3gica para Identifica\u00e7\u00e3o de Produtos Estrat\u00e9gicos<\/a><\/em><br \/>\nDisserta\u00e7\u00e3o &#8211; Cedeplar &#8211; UFMG<br \/>\n[Orientador]<\/li>\n<\/ul>\n<hr \/>\n<ul>\n<li>(2018) &#8211; Camila Maria de Andrade Tolentino<br \/>\n<em>T\u00edtulo: <a href=\"http:\/\/hdl.handle.net\/1843\/32118\">Technological capabilities and structural change: an analysis based on economic complexity<\/a><\/em><br \/>\nDisserta\u00e7\u00e3o &#8211; Cedeplar &#8211; UFMG<br \/>\n[Coorientador]<\/p>\n<hr \/>\n<\/li>\n<li>(2013) &#8211; Carla Poliana Santos<br \/>\n<em>T\u00edtulo: <\/em><a href=\"http:\/\/hdl.handle.net\/1843\/AMSA-9D8PPU\"><em>A import\u00e2ncia dos mercados interno e externo para a mudan\u00e7a estrutural<\/em><\/a><br \/>\nDisserta\u00e7\u00e3o &#8211; Cedeplar &#8211; UFMG<br \/>\n[Orientador]<\/p>\n<hr \/>\n<\/li>\n<li>(2011) &#8211; Jo\u00e3o Prates Romero<br \/>\n<em>T\u00edtulo: <a href=\"http:\/\/hdl.handle.net\/1843\/AMSA-8HVKUQ\">Desenvolvimento Econ\u00f4mico e Mudan\u00e7a Estrutural: teoria e evid\u00eancia a partir de um enfoque multi-setorial<\/a><\/em><br \/>\nDisserta\u00e7\u00e3o &#8211; Cedeplar &#8211; UFMG<br \/>\n[Orientador]<\/p>\n<hr \/>\n<\/li>\n<li>(2011) &#8211; Fabr\u00edcio Silveira<br \/>\nT\u00edtulo: <a href=\"http:\/\/hdl.handle.net\/1843\/AMSA-94QFZE\"><em>Taxa de C\u00e2mbio e mudan\u00e7a estrutural: teoria e evid\u00eancia<\/em><\/a><br \/>\nDisserta\u00e7\u00e3o &#8211; Cedeplar &#8211; UFMG<br \/>\n[Coorientador]<\/p>\n<hr \/>\n<\/li>\n<li>(2011) &#8211; Jorge Lu\u00eds Teixeira \u00c1vila<br \/>\nT\u00edtulo: <a href=\"http:\/\/hdl.handle.net\/1843\/AMSA-9ACR4B\"><em> Distribui\u00e7\u00e3o de Renda, Subdesenvolvimento e a Rela\u00e7\u00e3o Centro-Periferia<\/em><\/a><br \/>\nDisserta\u00e7\u00e3o &#8211; Cedeplar &#8211; UFMG<br \/>\n[Orientador]<\/li>\n<\/ul>\n<hr \/>\n<p><strong>Inicia\u00e7\u00e3o Cient\u00edfica<\/strong><\/p>\n<p><strong><em>Em andamento:<\/em><\/strong><\/p>\n<\/div>\n<p>Maria Eduarda Guimar\u00e3es e Sousa. Mudan\u00e7a estrutural, complexidade e desenvolvimento econ\u00f4mico. In\u00edcio: 2022. Inicia\u00e7\u00e3o cient\u00edfica (Graduando em Ci\u00eancias Econ\u00f4micas) &#8211; Universidade Federal de Minas Gerais, Conselho Nacional de Desenvolvimento Cient\u00edfico e Tecnol\u00f3gico. (Orientador).<\/p>\n<p><em><strong>Conclu\u00eddas:<\/strong><\/em><\/p>\n<div class=\"layout-cell layout-cell-1 text-align-right\">\n<p>Guilherme Goncalves Dias. Mudan\u00e7a estrutural, complexidade produtiva e desenvolvimento econ\u00f4mico. 2022. Inicia\u00e7\u00e3o Cient\u00edfica. (Graduando em Ci\u00eancias Econ\u00f4micas) &#8211; Universidade Federal de Minas Gerais, Conselho Nacional de Desenvolvimento Cient\u00edfico e Tecnol\u00f3gico. (Orientador).<\/p>\n<p>Nayara Felix Moura Macedo. Mudan\u00e7a estrutural, complexidade produtiva e desenvolvimento econ\u00f4mico. 2021. Inicia\u00e7\u00e3o cient\u00edfica (Graduando em Ci\u00eancias Econ\u00f4micas) &#8211; Universidade Federal de Minas Gerais, Conselho Nacional de Desenvolvimento Cient\u00edfico e Tecnol\u00f3gico. (Orientador).<\/p>\n<p>Maira Oliveira Miranda. Mudan\u00e7a estrutural, complexidade produtiva e desenvolvimento econ\u00f4mico. 2020. Inicia\u00e7\u00e3o cient\u00edfica (Graduando em Ci\u00eancias Econ\u00f4micas) &#8211; Universidade Federal de Minas Gerais, Conselho Nacional de Desenvolvimento Cient\u00edfico e Tecnol\u00f3gico. (Orientador).<\/p>\n<p>Eduarda Moura Pereira. Crescimento, Mudan\u00e7a Estrutural e Progresso Tecnol\u00f3gico. 2018. Inicia\u00e7\u00e3o Cient\u00edfica. (Graduando em Ci\u00eancias Econ\u00f4micas) &#8211; Universidade Federal de Minas Gerais,\u00a0Funda\u00e7\u00e3o de Amparo \u00e0 Pesquisa do Estado de Minas Gerais.<\/p>\n<p>Larissa de Freitas Campos. Mudan\u00e7a estrutural, progresso tecnol\u00f3gico e desenvolvimento econ\u00f4mico. 2018. Inicia\u00e7\u00e3o Cient\u00edfica. (Graduando em Ci\u00eancias Econ\u00f4micas) &#8211; Universidade\u00a0Federal de Minas Gerais, Funda\u00e7\u00e3o de Amparo \u00e0 Pesquisa do Estado de Minas Gerais.<\/p>\n<p>Matheus Oliveira Azzi. CRESCIMENTO, MUDAN\u00c7A ESTRUTURAL E PROGRESSO TECNOL\u00d3GICO. 2016. Inicia\u00e7\u00e3o Cient\u00edfica. (Graduando em Rela\u00e7\u00f5es Econ\u00f4micas Internacionais) &#8211;\u00a0Universidade Federal de Minas Gerais, Funda\u00e7\u00e3o de Amparo \u00e0 Pesquisa do Estado de Minas Gerais.<\/p>\n<p>Clara Silva Coelho. Celso Furtado e a hist\u00f3ria das ideias econ\u00f4micas. 2015. Inicia\u00e7\u00e3o Cient\u00edfica. (Graduando em Ci\u00eancias Econ\u00f4micas) &#8211; Universidade Federal de Minas Gerais, Funda\u00e7\u00e3o de\u00a0Amparo \u00e0 Pesquisa do Estado de Minas Gerais.<\/p>\n<p>Monise Estorani Faria. Celso Furtado e a hist\u00f3ria das ideias econ\u00f4micas: a import\u00e2ncia dos debates em Cambridge para a formula\u00e7\u00e3o da teoria do (sub)desenvolvimento. 2015. Inicia\u00e7\u00e3o\u00a0Cient\u00edfica. (Graduando em Ci\u00eancias Econ\u00f4micas) &#8211; Universidade Federal de Minas Gerais, Funda\u00e7\u00e3o de Amparo \u00e0 Pesquisa do Estado de Minas Gerais<\/p>\n<p>Andre Landi Franco da Silva. Mercado Interno e Mudan\u00e7a Estrutural. 2015. Inicia\u00e7\u00e3o Cient\u00edfica. (Graduando em Ci\u00eancias Econ\u00f4micas) &#8211; Universidade Federal de Minas Gerais, Coordena\u00e7\u00e3o\u00a0de Aperfei\u00e7oamento de Pessoal de N\u00edvel Superior.<\/p>\n<p>Julia Dias. Redes Globais de Inova\u00e7\u00e3o. 2014. Inicia\u00e7\u00e3o Cient\u00edfica. (Graduando em Ci\u00eancias Econ\u00f4micas) &#8211; Universidade Federal de Minas Gerais, Coordena\u00e7\u00e3o de Aperfei\u00e7oamento de\u00a0Pessoal de N\u00edvel Superior.<\/p>\n<p>Bernardo Rezende de Oliveira Silva. Furtado, Perroux e o ?novo desenvolvimento?. 2014. Inicia\u00e7\u00e3o Cient\u00edfica. (Graduando em Ci\u00eancias Econ\u00f4micas) &#8211; Universidade Federal de Minas Gerais,\u00a0Funda\u00e7\u00e3o de Amparo \u00e0 Pesquisa do Estado de Minas Gerais.<\/p>\n<p>Bernardo Rezende de Oliveira Silva. Furtado, Perroux e o novo desenvolvimento. 2013. Inicia\u00e7\u00e3o Cient\u00edfica. (Graduando em Ci\u00eancias Econ\u00f4micas) &#8211; Universidade Federal de Minas Gerais,\u00a0Funda\u00e7\u00e3o de Amparo \u00e0 Pesquisa do Estado de Minas Gerais.<\/p>\n<p>Patricia Vargas dos Santos Corr\u00eaa de Oliveira. Redes Globais de Inova\u00e7\u00e3o: uma an\u00e1lise comparada do setor automotivo de Minas Gerais com pa\u00edses selecionados. 2012. Inicia\u00e7\u00e3o\u00a0Cient\u00edfica. (Graduando em Economia) &#8211; Faculdade de Ci\u00eancias Econ\u00f4micas.<\/p>\n<p>Mai\u00fara Ara\u00fajo Castro. Diversifica\u00e7\u00e3o e Consolida\u00e7\u00e3o dos Grupos Econ\u00f4micos Privados Nacionais: Estrutura Corporativa, Inova\u00e7\u00e3o Tecnol\u00f3gica e Pol\u00edticas de Indu\u00e7\u00e3o. 2011. Inicia\u00e7\u00e3o\u00a0Cient\u00edfica. (Graduando em Economia) &#8211; Faculdade de Ci\u00eancias Econ\u00f4micas.<\/p>\n<p>Daniel Fernando da Silva. Diversifica\u00e7\u00e3o e Consolida\u00e7\u00e3o dos Grupos Econ\u00f4micos Privados Nacionais: Estrutura Corporativa, Inova\u00e7\u00e3o Tecnol\u00f3gica e Pol\u00edticas de Indu\u00e7\u00e3o. 2011. Inicia\u00e7\u00e3o\u00a0Cient\u00edfica. (Graduando em Economia) &#8211; Faculdade de Ci\u00eancias Econ\u00f4micas.<\/p>\n<p>Bernardo Rezende de Oliveira Silva. Diversifica\u00e7\u00e3o e Consolida\u00e7\u00e3o dos Grupos Econ\u00f4micos Privados Nacionais: Estrutura Corporativa, Inova\u00e7\u00e3o Tecnol\u00f3gica e Pol\u00edticas de Indu\u00e7\u00e3o. 2011.\u00a0Inicia\u00e7\u00e3o Cient\u00edfica. (Graduando em Economia) &#8211; Faculdade de Ci\u00eancias Econ\u00f4micas.<\/p>\n<\/div>\n<div class=\"layout-cell layout-cell-1 text-align-right\">\n<hr \/>\n<p style=\"text-align: center\">Outros\u00a0perfis acad\u00eamicos:<br \/>\n|<a href=\"http:\/\/lattes.cnpq.br\/5668137663316742\">Lattes<\/a>|<a href=\"https:\/\/scholar.google.com\/citations?hl=en&amp;user=smEbMV0AAAAJ\">Google Scholar<\/a> |<a href=\"https:\/\/ideas.repec.org\/f\/pbr276.html\">RePEc<\/a>\u00a0|<a href=\"https:\/\/www.researchgate.net\/profile\/Gustavo_Britto\">ResearchGate<\/a>\u00a0|\u00a0<a href=\"https:\/\/orcid.org\/0000-0002-5285-3684\">ORCID<\/a>\u00a0| <a href=\"https:\/\/publons.com\/researcher\/2242838\/gustavo-britto\/\">Publons-Web-of-Science<\/a>|<\/p>\n<\/div>\n","protected":false},"excerpt":{"rendered":"<p>|Lattes|Google Scholar|RePEc|ResearchGate|ORCID|Publons-Web-of-Science|Som\u2295s UFMG| Al\u00e9m das horas did\u00e1ticas em sala de aula, parte muito importante das atividades dos professores em regime de dedica\u00e7\u00e3o exclusiva na UFMG \u00e9 destinada \u00e0s atividades de orienta\u00e7\u00e3o de alunos e alunas de gradua\u00e7\u00e3o (Inicia\u00e7\u00e3o Cient\u00edfica, Programa de Educa\u00e7\u00e3o Tutorial, monografias de conclus\u00e3o de curso) e de p\u00f3s-gradua\u00e7\u00e3o (Disserta\u00e7\u00f5es de Mestrado e &hellip; <a href=\"https:\/\/docentes.face.ufmg.br\/gustavo\/orientacoes-2\/\" class=\"more-link\">Continuar lendo <span class=\"screen-reader-text\">Orienta\u00e7\u00f5es<\/span><\/a><\/p>\n","protected":false},"author":12,"featured_media":0,"parent":0,"menu_order":0,"comment_status":"closed","ping_status":"closed","template":"","meta":{"_crdt_document":"","_exactmetrics_skip_tracking":false,"_exactmetrics_sitenote_active":false,"_exactmetrics_sitenote_note":"","_exactmetrics_sitenote_category":0,"footnotes":""},"class_list":["post-266","page","type-page","status-publish","hentry"],"_links":{"self":[{"href":"https:\/\/docentes.face.ufmg.br\/gustavo\/wp-json\/wp\/v2\/pages\/266","targetHints":{"allow":["GET"]}}],"collection":[{"href":"https:\/\/docentes.face.ufmg.br\/gustavo\/wp-json\/wp\/v2\/pages"}],"about":[{"href":"https:\/\/docentes.face.ufmg.br\/gustavo\/wp-json\/wp\/v2\/types\/page"}],"author":[{"embeddable":true,"href":"https:\/\/docentes.face.ufmg.br\/gustavo\/wp-json\/wp\/v2\/users\/12"}],"replies":[{"embeddable":true,"href":"https:\/\/docentes.face.ufmg.br\/gustavo\/wp-json\/wp\/v2\/comments?post=266"}],"version-history":[{"count":29,"href":"https:\/\/docentes.face.ufmg.br\/gustavo\/wp-json\/wp\/v2\/pages\/266\/revisions"}],"predecessor-version":[{"id":816,"href":"https:\/\/docentes.face.ufmg.br\/gustavo\/wp-json\/wp\/v2\/pages\/266\/revisions\/816"}],"wp:attachment":[{"href":"https:\/\/docentes.face.ufmg.br\/gustavo\/wp-json\/wp\/v2\/media?parent=266"}],"curies":[{"name":"wp","href":"https:\/\/api.w.org\/{rel}","templated":true}]}}