{"id":264,"date":"2019-11-13T11:02:05","date_gmt":"2019-11-13T13:02:05","guid":{"rendered":"http:\/\/docentes.face.ufmg.br\/gustavo\/?page_id=264"},"modified":"2025-12-22T17:21:04","modified_gmt":"2025-12-22T20:21:04","slug":"gestao-universitaria-2","status":"publish","type":"page","link":"https:\/\/docentes.face.ufmg.br\/gustavo\/gestao-universitaria-2\/","title":{"rendered":"Gest\u00e3o Universit\u00e1ria"},"content":{"rendered":"<p>|<a href=\"http:\/\/lattes.cnpq.br\/5668137663316742\">Lattes<\/a>|<a href=\"https:\/\/scholar.google.com.br\/citations?user=smEbMV0AAAAJ&amp;hl=pt-BR\">Google Scholar<\/a>|<a href=\"https:\/\/ideas.repec.org\/f\/pbr276.html\">RePEc<\/a>|<a href=\"https:\/\/www.researchgate.net\/profile\/Gustavo_Britto\">ResearchGate<\/a>|<a href=\"https:\/\/orcid.org\/0000-0002-5285-3684\">ORCID<\/a>|<a href=\"https:\/\/publons.com\/researcher\/2242838\/gustavo-britto\/\">Publons-Web-of-Science<\/a>|<a href=\"http:\/\/somos.ufmg.br\/professor\/gustavo-de-britto-rocha\">Som\u2295s UFMG<\/a>|<\/p>\n<hr \/>\n<p>As atividades de professores em regime de dedica\u00e7\u00e3o exclusiva na UFMG incluem, al\u00e9m de ensino, pesquisa e extens\u00e3o, atividades administrativas significativas.<\/p>\n<p>Abaixo encontra-se a lista com as principais atividades de gest\u00e3o universit\u00e1ria realizadas na UFMG desde 2009.<\/p>\n<hr \/>\n<p><strong>2025<\/strong><\/p>\n<p>Coordenador do Programa de P\u00f3s-Gradua\u00e7\u00e3o em Economia (de dez\/2025)<\/p>\n<p>Vice-coordenador do Programa de P\u00f3s-Gradua\u00e7\u00e3o em Economia (de ago\/2024)<\/p>\n<p>Membro do Colegiado da P\u00f3s-Gradua\u00e7\u00e3o em Economia (de ago\/2024)<\/p>\n<p><strong>2025<\/strong><\/p>\n<p>Vice-coordenador do Programa de P\u00f3s-Gradua\u00e7\u00e3o em Economia (de ago\/2024 a dez\/2025)<\/p>\n<p>Membro do Colegiado da P\u00f3s-Gradua\u00e7\u00e3o em Economia (de ago\/2024)<\/p>\n<p><strong>2023<\/strong><\/p>\n<p>Vice-Diretor do <a href=\"https:\/\/cedeplar.ufmg.br\">Cedeplar-UFMG <\/a>(at\u00e9 jun\/2023)<\/p>\n<p>Editor da <a href=\"https:\/\/revistas.face.ufmg.br\/index.php\/novaeconomia\">Revista Nova Economia <\/a>(at\u00e9 jun\/2023)<\/p>\n<p>Membro do Colegiado da P\u00f3s-Gradua\u00e7\u00e3o em Economia (at\u00e9 jun\/2023)<\/p>\n<p>Representante Titular dos Professores Associados na Egr\u00e9gia Congrega\u00e7\u00e3o da Faculdade de Ci\u00eancias Econ\u00f4micas (at\u00e9 jun\/2023)<\/p>\n<p>Representante Titular dos Professores Associados na C\u00e2mara Departamental (Ci\u00eancias Econ\u00f4micas) (at\u00e9 jun\/2023)<\/p>\n<p><strong>2022<\/strong><\/p>\n<p>Vice-Diretor do <a href=\"https:\/\/cedeplar.ufmg.br\">Cedeplar-UFMG<\/a><\/p>\n<p>Editor da <a href=\"https:\/\/revistas.face.ufmg.br\/index.php\/novaeconomia\">Revista Nova Economia<\/a><\/p>\n<p>Membro do Colegiado da P\u00f3s-Gradua\u00e7\u00e3o em Economia<\/p>\n<p>Representante Titular dos Professores Associados na Egr\u00e9gia Congrega\u00e7\u00e3o da Faculdade de Ci\u00eancias Econ\u00f4micas<\/p>\n<p>Representante Titular dos Professores Associados na C\u00e2mara Departamental (Ci\u00eancias Econ\u00f4micas)<\/p>\n<p>Membro do N\u00facleo Docente Estruturante do Curso de Gradua\u00e7\u00e3o em Ci\u00eancias Econ\u00f4micas<\/p>\n<p><strong>2021<\/strong><\/p>\n<p>Vice-Diretor do <a href=\"https:\/\/cedeplar.ufmg.br\">Cedeplar-UFMG<\/a><\/p>\n<p>Editor da <a href=\"https:\/\/revistas.face.ufmg.br\/index.php\/novaeconomia\">Revista Nova Economia<\/a><\/p>\n<p>Membro do Colegiado da P\u00f3s-Gradua\u00e7\u00e3o em Economia<\/p>\n<p>Representante Titular dos Professores Associados na Egr\u00e9gia Congrega\u00e7\u00e3o da Faculdade de Ci\u00eancias Econ\u00f4micas<\/p>\n<p>Representante Titular dos Professores Associados na C\u00e2mara Departamental (Ci\u00eancias Econ\u00f4micas)<\/p>\n<p>Membro Colegiado do Curso de Gradua\u00e7\u00e3o em Ci\u00eancias Econ\u00f4micas (at\u00e9 06\/21)<\/p>\n<p>Membro do N\u00facleo Docente Estruturante do Curso de Gradua\u00e7\u00e3o em Ci\u00eancias Econ\u00f4micas<\/p>\n<p><strong>2020<\/strong><\/p>\n<p>Vice-Diretor do <a href=\"https:\/\/cedeplar.ufmg.br\">Cedeplar-UFMG<\/a><\/p>\n<p>Editor da <a href=\"https:\/\/revistas.face.ufmg.br\/index.php\/novaeconomia\">Revista Nova Economia<\/a><\/p>\n<p>Membro do Colegiado da P\u00f3s-Gradua\u00e7\u00e3o em Economia<\/p>\n<p>Representante Titular dos Professores Associados na Egr\u00e9gia Congrega\u00e7\u00e3o da Faculdade de Ci\u00eancias Econ\u00f4micas<\/p>\n<p>Representante Titular dos Professores Associados na C\u00e2mara Departamental (Ci\u00eancias Econ\u00f4micas)<\/p>\n<p>Membro Colegiado do Curso de Gradua\u00e7\u00e3o em Ci\u00eancias Econ\u00f4micas<\/p>\n<p>Membro do N\u00facleo Docente Estruturante do Curso de Gradua\u00e7\u00e3o em Ci\u00eancias Econ\u00f4micas<\/p>\n<p><strong>2019<\/strong><\/p>\n<p>Vice-Diretor do <a href=\"https:\/\/cedeplar.ufmg.br\">Cedeplar-UFMG<\/a><\/p>\n<p>Editor da <a href=\"https:\/\/revistas.face.ufmg.br\/index.php\/novaeconomia\">Revista Nova Economia<\/a><\/p>\n<p>Membro do Colegiado da P\u00f3s-Gradua\u00e7\u00e3o em Economia<\/p>\n<p>Membro da Comiss\u00e3o Organizadora do <a href=\"https:\/\/diamantina.cedeplar.ufmg.br\/2019\/\">XVIII Encontro de Diamantina<\/a><\/p>\n<p>Representante Titular dos Professores Associados na Egr\u00e9gia Congrega\u00e7\u00e3o da Faculdade de Ci\u00eancias Econ\u00f4micas<\/p>\n<p>Representante Titular dos Professores Associados na C\u00e2mara Departamental (Ci\u00eancias Econ\u00f4micas)<\/p>\n<p>Membro Colegiado do Curso de Gradua\u00e7\u00e3o em Ci\u00eancias Econ\u00f4micas<\/p>\n<p>Membro do N\u00facleo Docente Estruturante do Curso de Gradua\u00e7\u00e3o em Ci\u00eancias Econ\u00f4micas<\/p>\n<p><strong>2018<\/strong><\/p>\n<p>Vice-Diretor do <a href=\"https:\/\/cedeplar.ufmg.br\">Cedeplar<\/a> (2018\/2)<\/p>\n<p>Membro do Colegiado da P\u00f3s-Gradua\u00e7\u00e3o em Economia<\/p>\n<p>Editor da <a href=\"https:\/\/revistas.face.ufmg.br\/index.php\/novaeconomia\">Revista Nova Economia<\/a><\/p>\n<p>Representante Titular dos Professores Associados na Egr\u00e9gia Congrega\u00e7\u00e3o da Faculdade de Ci\u00eancias Econ\u00f4micas<\/p>\n<p>Representante Titular dos Professores Associados na C\u00e2mara Departamental (Ci\u00eancias Econ\u00f4micas)<\/p>\n<p>Membro Colegiado do Curso de Gradua\u00e7\u00e3o em Ci\u00eancias Econ\u00f4micas<\/p>\n<p>Membro Titular do Conselho T\u00e9cnico-Cient\u00edfico do BH-TEC<\/p>\n<p><strong>2017<\/strong><\/p>\n<p>Sub-Coordenador do Programa de P\u00f3s-Gradua\u00e7\u00e3o em Economia do Cedeplar<\/p>\n<p>Membro do Colegiado da P\u00f3s-Gradua\u00e7\u00e3o em Economia<\/p>\n<p>Representante Titular dos Professores Associados na Egr\u00e9gia Congrega\u00e7\u00e3o da Faculdade de Ci\u00eancias Econ\u00f4micas<\/p>\n<p>Representante Titular dos Professores Associados na C\u00e2mara Departamental (Ci\u00eancias Econ\u00f4micas)<\/p>\n<p>Membro do Conselho Editorial da Revista Nova Economia<\/p>\n<p>Membro do Conselho T\u00e9cnico-Cient\u00edfico do BH-TEC<\/p>\n<p><strong>2016<\/strong><\/p>\n<p>Sub-Coordenador do Programa de P\u00f3s-Gradua\u00e7\u00e3o em Economia do Cedeplar (2016\/2)<\/p>\n<p>Chefe do Departamento de Ci\u00eancias Econ\u00f4micas da UFMG (2016\/1)<\/p>\n<p>Membro do Colegiado da P\u00f3s-Gradua\u00e7\u00e3o em Economia<\/p>\n<p>Editor de Economia da S\u00e9rie de Textos para Discuss\u00e3o do Cedeplar<\/p>\n<p>Coordenador da Comiss\u00e3o Cient\u00edfica do <a href=\"https:\/\/diamantina.cedeplar.ufmg.br\/2016\/\">XVII Encontro de Economia Mineira<\/a><\/p>\n<p>Representante Titular dos Adjuntos na Egr\u00e9gia Congrega\u00e7\u00e3o da Faculdade de Ci\u00eancias Econ\u00f4micas<\/p>\n<p>Membro do Conselho Editorial da Revista Nova Economia<\/p>\n<p>Membro suplente do Conselho T\u00e9cnico-Cient\u00edfico do BH-TEC<\/p>\n<p><strong>2015<\/strong><\/p>\n<p>Chefe do Departamento de Ci\u00eancias Econ\u00f4micas da UFMG<\/p>\n<p>Membro do Colegiado da P\u00f3s-Gradua\u00e7\u00e3o em Economia<\/p>\n<p>Representante Titular dos Adjuntos na Egr\u00e9gia Congrega\u00e7\u00e3o da Faculdade de Ci\u00eancias Econ\u00f4micas<\/p>\n<p>Membro suplente do Conselho T\u00e9cnico-Cient\u00edfico do BH-TEC<\/p>\n<p>Membro do Conselho Editorial da Revista Nova Economia<\/p>\n<p><strong>2014<\/strong><\/p>\n<p>Chefe do Departamento de Ci\u00eancias Econ\u00f4micas da UFMG (2014\/2)<\/p>\n<p>Chefe do Departamento de Ci\u00eancias Econ\u00f4micas da UFMG (2014\/1)<\/p>\n<p>Membro do Colegiado da P\u00f3s-Gradua\u00e7\u00e3o em Economia<\/p>\n<p>Editor de Economia da S\u00e9rie de Textos para Discuss\u00e3o do Cedeplar<\/p>\n<p>Coordenador da Comiss\u00e3o Cient\u00edfica do <a href=\"https:\/\/diamantina.cedeplar.ufmg.br\/2014\/site\/\">XVI Encontro de Economia Mineira<\/a><\/p>\n<p>Representante Titular dos Adjuntos na Egr\u00e9gia Congrega\u00e7\u00e3o da Faculdade de Ci\u00eancias Econ\u00f4micas<\/p>\n<p>Membro Titular do Colegiado do\u00a0Curso de Rela\u00e7\u00f5es Econ\u00f4micas Internacionais<\/p>\n<p>Membro do Conselho Editorial da Revista Nova Economia<\/p>\n<p><strong>2013<\/strong><\/p>\n<p>Subchefe do Departamento de Ci\u00eancias Econ\u00f4micas da UFMG<\/p>\n<p>Presidente da Comiss\u00e3o Acad\u00eamica do Departamento de Ci\u00eancias Econ\u00f4micas da UFMG<\/p>\n<p>Editor de Economia da S\u00e9rie de Textos para Discuss\u00e3o do Cedeplar<\/p>\n<p>Representante Titular dos Professores Adjuntos junto \u00e0 Egr\u00e9gia\u00a0Congrega\u00e7\u00e3o da Faculdade de Ci\u00eancias Econ\u00f4micas<\/p>\n<p>Membro Titular do Colegiado do\u00a0Curso de Rela\u00e7\u00f5es Econ\u00f4micas Internacionais<\/p>\n<p><strong>2012<\/strong><\/p>\n<p>Subchefe do Departamento de Ci\u00eancias Econ\u00f4micas da UFMG<\/p>\n<p>Presidente da Comiss\u00e3o Acad\u00eamica do Departamento de Ci\u00eancias Econ\u00f4micas da UFMG<\/p>\n<p>Editor de Economia da S\u00e9rie de Textos para Discuss\u00e3o do Cedeplar<\/p>\n<p>Representante Titular dos Professores Adjuntos junto \u00e0 Egr\u00e9gia\u00a0Congrega\u00e7\u00e3o da Faculdade de Ci\u00eancias Econ\u00f4micas<\/p>\n<p>Membro Titular do Colegiado do\u00a0Curso de Rela\u00e7\u00f5es Econ\u00f4micas Internacionais<\/p>\n<p><strong>2011<\/strong><\/p>\n<p>Subchefe do Departamento de Ci\u00eancias Econ\u00f4micas da UFMG<\/p>\n<p>Presidente da Comiss\u00e3o Acad\u00eamica do Departamento de Ci\u00eancias Econ\u00f4micas da UFMG<\/p>\n<p>Editor de Economia da S\u00e9rie de Textos para Discuss\u00e3o do Cedeplar<\/p>\n<p>Representante Titular dos Professores Adjuntos junto \u00e0 Egr\u00e9gia\u00a0Congrega\u00e7\u00e3o da Faculdade de Ci\u00eancias Econ\u00f4micas<\/p>\n<p>Membro Titular do Colegiado do\u00a0Curso de Rela\u00e7\u00f5es Econ\u00f4micas Internacionais<\/p>\n<p><strong>2010<\/strong><\/p>\n<p>Editor de Economia da S\u00e9rie de Textos para Discuss\u00e3o do Cedeplar<\/p>\n<p>Representante Titular dos Professores Adjuntos junto \u00e0 Egr\u00e9gia\u00a0Congrega\u00e7\u00e3o da Faculdade de Ci\u00eancias Econ\u00f4micas<\/p>\n<p>Membro Titular do Colegiado do\u00a0Curso de Rela\u00e7\u00f5es Econ\u00f4micas Internacionais<\/p>\n<p><strong>2009<\/strong><\/p>\n<p>Editor de Economia da S\u00e9rie de Textos para Discuss\u00e3o do Cedeplar<\/p>\n<hr \/>\n<p style=\"text-align: center\">Outros perfis acad\u00eamicos:<br \/>|<a href=\"http:\/\/lattes.cnpq.br\/5668137663316742\">Lattes<\/a>|<a href=\"https:\/\/scholar.google.com.br\/citations?user=smEbMV0AAAAJ&amp;hl=pt-BR\">Google Scholar<\/a> |<a href=\"https:\/\/ideas.repec.org\/f\/pbr276.html\">RePEc<\/a>\u00a0|<br \/><a href=\"https:\/\/www.researchgate.net\/profile\/Gustavo_Britto\">ResearchGate<\/a>\u00a0|\u00a0<a href=\"https:\/\/orcid.org\/0000-0002-5285-3684\">ORCID<\/a>\u00a0| <a href=\"https:\/\/publons.com\/researcher\/2242838\/gustavo-britto\/\">Publons-Web-of-Science<\/a>|<\/p>\n\n\n<p class=\"wp-block-paragraph\"><\/p>\n","protected":false},"excerpt":{"rendered":"<p>|Lattes|Google Scholar|RePEc|ResearchGate|ORCID|Publons-Web-of-Science|Som\u2295s UFMG| As atividades de professores em regime de dedica\u00e7\u00e3o exclusiva na UFMG incluem, al\u00e9m de ensino, pesquisa e extens\u00e3o, atividades administrativas significativas. Abaixo encontra-se a lista com as principais atividades de gest\u00e3o universit\u00e1ria realizadas na UFMG desde 2009. 2025 Coordenador do Programa de P\u00f3s-Gradua\u00e7\u00e3o em Economia (de dez\/2025) Vice-coordenador do Programa de P\u00f3s-Gradua\u00e7\u00e3o &hellip; <a href=\"https:\/\/docentes.face.ufmg.br\/gustavo\/gestao-universitaria-2\/\" class=\"more-link\">Continuar lendo <span class=\"screen-reader-text\">Gest\u00e3o Universit\u00e1ria<\/span><\/a><\/p>\n","protected":false},"author":12,"featured_media":0,"parent":0,"menu_order":0,"comment_status":"closed","ping_status":"closed","template":"","meta":{"_crdt_document":"","_exactmetrics_skip_tracking":false,"_exactmetrics_sitenote_active":false,"_exactmetrics_sitenote_note":"","_exactmetrics_sitenote_category":0,"footnotes":""},"class_list":["post-264","page","type-page","status-publish","hentry"],"_links":{"self":[{"href":"https:\/\/docentes.face.ufmg.br\/gustavo\/wp-json\/wp\/v2\/pages\/264","targetHints":{"allow":["GET"]}}],"collection":[{"href":"https:\/\/docentes.face.ufmg.br\/gustavo\/wp-json\/wp\/v2\/pages"}],"about":[{"href":"https:\/\/docentes.face.ufmg.br\/gustavo\/wp-json\/wp\/v2\/types\/page"}],"author":[{"embeddable":true,"href":"https:\/\/docentes.face.ufmg.br\/gustavo\/wp-json\/wp\/v2\/users\/12"}],"replies":[{"embeddable":true,"href":"https:\/\/docentes.face.ufmg.br\/gustavo\/wp-json\/wp\/v2\/comments?post=264"}],"version-history":[{"count":18,"href":"https:\/\/docentes.face.ufmg.br\/gustavo\/wp-json\/wp\/v2\/pages\/264\/revisions"}],"predecessor-version":[{"id":798,"href":"https:\/\/docentes.face.ufmg.br\/gustavo\/wp-json\/wp\/v2\/pages\/264\/revisions\/798"}],"wp:attachment":[{"href":"https:\/\/docentes.face.ufmg.br\/gustavo\/wp-json\/wp\/v2\/media?parent=264"}],"curies":[{"name":"wp","href":"https:\/\/api.w.org\/{rel}","templated":true}]}}