{"id":2,"date":"2016-06-07T15:43:56","date_gmt":"2016-06-07T18:43:56","guid":{"rendered":"http:\/\/docentes.face.ufmg.br\/gustavo\/?page_id=2"},"modified":"2026-03-20T08:29:42","modified_gmt":"2026-03-20T11:29:42","slug":"pagina-exemplo","status":"publish","type":"page","link":"https:\/\/docentes.face.ufmg.br\/gustavo\/","title":{"rendered":"Sobre"},"content":{"rendered":"<hr \/>\n<p style=\"text-align: left\">|<a href=\"http:\/\/lattes.cnpq.br\/5668137663316742\">Lattes<\/a>|<a href=\"https:\/\/scholar.google.com.br\/citations?user=smEbMV0AAAAJ&amp;hl=pt-BR\">Google Scholar<\/a>|<a href=\"https:\/\/ideas.repec.org\/f\/pbr276.html\">RePEc<\/a>|<a href=\"https:\/\/www.researchgate.net\/profile\/Gustavo_Britto\">ResearchGate<\/a>|<a href=\"https:\/\/orcid.org\/0000-0002-5285-3684\">ORCID<\/a>|<a href=\"https:\/\/publons.com\/researcher\/2242838\/gustavo-britto\/\">Publons<\/a>|<a href=\"http:\/\/somos.ufmg.br\/professor\/gustavo-de-britto-rocha\">Som\u2295s UFMG<\/a>|<\/p>\n<hr \/>\n<p><em><strong>Gustavo de Britto Rocha (Gustavo Britto)<br \/>\n<\/strong><\/em>Bolsista de Produtividade N\u00edvel 2 &#8211; CNPq<em><strong><br \/>\n<\/strong><\/em>gustavobr@ufmg.br<em><strong><br \/>\n<\/strong><\/em><\/p>\n<p>Professor Titular do Departamento de Ci\u00eancias Econ\u00f4micas (UFMG), contratado em regime de dedica\u00e7\u00e3o exclusiva desde 2008.<\/p>\n<p>\u00c9 doutor pela University of Cambridge, Land Economy Department (2008), mestre pela Universidade Estadual de Campinas (2002) e graduado em Ci\u00eancias Econ\u00f4micas pela UFMG (1998). Professor visitante na SOAS, University of London (2023-2024) [<a href=\"https:\/\/docentes.face.ufmg.br\/gustavo\/formacao\/\">Forma\u00e7\u00e3o Acad\u00eamica<\/a>].<\/p>\n<p>Coordenador do Programa de P\u00f3s-Gradua\u00e7\u00e3o em Economia do Cedeplar-UFMG. Foi Vice-Diretor do <a href=\"https:\/\/cedeplar.ufmg.br\">Cedeplar-UFMG<\/a> (2018-2023) e Editor da <a href=\"https:\/\/novaeconomia.face.ufmg.br\" target=\"_blank\" rel=\"noopener\">Revista Nova Economia<\/a> (2018-2023). Foi chefe do <a href=\"https:\/\/www.face.ufmg.br\/departamentos\/ciencias-economicas\/o-departamento.html\">Departamento de Ci\u00eancias Econ\u00f4micas<\/a> da UFMG entre 2014 e 2016 e Sub-Coordenador do P\u00f3s-Gradua\u00e7\u00e3o em Economia do Centro de Desenvolvimento e Planejamento Regional (Cedeplar-UFMG) entre 2016 e 2018 [<a href=\"https:\/\/docentes.face.ufmg.br\/gustavo\/gestao-universitaria-2\/\">Gest\u00e3o Universit\u00e1ria<\/a>]. Atualmente \u00e9 o coordenador do projeto <a href=\"http:\/\/dataviva.info\">DataViva.<\/a><\/p>\n<p>No Departamento de Ci\u00eancias Econ\u00f4micas \u00e9 professor, dentre outras, das disciplinas de Desenvolvimento Econ\u00f4mico dos cursos de gradua\u00e7\u00e3o e p\u00f3s gradua\u00e7\u00e3o na Economia-FACE e no Cedeplar, respectivamente.<\/p>\n<p>\u00c9 tamb\u00e9m pesquisador do Centro de Desenvolvimento e Planejamento Regional (<a href=\"https:\/\/www.cedeplar.ufmg.br\">Cedeplar<\/a>) da<a href=\"http:\/\/www.face.ufmg.br\/\" target=\"_blank\" rel=\"alternate noopener noreferrer\"> Faculdade de Ci\u00eancias Econ\u00f4micas<\/a>, onde desenvolve diversos projetos de pesquisa e extens\u00e3o. Tem como tema de investiga\u00e7\u00e3o principal a rela\u00e7\u00e3o multidimensional entre mudan\u00e7a estrutural e desenvolvimento econ\u00f4mico ao longo do tempo e atrav\u00e9s do territ\u00f3rio. \u00a0T\u00f3picos de pesquisa, <a href=\"https:\/\/docentes.face.ufmg.br\/gustavo\/orientacoes\/\">orienta\u00e7\u00f5es<\/a> e <a href=\"https:\/\/docentes.face.ufmg.br\/gustavo\/informacoes-gerais\/\">publica\u00e7\u00f5es<\/a>\u00a0incluem: crescimento da produtividade; diversifica\u00e7\u00e3o produtiva e regional; retornos crescentes de escala e mudan\u00e7a tecnol\u00f3gica; crescimento com restri\u00e7\u00e3o no balan\u00e7o de pagamentos; mudan\u00e7a estrutural, tecnol\u00f3gica e complexidade econ\u00f4mica.<\/p>\n<p>Os resultados do seu trabalho de pesquisa <a href=\"https:\/\/docentes.face.ufmg.br\/gustavo\/artigos\/\">podem ser vistos<\/a> em artigos publicados em peri\u00f3dicos acad\u00eamicos internacionais como:\u00a0<em>The Cambridge Journal of Economics<\/em>, <em>Structural Change and Economic Dynamics, <\/em><em>Metroeconomica<\/em>, <em>Scientometrics<\/em>, <em>Journal Post Keynesian Economics<\/em>, <em>Review of Political Economy, <\/em><em>Cepal Review, Papers in Regional Science, Spatial Economic Analysis, Journal of Cleaner Production, <\/em>entre outros.<\/p>\n","protected":false},"excerpt":{"rendered":"<p>|Lattes|Google Scholar|RePEc|ResearchGate|ORCID|Publons|Som\u2295s UFMG| Gustavo de Britto Rocha (Gustavo Britto) Bolsista de Produtividade N\u00edvel 2 &#8211; CNPq gustavobr@ufmg.br Professor Titular do Departamento de Ci\u00eancias Econ\u00f4micas (UFMG), contratado em regime de dedica\u00e7\u00e3o exclusiva desde 2008. \u00c9 doutor pela University of Cambridge, Land Economy Department (2008), mestre pela Universidade Estadual de Campinas (2002) e graduado em Ci\u00eancias Econ\u00f4micas &hellip; <a href=\"https:\/\/docentes.face.ufmg.br\/gustavo\/\" class=\"more-link\">Continuar lendo <span class=\"screen-reader-text\">Sobre<\/span><\/a><\/p>\n","protected":false},"author":12,"featured_media":0,"parent":0,"menu_order":0,"comment_status":"closed","ping_status":"open","template":"","meta":{"_crdt_document":"","_exactmetrics_skip_tracking":false,"_exactmetrics_sitenote_active":false,"_exactmetrics_sitenote_note":"","_exactmetrics_sitenote_category":0,"footnotes":""},"class_list":["post-2","page","type-page","status-publish","hentry"],"_links":{"self":[{"href":"https:\/\/docentes.face.ufmg.br\/gustavo\/wp-json\/wp\/v2\/pages\/2","targetHints":{"allow":["GET"]}}],"collection":[{"href":"https:\/\/docentes.face.ufmg.br\/gustavo\/wp-json\/wp\/v2\/pages"}],"about":[{"href":"https:\/\/docentes.face.ufmg.br\/gustavo\/wp-json\/wp\/v2\/types\/page"}],"author":[{"embeddable":true,"href":"https:\/\/docentes.face.ufmg.br\/gustavo\/wp-json\/wp\/v2\/users\/12"}],"replies":[{"embeddable":true,"href":"https:\/\/docentes.face.ufmg.br\/gustavo\/wp-json\/wp\/v2\/comments?post=2"}],"version-history":[{"count":85,"href":"https:\/\/docentes.face.ufmg.br\/gustavo\/wp-json\/wp\/v2\/pages\/2\/revisions"}],"predecessor-version":[{"id":810,"href":"https:\/\/docentes.face.ufmg.br\/gustavo\/wp-json\/wp\/v2\/pages\/2\/revisions\/810"}],"wp:attachment":[{"href":"https:\/\/docentes.face.ufmg.br\/gustavo\/wp-json\/wp\/v2\/media?parent=2"}],"curies":[{"name":"wp","href":"https:\/\/api.w.org\/{rel}","templated":true}]}}