{"id":11,"date":"2016-06-09T11:02:14","date_gmt":"2016-06-09T14:02:14","guid":{"rendered":"http:\/\/docentes.face.ufmg.br\/gustavo\/?page_id=11"},"modified":"2024-11-07T14:13:53","modified_gmt":"2024-11-07T17:13:53","slug":"informacoes-gerais","status":"publish","type":"page","link":"https:\/\/docentes.face.ufmg.br\/gustavo\/en\/informacoes-gerais\/","title":{"rendered":"Published Papers"},"content":{"rendered":"<p>|<a href=\"https:\/\/scholar.google.com\/citations?hl=en&amp;user=smEbMV0AAAAJ\">Google Scholar<\/a>|<a href=\"https:\/\/ideas.repec.org\/f\/pbr276.html\">RePEc<\/a>\u00a0|<a href=\"https:\/\/www.researchgate.net\/profile\/Gustavo_Britto\">ResearchGate<\/a>|<a href=\"https:\/\/orcid.org\/0000-0002-5285-3684\">ORCID<\/a>|<a href=\"https:\/\/publons.com\/researcher\/2242838\/gustavo-britto\/\">Publons-Web-of-Science<\/a>|<a href=\"http:\/\/lattes.cnpq.br\/5668137663316742\">Lattes<\/a>|<\/p>\n<hr \/>\n<p><img loading=\"lazy\" decoding=\"async\" class=\"alignnone size-large wp-image-162\" src=\"http:\/\/docentes.face.ufmg.br\/gustavo\/wp-content\/uploads\/sites\/19\/2019\/09\/IMG_3113-1024x296.jpg\" alt=\"\" width=\"660\" height=\"191\" srcset=\"https:\/\/docentes.face.ufmg.br\/gustavo\/wp-content\/uploads\/sites\/19\/2019\/09\/IMG_3113-1024x296.jpg 1024w, https:\/\/docentes.face.ufmg.br\/gustavo\/wp-content\/uploads\/sites\/19\/2019\/09\/IMG_3113-300x87.jpg 300w, https:\/\/docentes.face.ufmg.br\/gustavo\/wp-content\/uploads\/sites\/19\/2019\/09\/IMG_3113-768x222.jpg 768w, https:\/\/docentes.face.ufmg.br\/gustavo\/wp-content\/uploads\/sites\/19\/2019\/09\/IMG_3113-500x145.jpg 500w, https:\/\/docentes.face.ufmg.br\/gustavo\/wp-content\/uploads\/sites\/19\/2019\/09\/IMG_3113.jpg 1656w\" sizes=\"auto, (max-width: 660px) 100vw, 660px\" \/><\/p>\n<h4><strong>Published papers \u00a0<\/strong><\/h4>\n<ul>\n<li>STEIN, A.Q.; BRITTO, G.; MEDEIROS, V.\u00a0<a href=\"https:\/\/doi.org\/10.1080\/00343404.2024.2411345\"><em><strong>A<\/strong><\/em><em><strong>gricultural economic complexity and regional inequalities: a new approach using census data from Brazil.<\/strong><\/em><\/a> Regional Studies, 1-21, (2024).<\/li>\n<li>\n<hr \/>\n<p>ROMERO, J. P.; FREITAS, E.; SILVEIRA, F.; BRITTO, Gustavo.; CIMINI, F.; JAYME JR, F. G. <em><strong>C<a href=\"https:\/\/doi.org\/10.1080\/17421772.2024.2384744\">omplexity-Based Diversification Strategies: a new method for ranking promising activities for regional diversification<\/a><\/strong><\/em>. Spatial Economic Analysis, (2024).<\/p>\n<hr \/>\n<\/li>\n<li>FREITAS, E. E.; BRITTO, Gustavo; AMARAL, P. V. M. <em><a href=\"https:\/\/doi.org\/10.1016\/j.pirs.2024.100011\"><strong>Related Industries, Economic Complexity, and Regional Diversification: an Application for Brazilian Microregions<\/strong><\/a><\/em>. Papers in Regional Science, 2024.<br \/>\n<hr \/>\n<\/li>\n<li>BRITTO, G.; STEIN, A.Q,; SANTOS, D.O.; QUEIROZ, A.R.; ROMERO, J.P. <a href=\"https:\/\/doi.org\/10.33834\/bkr.v10i1.367\"><em><strong>Desonera\u00e7\u00e3o da folha salarial: uma caracteriza\u00e7\u00e3o setorial a partir dos dados da RAIS e das Contas Nacionais<\/strong><\/em><\/a>. \u00a0Brazilian Keynesian Review, v10, n1, 2024.<\/li>\n<li>\n<hr \/>\n<p>SANTOS, Diogo Oliveira, BRITTO, Gustavo, RIBEIRO, Rafael S.M., CARDOSO, Debora Freire. <a href=\"https:\/\/doi.org\/10.1016\/j.strueco.2023.04.001\"><strong><em>Do wages squeeze markups? Sectoral-level evidence for Brazil, 2000\u20132013<\/em>.<\/strong> <\/a>Structural Change and Economic Dynamics, Volume 66, 2023.<\/li>\n<li>\n<hr \/>\n<p><strong>[PT]<\/strong> MONTENEGRO, R. L. G.; RIBEIRO, L. C.; Britto, Gustavo. <strong><em>Configura\u00e7\u00f5es tecnol\u00f3gicas e ambientais dos pa\u00edses desenvolvidos e em desenvolvimento<\/em><\/strong>. Revista An\u00e1lise Econ\u00f4mica, v. 40, p. 223-266, 2022.<\/li>\n<li>\n<hr \/>\n<p><strong>[PT]<\/strong> MENDES, P.S.; AMARAL, P.V.M.; CARVALHO, L.R.; BRITTO, Gustavo. <a href=\"https:\/\/www.bnb.gov.br\/revista\/index.php\/ren\/article\/view\/1235\"><em><strong>Condicionantes territoriais do sal\u00e1rio industrial brasileiro: uma an\u00e1lise municipal para a ind\u00fastria de transforma\u00e7\u00e3o\u20132006 a 2016.<\/strong><\/em><\/a>\u00a0Revista Econ\u00f4mica do Nordeste, v.52, no. 4, p. 67-84, 2021.<\/li>\n<\/ul>\n<hr \/>\n<ul>\n<li>ALENCAR, D.; JAYME Jr, F.; BRITTO, Gustavo. <em><strong>A post Kaleckian Model with Productivity Growth and Real Exchange Rate Applied to Latin American Countries.<\/strong> <\/em>PSL Quarterly Review, v.74, p. 127-146, 2021.<\/li>\n<li>\n<hr \/>\n<p>ALENCAR, D.; JAYME Jr, F.; BRITTO, Gustavo; PUTY, C. <em><strong><a href=\"https:\/\/doi.org\/10.1080\/09538259.2020.1815961\">Distribution and Productivity Growth: An Empirical Exercise Applied to Selected Latin American Countries<\/a><\/strong><\/em>.\u00a0Review of Political Economy, v. 33, p. 44-66, 2021.<\/p>\n<hr \/>\n<\/li>\n<li>MONTENEGRO, R. L. G.;\u00a0BRITTO, Gustavo; RIBEIRO, L. C. <a href=\"https:\/\/doi.org\/10.1016\/j.jclepro.2020.124742\"><em><strong>The effects of environmental technologies: evidences of different National Innovation Systems<\/strong><\/em><\/a>. Journal of Cleaner Production,\u00a0V. 284, 124742, 2021.<\/li>\n<li>\n<hr \/>\n<p>MENDES, P. S.;\u00a0BRITTO, Gustavo; OLIVEIRA, A. M. H. C. <i>A. <a href=\"https:\/\/repositorio.cepal.org\/bitstream\/handle\/11362\/46592\/RVI131_Scherrer.pdf?sequence=1\"><strong>Knowledge absorptive capacity in Brazilian firms: internal and external determinants<\/strong>.<\/a><\/i> REVISTA DE LA CEPAL, v. 131, p. 161-183, 2020.<em><strong>Vers\u00e3o em espanhol:<\/strong>\u00a0<a href=\"https:\/\/www.cepal.org\/es\/publicaciones\/45958-la-industria-brasilena-la-absorcion-conocimientos-determinantes-internos\">La industria brasile\u00f1a y la absorci\u00f3n de conocimientos: determinantes internos y externos de la empresa<\/a>.\u00a0<\/em><\/li>\n<li>\n<hr \/>\n<p>ALENCAR, D.; JAYME Jr, F. G., BRITTO, Gustavo.\u00a0<a href=\"https:\/\/www.tandfonline.com\/doi\/full\/10.1080\/09538259.2020.1720149\"><em><strong>Growth, Distribution, and External Constraints: A Post-Kaleckian Model Applied to Brazil<\/strong><\/em><\/a>. Review of Political Economy, 2020.<\/li>\n<\/ul>\n<hr \/>\n<ul>\n<li>Bastos, C. P. M.; Britto, G. <strong><em><a href=\"https:\/\/doi.org\/10.21171\/ges.v14i2.3160\">Introdu\u00e7\u00e3o \u00e0 Economia do Subdesenvolvimento: elementos fundamentais das teorias cl\u00e1ssicas do desenvolvimento<\/a><\/em><\/strong>. Gest\u00e3o &amp; Sociedade, 14(38), 3632-3671, 2020.<\/li>\n<\/ul>\n<hr \/>\n<ul>\n<li>CAMPOS, R.; JAYME Jr, F. G., BRITTO, Gustavo.\u00a0<em><a href=\"https:\/\/doi.org\/10.33834\/bkr.v5i2.193\"><strong>Endogeneity of the elasticities and the real exchange rate in a balance of payments constrained growth model: cross-country empirical evidence<\/strong><\/a>. Brazilian Keynesian Review, v.5, n.2, 2019.<\/em><\/li>\n<\/ul>\n<ul>\n<li>\n<hr \/>\n<p>CARDOSO, D. F.; Resende, M. F.; BRITTO, Gustavo<strong>. <em><a href=\"http:\/\/www.rep.org.br\/PDF\/157-2.PDF\">Taxa de C\u00e2mbio Real, Apoio Financeiro e Exporta\u00e7\u00f5es no Brasil: estima\u00e7\u00e3o da equa\u00e7\u00e3o de exporta\u00e7\u00f5es setoriais com c\u00e2mbio impl\u00edcito<\/a><\/em><\/strong><em>.<\/em> Revista de Economia Pol\u00edtica, V.39, n.4, 2019.<\/li>\n<\/ul>\n<hr \/>\n<ul>\n<li>BRITTO, Gustavo; ROMERO, JO\u00c3O P. ; FREITAS, E. ; COELHO, C. <em><strong><a href=\"https:\/\/www.cepal.org\/en\/publications\/44721-great-divide-economic-complexity-and-development-paths-brazil-and-republic-korea\">The great divide: economic complexity and development paths in Brazil and the Republic of Korea<\/a>.<\/strong> <\/em>Cepal Review, v. 127, p. 191-213, 2019.<br \/>\n<em>Spanish version:\u00a0<a href=\"https:\/\/repositorio.cepal.org\/handle\/11362\/44579\">La Gran Brecha: complejidad econ\u00f3mica y trayectorias de desarrollo del Brasil y la Rep\u00fablica de Corea<\/a>.\u00a0Cepal Review, v. 127, p. 191-213, 2019.<\/em><\/li>\n<\/ul>\n<hr \/>\n<ul>\n<li>MENDES, P. S.; OLIVEIRA, A. M. H. C.; BRITTO, Gustavo. <em><strong><a href=\"https:\/\/revistaaber.org.br\/rberu\/article\/view\/373\">Reorganiza\u00e7\u00e3o espacial da ind\u00fastria de transforma\u00e7\u00e3o brasileira p\u00f3s-2008: a evolu\u00e7\u00e3o do emprego formal no territ\u00f3rio<\/a>.<\/strong> <\/em>Revista Brasileira de Estudos Regionais e Urbanos, v. 13, p. 23-44, 2019.<br \/>\n<hr \/>\n<\/li>\n<li>CUNHA, A. M.; BRITTO, Gustavo. <em><strong><a href=\"https:\/\/doi.org\/10.1093\/cje\/bex021\">When development meets culture: the contribution of Celso Furtado in the 1970s.<\/a> <\/strong><\/em>Cambridge Journal of Economics, Volume 42, Issue 1, 2018.<br \/>\n<hr \/>\n<\/li>\n<li>ALENCAR, D. A.; JAYME Jr, F. G.; BRITTO, Gustavo. <em><strong><a href=\"https:\/\/www.tandfonline.com\/doi\/full\/10.1080\/01603477.2017.1423233\">Productivity, real exchange rate, and aggregate demand: An empirical exercise applied to Brazil from 1960 to 2011<\/a><\/strong><\/em>. Journal of Post Keynesian Economics, v. 1, p. 1-23, 2018.<br \/>\n<hr \/>\n<\/li>\n<li>MONTENEGRO, R. L. G. ; BRITTO, Gustavo; RIBEIRO, L. C. <em><strong><a href=\"https:\/\/periodicos.sbu.unicamp.br\/ojs\/index.php\/rbi\/article\/view\/8651298\">Macro-comparative analysis of environmental innovation (1990, 2000 and 2010)<\/a><\/strong><\/em>. Revista Brasileira de Inova\u00e7\u00e3o, v. 17, p. 317-344, 2018.<br \/>\n<hr \/>\n<\/li>\n<li>ALENCAR, J.F.L.; FREITAS, E.; ROMERO, J.P.; BRITTO, Gustavo. <em><strong><a href=\"http:\/\/www.scielo.br\/pdf\/nec\/v37n2\/1980-5403-nec-37-02-247.pdf\">Complexidade produtiva e desenvolvimento econ\u00f4mico: uma an\u00e1lise do caso latino-americano.<\/a> <\/strong><\/em>Novos Estudos CEBRAP, v. 37, p. 247-271, 2018.<br \/>\n<hr \/>\n<\/li>\n<li>CUNHA, A. M.; BRITTO, Gustavo. <em><strong><a href=\"https:\/\/doi.org\/10.1093\/cje\/bex021\">When development meets culture: the contribution of Celso Furtado in the 1970s.<\/a> <\/strong><\/em>Cambridge Journal of Economics, Volume 42, Issue 1, January 2018.<br \/>\n<hr \/>\n<\/li>\n<li>ROMERO, J. P.; BRITTO, Gustavo. <a href=\"https:\/\/doi.org\/10.1093\/cje\/bew030\"><em><strong>Increasing returns to scale, technological catch-up and research intensity: endogenising the Verdoorn coefficient<\/strong><\/em>.<\/a> Cambridge Journal of Economics, Volume 41, Issue 2, 2017.<br \/>\n<hr \/>\n<\/li>\n<li>TOLENTINO, C. M. A. ; SILVA, L. A.; ROCHA,\u00a0Gustavo de Britto. <em><strong><a href=\"https:\/\/www.gestaoesociedade.org\/gestaoesociedade\/article\/view\/2164\">Mensurando sistemas nacionais de inova\u00e7\u00e3o: evid\u00eancias a partir da an\u00e1lise multivariada de dados<\/a>.<\/strong> <\/em>Gest\u00e3o e Sociedade (UFMG), v. 11, p. 1651-1679, 2016.<br \/>\n<hr \/>\n<\/li>\n<li>BRITTO, Gustavo; SANTOS, Ulisses P. ; KRUSS, Glenda ; ALBUQUERQUE, E.M.\u00a0<a href=\"https:\/\/doi.org\/10.20396\/rbi.v14i1.8649093\"><em><strong>Global innovation networks and university-firm interactions: an exploratory survey analysis<\/strong><\/em>.<\/a> Revista Brasileira de Inova\u00e7\u00e3o, v. 14, p. 163-192, 2015.<br \/>\n<hr \/>\n<\/li>\n<li>MISSIO, F. J. ; JAYME Jr, F. G. ; OREIRO, J. L. ; BRITTO, Gustavo. <a href=\"https:\/\/doi.org\/10.1111\/meca.12087\"><em><strong>Real Exchange Rate and Economic Growth: New Empirical Evidence.<\/strong> <\/em><\/a>Metroeconomica, v. 66, p. 686-714, 2015.<br \/>\n<hr \/>\n<\/li>\n<li>BRITTO, Gustavo; McCOMBIE, J.S.L. <em><strong><a href=\"http:\/\/www.braziliankeynesianreview.org\/index.php\/BKR\/article\/view\/36\">Increasing returns to scale and regions: a multilevel model for Brazil<\/a><\/strong><\/em>. BRAZILIAN KEYNESIAN REVIEW, v. 1, p. 118-134, 2015.<br \/>\n<hr \/>\n<\/li>\n<li>BRITTO, Gustavo;\u00a0SANTOS, Ulisses P. ; KRUSS, Glenda ; ALBUQUERQUE, E.M.\u00a0<em><strong><a href=\"http:\/\/dx.doi.org\/10.20396\/rbi.v14i1.8649093\">Global innovation networks and university-firm interactions: an exploratory survey analysis<\/a>.<\/strong><\/em> Revista Brasileira de Inova\u00e7\u00e3o, v. 14, p. 163-192, 2015.<br \/>\n<hr \/>\n<\/li>\n<li>RESENDE, M. F. ;BRITTO, Gustavo; JAYME Jr, F. G. ; LEMOS, M.B. <a href=\"http:\/\/orcid.org\/0000-0002-5285-3684\"><em><strong>Instrumentos de apoio \u00e0s exporta\u00e7\u00f5es e taxas m\u00faltiplas de c\u00e2mbio no Brasil<\/strong><\/em>.<\/a> Economia e Sociedade (UNICAMP), v. 23, p. 107-129, 2014.<br \/>\n<hr \/>\n<\/li>\n<li>RIBEIRO, L. C. ; KRUSS, G.; BRITTO, Gustavo; BERNARDES, A. T.; ALBUQUERQUE, E. M. <em><strong><a href=\"https:\/\/doi.org\/10.1007\/s11192-014-1351-2\">A methodology for unveiling global innovation networks: patent citations as clues to cross border knowledge flows.<\/a><\/strong><\/em> Scientometrics, v. 101, p. 61-83, 2014.<br \/>\n<hr \/>\n<\/li>\n<li>BRITTO, Gustavo; CAMARGO, O. S. ; KRUSS, Glenda ; ALBUQUERQUE, E.M.\u00a0<a href=\"https:\/\/doi.org\/10.1080\/2157930X.2012.762169\"><em><strong>Global interactions between firms and universities<\/strong><\/em>.<\/a> Innovation and Development, v. 3, p. 71-87, 2013.<br \/>\n<hr \/>\n<\/li>\n<li>BRITTO, Gustavo; McCombie, J. S. L. <em><strong>T<span style=\"text-decoration: underline\">hirlwall&#8217;s law and the long-term equilibrium growth rate: an application to Brazil<\/span>.<\/strong><\/em> An addendum. Journal of Post Keynesian Economics, v. 35, p. 695-696, 2013.<br \/>\n<hr \/>\n<\/li>\n<li>RIBEIRO, L. C. S. ;BRITTO, Gustavo. <em><strong><a href=\"http:\/\/www.seer.ufu.br\/index.php\/revistaeconomiaensaios\/article\/view\/26324\">Interdepend\u00eancia Produtiva e Estrat\u00e9gias de Desenvolvimento para o Estado da Bahia.<\/a><\/strong><\/em> Economia Ensaios, v. 27, p. 67-83, 2013.<br \/>\n<hr \/>\n<\/li>\n<li>DIAS, A. V. C.; PEREIRA, M. C.; BRITTO, Gustavo.<em><strong> <a href=\"https:\/\/doi.org\/10.1080\/2157930X.2012.722754\">Building capabilities through global innovation networks: case studies from the Brazilian automotive industry<\/a>.<\/strong><\/em> Innovation and Development, v. 2, p. 248-264, 2012.<br \/>\n<hr \/>\n<\/li>\n<li>BRITTO, Gustavo; McCombie, John S. L.<em><strong><a href=\"https:\/\/www.tandfonline.com\/doi\/abs\/10.2753\/PKE0160-3477320108\"> Thirlwall&#8217;s law and the long-term equilibrium growth rate: an application to Brazil.<\/a> <\/strong><\/em>Journal of Post Keynesian Economics, v. 32, p. 115-136, 2009.<\/li>\n<\/ul>\n<hr \/>\n<h4>Cedeplar Discussion Papers:<\/h4>\n<p>Jo\u00e3o Prates Romero, Gustavo Britto, Alexandre Stein and Ramon Torres, (2023). &#8220;<a href=\"https:\/\/econpapers.repec.org\/scripts\/redir.pf?u=https%3A%2F%2Fwww.cedeplar.ufmg.br%2Fpesquisas%2Ftd%2FTD%2520657.pdf;h=repec:cdp:texdis:td657\">DataViva: espa\u00e7o de atividades e indicadores regionais de complexidade econ\u00f4mica<\/a>&#8220;. Texto para Discuss\u00e3o do Cedeplar n. 657, Cedeplar-UFMG.<\/p>\n<hr \/>\n<p>Douglas Alcantara Alencar &amp; Frederico Gonzaga Jayme Jr. &amp; Gustavo Britto &amp; Claudio Puty, 2018. &#8220;<a href=\"https:\/\/ideas.repec.org\/p\/cdp\/texdis\/td589.html\">Distribution and productivity growth: an empirical exercise applied to selected Latin American countries<\/a>&#8220;. Texto para Discuss\u00e3o do Cedeplar n. 589, Cedeplar-UFMG.<\/p>\n<hr \/>\n<p>Douglas Alcantara Alencar &amp; Frederico Gonzaga Jayme Jr. &amp; Gustavo Britto, 2018. &#8220;<a href=\"https:\/\/ideas.repec.org\/p\/cdp\/texdis\/td588.html\">Productivity, the real exchange rate and the aggregate demand: an empirical exercise applied to brazil from 1960 to 2011<\/a>&#8220;. Texto para Discuss\u00e3o do Cedeplar-UFMG n. 588, Cedeplar-UFMG.<br \/>\n<em><em><em><em>[Publicado,\u00a0Journal of Post Keynesian Economics, Taylor &amp; Francis Journals, vol. 41(3), pages 455-477, July]<br \/>\n<\/em><\/em><\/em><\/em><\/p>\n<hr \/>\n<p>Douglas Alcantara Alencar &amp; Frederico Gonzaga Jayme Jr. &amp; Gustavo Britto, 2018. &#8220;<a href=\"https:\/\/ideas.repec.org\/p\/cdp\/texdis\/td587.html\">A post-kaleckian model with productivity growth and the real exchange rate applied to selected latin American countries<\/a>&#8220;. Textos para Discuss\u00e3o do Cedeplar-UFMG n.587, Cedeplar-UFMG.<\/p>\n<hr \/>\n<p>D\u00e9bora Freire Cardoso &amp; Edson Paulo Domingues &amp; Gustavo Britto, 2017. &#8220;<a href=\"https:\/\/ideas.repec.org\/p\/cdp\/texdis\/td556.html\">Impactos estruturais do programa Bolsa fam\u00edlia na din\u00e2mica recente da economia brasileira<\/a>&#8220;. Texto para Discuss\u00e3o do Cedeplar-UFMG n.556, Cedeplar-UFMG.<\/p>\n<hr \/>\n<p>D\u00e9bora Freire Cardoso &amp; Edson Paulo Domingues &amp; Gustavo Britto, 2017. &#8220;<a href=\"https:\/\/ideas.repec.org\/p\/cdp\/texdis\/td557.html\">Assimetrias na tributa\u00e7\u00e3o da renda do trabalho e do capital: impactos de modifica\u00e7\u00f5es na estrutura de tributa\u00e7\u00e3o da renda de pessoa f\u00edsica no Brasil<\/a>&#8221; Texto para Discuss\u00e3o do Cedeplar-UFMG n.557,\u00a0Cedeplar-UFMG.<\/p>\n<hr \/>\n<p>Carla Poliana Santos \u00c1vila &amp; Gustavo Britto &amp; Jorge Lu\u00eds Teixeira \u00c1vila, 2017. &#8220;<a href=\"https:\/\/ideas.repec.org\/p\/cdp\/texdis\/td568.html\">O que determina a mudan\u00e7a estrutural?: quantificando os impactos dos mercados interno e externo<\/a>\u201d. Texto para Discuss\u00e3o Cedeplar-UFMG n.568,\u00a0Cedeplar-UFMG.<\/p>\n<hr \/>\n<p>Jo\u00e3o Prates Romero &amp; Elton Freitas &amp; Gustavo Britto &amp; Clara Coelho, 2015. &#8220;The Great Divide: The Paths of Industrial Competitiveness in Brazil and South Korea&#8221;. Textos para Discuss\u00e3o Cedeplar-UFMG 519, Cedeplar-UFMG.<br \/>\n<em><em>[Publicado:\u00a0BRITTO, Gustavo.; ROMERO, JO\u00c3O P. ; FREITAS, E. ; COELHO, C. <a href=\"https:\/\/www.cepal.org\/en\/publications\/44721-great-divide-economic-complexity-and-development-paths-brazil-and-republic-korea\">The great divide: economic complexity and development paths in Brazil and the Republic of Korea<\/a>. Cepal Review, v. 127, p. 191-213, 2019.]<\/em><\/em><\/p>\n<hr \/>\n<p><em>\u00a0<\/em>Gustavo Britto &amp; Jo\u00e3o Prates Romero &amp; Elton Freitas &amp; Marcelo Tonnon &amp; Clara Coelho, 2015. &#8220;Competitividade industrial, complexidade e intensidade tecnol\u00f3gica em Portugal&#8221;. Texto para Discuss\u00e3o Cedeplar-UFMG n.522,\u00a0Cedeplar-UFMG.<br \/>\n<em><em>[Publsihed: BRITTO, Gustavo.; Romero, J.P. ; FREITAS, E. ; TONON, M. ; COELHO, C. . Competitividade industrial, complexidade e intensidade tecnol\u00f3gica em Portugal. In: Allan Claudius Queiroz Barbosa, Cl\u00e1udia Cristina Bitencourt, Joaquim Ramos Silva. (Org.). Inova\u00e7\u00e3o, conhecimento e tecnologia: uma perspectiva luso-brasileira. 1ed.Lisboa: Edi\u00e7\u00f5es Colibri, 2015, v. 1, p. 135-156.]<\/em><\/em><\/p>\n<hr \/>\n<p><em>\u00a0<\/em>Fabr\u00edcio Missio &amp; Frederico Jayme Jr &amp; Gustavo Britto &amp; Jos\u00e9 Luis Oreiro, 2013. &#8220;Real Exchange Rate and Economic Growth: new empirical evidence&#8221;. Texto para Discuss\u00e3o Cedeplar-UFMG n.482, Cedeplar-UFMG.<br \/>\n<em><em>[Publsihed: MISSIO, F. J. ; Jayme Jr, F. G. ; OREIRO, J. L. ; BRITTO, Gustavo. <a href=\"https:\/\/doi.org\/10.1111\/meca.12087\">Real Exchange Rate and Economic Growth: New Empirical Evidence. Metroeconomica<\/a>, v. 66, p. 686-714, 2015.]<\/em><\/em><\/p>\n<hr \/>\n<p><em>\u00a0<\/em>Jo\u00e3o Romero &amp; Gustavo Britto &amp; Frederico Jayme Jr., 2013. &#8220;<a href=\"https:\/\/ideas.repec.org\/p\/cdp\/texdis\/td479.html\">A model of development with structural and technological change<\/a>&#8220;. Texto para Discuss\u00e3o do Cedeplar-UFMG n.479, Cedeplar-UFMG.<\/p>\n<hr \/>\n<p>Leonardo Costa Ribeiro &amp; Glenda Kruss &amp; Gustavo Britto &amp; Ricardo Machado Ruiz &amp; Am\u00e9rico Trist\u00e3o Bernardes &amp; Eduardo da Motta e Albuquerque, 2012. &#8220;<a href=\"https:\/\/ideas.repec.org\/p\/cdp\/texdis\/td463.html\">Unveiling Global Innovation Networks<\/a>&#8220;. Texto para Discuss\u00e3o do Cedeplar-UFMG n.463, Cedeplar-UFMG.<\/p>\n<hr \/>\n<p>Alexandre Mendes Cunha &amp; Gustavo Britto, 2011. &#8220;When development meets culture : the contribution of Celso Furtado in the 1970s&#8221;. Texto para do Discuss\u00e3o Cedeplar-UFMG n.429, Cedeplar-UFMG.<br \/>\n<em><em>[Publsihed: CUNHA, A. M. ; BRITTO, Gustavo. <a href=\"https:\/\/doi.org\/10.1093\/cje\/bex021\">When development meets culture: the contribution of Celso Furtado in the 1970s.<\/a> Cambridge Journal of Economics, v. pp, p. 1-22, 2017.]<\/em><\/em><\/p>\n<hr \/>\n<p>Eduardo da Motta e Albuquerque &amp; Gustavo Britto &amp; Ot\u00e1vio Silva Camargo &amp; Glenda Kruss, 2011. &#8220;<a href=\"https:\/\/ideas.repec.org\/p\/cdp\/texdis\/td419.html\">Global interactions between firms and universities: Global Innovation Networks as first steps towards a Global Innovation System<\/a>&#8220;. Texto para Discuss\u00e3o do Cedeplar-UFMG n.419,, Cedeplar-UFMG.<br \/>\n<em><em>[Publsihed: BRITTO, Gustavo; CAMARGO, O. S. ; KRUSS, Glenda ; ALBUQUERQUE, E.M.\u00a0<a href=\"https:\/\/doi.org\/10.1080\/2157930X.2012.762169\">Global interactions between firms and universities.<\/a> Innovation and Development, v. 3, p. 71-87, 2013.]<\/em><\/em><\/p>\n<hr \/>\n<p>Gustavo Britto &amp; Jo\u00e3o Prates Romero, 2011. &#8220;<a href=\"https:\/\/ideas.repec.org\/p\/cdp\/texdis\/td449.html\">Modelos kaldorianos de crescimento e suas extens\u00f5es contempor\u00e2neas<\/a>,&#8221; Texto para Discuss\u00e3o do Cedeplar-UFMG n.449, Cedeplar-UFMG.<\/p>\n<hr \/>\n<p>Jo\u00e3o Prates Romero &amp; Fabr\u00cccio Silveira &amp; Gustavo Britto, 2011. &#8220;<a href=\"https:\/\/ideas.repec.org\/p\/cdp\/texdis\/td440.html\">Structural change, National Innovation System and balance-of-payments constraint: a theoretical and empirical analysis of the Brazilian case,<\/a>&#8221; Texto para Discuss\u00e3o do Cedeplar-UFMG n.440, Cedeplar-UFMG.<\/p>\n<hr \/>\n<p>Gustavo Britto, 2010. &#8220;Determinantes do investimento das firmas industriais brasileiras: uma an\u00e1lise explorat\u00f3ria com modelos hier\u00e1rquicos,&#8221; Texto para do Discuss\u00e3o Cedeplar-UFMG n.406, Cedeplar-UFMG.<br \/>\n<em>[Published: BRITTO, Gustavo.; McCOMBIE, J.S.L. <a href=\"http:\/\/www.braziliankeynesianreview.org\/index.php\/BKR\/article\/view\/36\">Increasing returns to scale and regions: a multilevel model for Brazil<\/a>. BRAZILIAN KEYNESIAN REVIEW, v. 1, p. 118-134, 2015.]<\/em><\/p>\n<hr \/>\n<p style=\"text-align: center\">Other academic profiles:<br \/>\n|<a href=\"http:\/\/lattes.cnpq.br\/5668137663316742\">Lattes<\/a>|<a href=\"https:\/\/scholar.google.com.br\/citations?user=smEbMV0AAAAJ&amp;hl=pt-BR\">Google Scholar<\/a> |<a href=\"https:\/\/ideas.repec.org\/f\/pbr276.html\">RePEc<\/a>\u00a0|<a href=\"https:\/\/www.researchgate.net\/profile\/Gustavo_Britto\">ResearchGate<\/a>\u00a0|<br \/>\n|\u00a0<a href=\"https:\/\/orcid.org\/0000-0002-5285-3684\">ORCID<\/a>\u00a0| <a href=\"https:\/\/publons.com\/researcher\/2242838\/gustavo-britto\/\">Publons-Web-of-Science<\/a>|<\/p>\n","protected":false},"excerpt":{"rendered":"<p>|Google Scholar|RePEc\u00a0|ResearchGate|ORCID|Publons-Web-of-Science|Lattes| Published papers \u00a0 STEIN, A.Q.; BRITTO, G.; MEDEIROS, V.\u00a0Agricultural economic complexity and regional inequalities: a new approach using census data from Brazil. Regional Studies, 1-21, (2024). ROMERO, J. P.; FREITAS, E.; SILVEIRA, F.; BRITTO, Gustavo.; CIMINI, F.; JAYME JR, F. G. Complexity-Based Diversification Strategies: a new method for ranking promising activities for regional &hellip; <a href=\"https:\/\/docentes.face.ufmg.br\/gustavo\/en\/informacoes-gerais\/\" class=\"more-link\">Continuar lendo <span class=\"screen-reader-text\">Published Papers<\/span><\/a><\/p>\n","protected":false},"author":12,"featured_media":0,"parent":0,"menu_order":0,"comment_status":"closed","ping_status":"closed","template":"","meta":{"_crdt_document":"","_exactmetrics_skip_tracking":false,"_exactmetrics_sitenote_active":false,"_exactmetrics_sitenote_note":"","_exactmetrics_sitenote_category":0,"footnotes":""},"class_list":["post-11","page","type-page","status-publish","hentry"],"_links":{"self":[{"href":"https:\/\/docentes.face.ufmg.br\/gustavo\/wp-json\/wp\/v2\/pages\/11","targetHints":{"allow":["GET"]}}],"collection":[{"href":"https:\/\/docentes.face.ufmg.br\/gustavo\/wp-json\/wp\/v2\/pages"}],"about":[{"href":"https:\/\/docentes.face.ufmg.br\/gustavo\/wp-json\/wp\/v2\/types\/page"}],"author":[{"embeddable":true,"href":"https:\/\/docentes.face.ufmg.br\/gustavo\/wp-json\/wp\/v2\/users\/12"}],"replies":[{"embeddable":true,"href":"https:\/\/docentes.face.ufmg.br\/gustavo\/wp-json\/wp\/v2\/comments?post=11"}],"version-history":[{"count":123,"href":"https:\/\/docentes.face.ufmg.br\/gustavo\/wp-json\/wp\/v2\/pages\/11\/revisions"}],"predecessor-version":[{"id":784,"href":"https:\/\/docentes.face.ufmg.br\/gustavo\/wp-json\/wp\/v2\/pages\/11\/revisions\/784"}],"wp:attachment":[{"href":"https:\/\/docentes.face.ufmg.br\/gustavo\/wp-json\/wp\/v2\/media?parent=11"}],"curies":[{"name":"wp","href":"https:\/\/api.w.org\/{rel}","templated":true}]}}