{"id":109,"date":"2019-09-14T16:47:45","date_gmt":"2019-09-14T19:47:45","guid":{"rendered":"http:\/\/docentes.face.ufmg.br\/gustavo\/?page_id=109"},"modified":"2020-01-05T15:36:18","modified_gmt":"2020-01-05T18:36:18","slug":"formacao","status":"publish","type":"page","link":"https:\/\/docentes.face.ufmg.br\/gustavo\/formacao\/","title":{"rendered":"Forma\u00e7\u00e3o Acad\u00eamica"},"content":{"rendered":"<p>|<a href=\"http:\/\/lattes.cnpq.br\/5668137663316742\">Lattes<\/a>|<a href=\"https:\/\/scholar.google.com.br\/citations?user=smEbMV0AAAAJ&amp;hl=pt-BR\">Google Scholar<\/a>|<a href=\"https:\/\/ideas.repec.org\/f\/pbr276.html\">RePEc<\/a>|<a href=\"https:\/\/www.researchgate.net\/profile\/Gustavo_Britto\">ResearchGate<\/a>|<a href=\"https:\/\/orcid.org\/0000-0002-5285-3684\">ORCID<\/a>|<a href=\"https:\/\/publons.com\/researcher\/2242838\/gustavo-britto\/\">Publons-Web-of-Science<\/a>|<a href=\"http:\/\/somos.ufmg.br\/professor\/gustavo-de-britto-rocha\">Som\u2295s UFMG<\/a>|<\/p>\n<hr \/>\n<p>A forma\u00e7\u00e3o acad\u00eamica detalhada a seguir s\u00f3 foi poss\u00edvel devido aos programas federais de apoio \u00e0 pesquisa e \u00e0 forma\u00e7\u00e3o e aperfei\u00e7oamento de pessoal de ensino superior. O programa de doutorado pleno no exterior foi viabilizado pela bolsa de estudos da Coordena\u00e7\u00e3o de Aperfei\u00e7oamento de Pessoal de N\u00edvel Superior (CAPES), do apoio t\u00e9cnico e log\u00edstico do Instituto de Pesquisas Econ\u00f4mica Aplicada (IPEA) e do Instituto Brasileiro de Geografia e Estat\u00edstica (IBGE). O mestrado teve apoio da CAPES e do Conselho Nacional de Desenvolvimento Cient\u00edfico e Tecnol\u00f3gico (CNPq). A gradua\u00e7\u00e3o teve apoio parcial da CAPES. Al\u00e9m do suporte material, todas as etapas dependeram fundamentalmente do trabalho dos servidores dessas institui\u00e7\u00f5es.<\/p>\n<hr \/>\n<p><img loading=\"lazy\" decoding=\"async\" class=\"alignnone  wp-image-116\" src=\"http:\/\/docentes.face.ufmg.br\/gustavo\/wp-content\/uploads\/sites\/19\/2019\/09\/Study_Centre_Night-300x100.jpg\" alt=\"\" width=\"597\" height=\"199\" srcset=\"https:\/\/docentes.face.ufmg.br\/gustavo\/wp-content\/uploads\/sites\/19\/2019\/09\/Study_Centre_Night-300x100.jpg 300w, https:\/\/docentes.face.ufmg.br\/gustavo\/wp-content\/uploads\/sites\/19\/2019\/09\/Study_Centre_Night-768x256.jpg 768w, https:\/\/docentes.face.ufmg.br\/gustavo\/wp-content\/uploads\/sites\/19\/2019\/09\/Study_Centre_Night-500x167.jpg 500w, https:\/\/docentes.face.ufmg.br\/gustavo\/wp-content\/uploads\/sites\/19\/2019\/09\/Study_Centre_Night.jpg 900w\" sizes=\"auto, (max-width: 597px) 100vw, 597px\" \/><\/p>\n<p><strong>(2003-2008) &#8211; Doutor pelo Land Economy Department,\u00a0University of Cambridge, UK.<\/strong><br \/>\nT\u00edtulo:<em><a href=\"http:\/\/idiscover.lib.cam.ac.uk\/permalink\/f\/t9gok8\/44CAM_ALMA21431268150003606\"> Economic Growth in Brazil from a Kaldorian perspective<\/a><\/em><br \/>\nOrientador: Professor John S. L. McCombie<\/p>\n<hr \/>\n<p><img loading=\"lazy\" decoding=\"async\" class=\"alignnone  wp-image-118\" src=\"http:\/\/docentes.face.ufmg.br\/gustavo\/wp-content\/uploads\/sites\/19\/2019\/09\/bannerie-200916-300x126.jpg\" alt=\"\" width=\"581\" height=\"244\" srcset=\"https:\/\/docentes.face.ufmg.br\/gustavo\/wp-content\/uploads\/sites\/19\/2019\/09\/bannerie-200916-300x126.jpg 300w, https:\/\/docentes.face.ufmg.br\/gustavo\/wp-content\/uploads\/sites\/19\/2019\/09\/bannerie-200916-768x322.jpg 768w, https:\/\/docentes.face.ufmg.br\/gustavo\/wp-content\/uploads\/sites\/19\/2019\/09\/bannerie-200916-1024x429.jpg 1024w, https:\/\/docentes.face.ufmg.br\/gustavo\/wp-content\/uploads\/sites\/19\/2019\/09\/bannerie-200916-500x209.jpg 500w, https:\/\/docentes.face.ufmg.br\/gustavo\/wp-content\/uploads\/sites\/19\/2019\/09\/bannerie-200916.jpg 1600w\" sizes=\"auto, (max-width: 581px) 100vw, 581px\" \/><\/p>\n<p><strong>(1999 &#8211; 2002)\u00a0Mestrado em Economia, Instituto de Economia\u00a0<\/strong><br \/>\nUniversidade Estadual de Campinas, UNICAMP<br \/>\nT\u00edtulo: <a href=\"https:\/\/www.researchgate.net\/publication\/273760608_Abertura_comercial_e_reestruturacao_industrial_no_Brasil_um_estudo_dos_coeficientes_de_comercio\"><em>Abertura Comercial e Reestrutura\u00e7\u00e3o Industrial no Brasil: um estudo dos coeficientes de com\u00e9rcio<\/em><\/a><br \/>\nOrientador: Professor Mariano Francisco Laplane<br \/>\nCoorientador: Fernando Sarti<\/p>\n<hr \/>\n<p><img loading=\"lazy\" decoding=\"async\" class=\"alignnone  wp-image-115\" src=\"http:\/\/docentes.face.ufmg.br\/gustavo\/wp-content\/uploads\/sites\/19\/2019\/09\/FACE-300x157.jpg\" alt=\"\" width=\"592\" height=\"310\" srcset=\"https:\/\/docentes.face.ufmg.br\/gustavo\/wp-content\/uploads\/sites\/19\/2019\/09\/FACE-300x157.jpg 300w, https:\/\/docentes.face.ufmg.br\/gustavo\/wp-content\/uploads\/sites\/19\/2019\/09\/FACE-768x401.jpg 768w, https:\/\/docentes.face.ufmg.br\/gustavo\/wp-content\/uploads\/sites\/19\/2019\/09\/FACE-1024x534.jpg 1024w, https:\/\/docentes.face.ufmg.br\/gustavo\/wp-content\/uploads\/sites\/19\/2019\/09\/FACE-500x261.jpg 500w, https:\/\/docentes.face.ufmg.br\/gustavo\/wp-content\/uploads\/sites\/19\/2019\/09\/FACE.jpg 1171w\" sizes=\"auto, (max-width: 592px) 100vw, 592px\" \/><\/p>\n<p><strong>(1995 &#8211; 1998)\u00a0Gradua\u00e7\u00e3o em Ci\u00eancias Econ\u00f4micas, UFMG<\/strong><br \/>\nT\u00edtulo:<em> Ind\u00fastria de Alta Tecnologia no Brasil: localiza\u00e7\u00e3o e din\u00e2mica regional<br \/>\n<\/em>Orientador: Professor Cl\u00e9lio Campolina Diniz<br \/>\nCoorientador: Professor Rodrigo F. Sim\u00f5es<\/p>\n<hr \/>\n","protected":false},"excerpt":{"rendered":"<p>|Lattes|Google Scholar|RePEc|ResearchGate|ORCID|Publons-Web-of-Science|Som\u2295s UFMG| A forma\u00e7\u00e3o acad\u00eamica detalhada a seguir s\u00f3 foi poss\u00edvel devido aos programas federais de apoio \u00e0 pesquisa e \u00e0 forma\u00e7\u00e3o e aperfei\u00e7oamento de pessoal de ensino superior. O programa de doutorado pleno no exterior foi viabilizado pela bolsa de estudos da Coordena\u00e7\u00e3o de Aperfei\u00e7oamento de Pessoal de N\u00edvel Superior (CAPES), do apoio &hellip; <a href=\"https:\/\/docentes.face.ufmg.br\/gustavo\/formacao\/\" class=\"more-link\">Continuar lendo <span class=\"screen-reader-text\">Forma\u00e7\u00e3o Acad\u00eamica<\/span><\/a><\/p>\n","protected":false},"author":12,"featured_media":0,"parent":0,"menu_order":0,"comment_status":"closed","ping_status":"closed","template":"","meta":{"_crdt_document":"","_exactmetrics_skip_tracking":false,"_exactmetrics_sitenote_active":false,"_exactmetrics_sitenote_note":"","_exactmetrics_sitenote_category":0,"footnotes":""},"class_list":["post-109","page","type-page","status-publish","hentry"],"_links":{"self":[{"href":"https:\/\/docentes.face.ufmg.br\/gustavo\/wp-json\/wp\/v2\/pages\/109","targetHints":{"allow":["GET"]}}],"collection":[{"href":"https:\/\/docentes.face.ufmg.br\/gustavo\/wp-json\/wp\/v2\/pages"}],"about":[{"href":"https:\/\/docentes.face.ufmg.br\/gustavo\/wp-json\/wp\/v2\/types\/page"}],"author":[{"embeddable":true,"href":"https:\/\/docentes.face.ufmg.br\/gustavo\/wp-json\/wp\/v2\/users\/12"}],"replies":[{"embeddable":true,"href":"https:\/\/docentes.face.ufmg.br\/gustavo\/wp-json\/wp\/v2\/comments?post=109"}],"version-history":[{"count":25,"href":"https:\/\/docentes.face.ufmg.br\/gustavo\/wp-json\/wp\/v2\/pages\/109\/revisions"}],"predecessor-version":[{"id":465,"href":"https:\/\/docentes.face.ufmg.br\/gustavo\/wp-json\/wp\/v2\/pages\/109\/revisions\/465"}],"wp:attachment":[{"href":"https:\/\/docentes.face.ufmg.br\/gustavo\/wp-json\/wp\/v2\/media?parent=109"}],"curies":[{"name":"wp","href":"https:\/\/api.w.org\/{rel}","templated":true}]}}