{"id":2,"date":"2016-06-09T14:03:11","date_gmt":"2016-06-09T17:03:11","guid":{"rendered":"http:\/\/docentes.face.ufmg.br\/john-doe\/?page_id=2"},"modified":"2017-01-20T13:30:19","modified_gmt":"2017-01-20T15:30:19","slug":"sobre","status":"publish","type":"page","link":"https:\/\/docentes.face.ufmg.br\/grguedes\/","title":{"rendered":"About me"},"content":{"rendered":"<p class=\"western\" align=\"justify\">I am\u00a0an Associate Professor\u00a0at the Department of Demography at <a href=\"http:\/\/www.face.ufmg.br\" target=\"_blank\">FACE<\/a> and a Core Faculty\u00a0of\u00a0<a href=\"http:\/\/www.cedeplar.ufmg.br\/\" target=\"_blank\" rel=\"nofollow\">CEDEPLAR<\/a>\u00a0at the\u00a0<a href=\"http:\/\/www.ufmg.br\/\" target=\"_blank\" rel=\"nofollow\">Universidade Federal de Minas Gerais<\/a>\u00a0(Brazil)\u00a0since 2012. I\u00a0also coordinate the <em>Cities and Urbanization Subnetwork<\/em> (along with Dr. Alisson Barbieri) at the Rede Brasileira\u00a0de Pesquisas sobre\u00a0Mudan\u00e7as Clim\u00e1ticas (<a href=\"http:\/\/redeclima.ccst.inpe.br\/cidades-e-urbanizacao\/\" target=\"_blank\">Rede Clima<\/a>). You will find more information about me in the following links:<br \/>\n&nbsp;<br \/>\n<img loading=\"lazy\" decoding=\"async\" class=\"alignnone size-medium wp-image-251\" src=\"http:\/\/docentes.face.ufmg.br\/grguedes\/wp-content\/uploads\/sites\/33\/2016\/06\/lattes_color-249x300.png\" alt=\"\" width=\"24\" height=\"24\" \/>\u00a0CV in <a href=\"http:\/\/lattes.cnpq.br\/7740592064640884\" target=\"_blank\">Portuguese<\/a><br \/>\n<img loading=\"lazy\" decoding=\"async\" class=\"alignnone size-full wp-image-252\" src=\"http:\/\/docentes.face.ufmg.br\/grguedes\/wp-content\/uploads\/sites\/33\/2016\/06\/pdf_alt.jpg\" alt=\"\" width=\"24\" height=\"24\" \/>\u00a0CV in <a href=\"https:\/\/drive.google.com\/file\/d\/0BzQiUEDcHJMvQURvQ2VUaEx1OTg\/view?usp=sharing\" target=\"_blank\">English<\/a><br \/>\n<img loading=\"lazy\" decoding=\"async\" class=\"alignnone size-full wp-image-253\" src=\"http:\/\/docentes.face.ufmg.br\/grguedes\/wp-content\/uploads\/sites\/33\/2016\/06\/researchgate_color.png\" alt=\"\" width=\"24\" height=\"24\" \/>\u00a0<a href=\"https:\/\/www.researchgate.net\/profile\/Gilvan_Guedes\" target=\"_blank\">Research Gate<\/a><br \/>\n<img loading=\"lazy\" decoding=\"async\" class=\"alignnone size-full wp-image-254\" src=\"http:\/\/docentes.face.ufmg.br\/grguedes\/wp-content\/uploads\/sites\/33\/2016\/06\/academia_black.png\" alt=\"\" width=\"30\" height=\"30\" \/><a href=\"https:\/\/ufmg.academia.edu\/GilvanGuedes\" target=\"_blank\">Academia<\/a><br \/>\n&nbsp;<br \/>\nIf you are interested in my\u00a0published papers, go\u00a0to the <strong>Academic\u00a0Publications<\/strong> page at this site or click <a href=\"http:\/\/docentes.face.ufmg.br\/grguedes\/publications\/\">here<\/a>.<!--more--><\/p>\n<p class=\"western\" align=\"justify\">Prior to my current\u00a0position at CEDEPLAR,\u00a0I worked at the Universidade Vale do Rio Doce\u00a0as an associate professor in the Department of Accounting and Management, as a core faculty in\u00a0the Graduate Program in\u00a0Territorial Studies (GIT), as an associate faculty in the Microbiology Graduate Program and as the director of the Interdisciplinary Observatory for Territorial Studies (OBIT). I hold degrees in Economics (B.S., 2003), Finance (M.B.A, 2005), and Demography (Ph.D., 2010 \u2013 Cedeplar\/UFMG; postdoctoral fellowship, 2011 \u2013 ECI\/Brown University; sabbatical, 2016 \u2013 PSC\/University of Pennsylvania).<\/p>\n<p class=\"western\" align=\"justify\">I am currently working with international collaborators (Dr. <a href=\"http:\/\/msi.ucsb.edu\/people\/faculty\/david-lopez-carr\" target=\"_blank\">David L. Carr<\/a> &#8211; UCSB; \u00a0Dr. <a href=\"https:\/\/globalhealth.duke.edu\/people\/faculty\/pan-william\" target=\"_blank\">William Pan<\/a> &#8211; Duke University; Dr. <a href=\"http:\/\/www.cmena.org\" target=\"_blank\">Carlos Mena<\/a> &#8211; Universidad San Francisco de Quito; Dr. <a href=\"http:\/\/www.indiana.edu\/~anthro\/people\/faculty\/ebrondiz.shtml\" target=\"_blank\">Eduardo Brondizio<\/a> &#8211; IUB) on the many ways population and environmental issues connect, especially in frontier areas. In the last years, I have devoted my research efforts to understanding\u00a0the connection between land use systems and household demography in frontier areas, environmental attitude and behavior, field and quantitative methods applied to population studies, and economic development.<!--more--><\/p>\n<p class=\"western\" align=\"justify\">In collaboration with four other authors, I am\u00a0publishing the book\u00a0<a href=\"http:\/\/gilvanguedes.com\/publications\/gombook\/\" target=\"_blank\"><strong>Grade of Membership: conceitos b\u00e1sicos e aplica\u00e7\u00e3o emp\u00edrica usando o programa GoM para Windows, Linux, Stata e R<\/strong><\/a><i>\u00a0<\/i><i>(Grade of Membership: basic concepts and application using the GoM program for Windows, Linux, Stata and R. Belo Horizonte, Editora UFMG, 2017)<\/i>,\u00a0which reviews\u00a0the theoretical principals of fuzzy classification methods and provides a detailed, step-by-step, tutorial on how to use the Grade of Membership method on different environments and softwares.<\/p>\n<p class=\"western\" align=\"justify\"><a href=\"http:\/\/gilvanguedes.com\/publications\/gombook\/\" target=\"_blank\"><img loading=\"lazy\" decoding=\"async\" class=\"alignnone wp-image-90 aligncenter\" src=\"http:\/\/docentes.face.ufmg.br\/grguedes\/wp-content\/uploads\/sites\/33\/2016\/06\/capa-238x300.jpg\" alt=\"\" width=\"297\" height=\"374\" srcset=\"https:\/\/docentes.face.ufmg.br\/grguedes\/wp-content\/uploads\/sites\/33\/2016\/06\/capa-238x300.jpg 238w, https:\/\/docentes.face.ufmg.br\/grguedes\/wp-content\/uploads\/sites\/33\/2016\/06\/capa-768x968.jpg 768w, https:\/\/docentes.face.ufmg.br\/grguedes\/wp-content\/uploads\/sites\/33\/2016\/06\/capa-813x1024.jpg 813w, https:\/\/docentes.face.ufmg.br\/grguedes\/wp-content\/uploads\/sites\/33\/2016\/06\/capa-500x630.jpg 500w\" sizes=\"auto, (max-width: 297px) 100vw, 297px\" \/><\/a><\/p>\n","protected":false},"excerpt":{"rendered":"<p>I am\u00a0an Associate Professor\u00a0at the Department of Demography at FACE and a Core Faculty\u00a0of\u00a0CEDEPLAR\u00a0at the\u00a0Universidade Federal de Minas Gerais\u00a0(Brazil)\u00a0since 2012. I\u00a0also coordinate the Cities and Urbanization Subnetwork (along with Dr. Alisson Barbieri) at the Rede Brasileira\u00a0de Pesquisas sobre\u00a0Mudan\u00e7as Clim\u00e1ticas (Rede Clima). You will find more information about me in the following links: &nbsp; \u00a0CV in &hellip; <a href=\"https:\/\/docentes.face.ufmg.br\/grguedes\/\" class=\"more-link\">Continuar lendo <span class=\"screen-reader-text\">About me<\/span><\/a><\/p>\n","protected":false},"author":1,"featured_media":0,"parent":0,"menu_order":0,"comment_status":"closed","ping_status":"closed","template":"","meta":{"_crdt_document":"","_exactmetrics_skip_tracking":false,"_exactmetrics_sitenote_active":false,"_exactmetrics_sitenote_note":"","_exactmetrics_sitenote_category":0,"footnotes":""},"class_list":["post-2","page","type-page","status-publish","hentry"],"_links":{"self":[{"href":"https:\/\/docentes.face.ufmg.br\/grguedes\/wp-json\/wp\/v2\/pages\/2","targetHints":{"allow":["GET"]}}],"collection":[{"href":"https:\/\/docentes.face.ufmg.br\/grguedes\/wp-json\/wp\/v2\/pages"}],"about":[{"href":"https:\/\/docentes.face.ufmg.br\/grguedes\/wp-json\/wp\/v2\/types\/page"}],"author":[{"embeddable":true,"href":"https:\/\/docentes.face.ufmg.br\/grguedes\/wp-json\/wp\/v2\/users\/1"}],"replies":[{"embeddable":true,"href":"https:\/\/docentes.face.ufmg.br\/grguedes\/wp-json\/wp\/v2\/comments?post=2"}],"version-history":[{"count":17,"href":"https:\/\/docentes.face.ufmg.br\/grguedes\/wp-json\/wp\/v2\/pages\/2\/revisions"}],"predecessor-version":[{"id":274,"href":"https:\/\/docentes.face.ufmg.br\/grguedes\/wp-json\/wp\/v2\/pages\/2\/revisions\/274"}],"wp:attachment":[{"href":"https:\/\/docentes.face.ufmg.br\/grguedes\/wp-json\/wp\/v2\/media?parent=2"}],"curies":[{"name":"wp","href":"https:\/\/api.w.org\/{rel}","templated":true}]}}