{"id":24,"date":"2016-06-09T14:33:03","date_gmt":"2016-06-09T17:33:03","guid":{"rendered":"http:\/\/docentes.face.ufmg.br\/john-doe\/?page_id=24"},"modified":"2023-02-08T15:25:44","modified_gmt":"2023-02-08T18:25:44","slug":"premios","status":"publish","type":"page","link":"https:\/\/docentes.face.ufmg.br\/gpzapata\/premios\/","title":{"rendered":"Grants &amp; Prizes"},"content":{"rendered":"<p>2023 LASA Travel Grant, Latin American Studies Association (LASA).<\/p>\n<p>2022 CAPES\/Print, Professor Visitante S\u00eanior (PVS), chamada PRPG\/UFMG 05\/2022<\/p>\n<p>2020 Research Fellow (PQ-2), CNPq (Brazil)<\/p>\n<p>2020 Scholarship &#8211; Programa Movilidad de Profesorado Universidades del Grupo Tordesillas. Fundaci\u00f3n Carolina (Spain). Estancia de Investigaci\u00f3n y Docencia, Universidad de Sevilla, Espa\u00f1a (2021).<\/p>\n<p>2017 Brown International Advanced Research Institute (BIARI) Scholarship<\/p>\n<p>2015 Postdoctoral scholarship, CAPES (Brazil)<\/p>\n<p>2014 Thirtieth International Geographical Congress Award, Royal Geographical Society with IBG (RGS-IBG).<\/p>\n<p>2014 LASA Travel Grant, Latin American Studies Association (LASA).<\/p>\n<p>2013 Thirtieth International Geographical Congress Award, Royal Geographical Society with IBG (RGS-IBG).<\/p>\n<p>2012 Thirtieth International Geographical Congress Award, Royal Geographical Society with IBG (RGS-IBG).<\/p>\n<p>2011 Santander International Exchange Bursary, Santander Universities.<\/p>\n<p>2011Postgraduate International Conference Grant, Society for Latin American Studies (SLAS).<\/p>\n<p>2010 Monash University Writing and Publishing Workshop, Newcastle University &amp; Monash University.<\/p>\n<p>2009 Dudley Stamp Memorial Award, Royal Geographical Society with IBG (RGS-IBG).<\/p>\n<p>2009 SLAS Postgraduate Travel Grant, Society for Latin American Studies (SLAS).<\/p>\n<p>2008 PhD scholarship, Newcastle University.<\/p>\n<p>2008 Developing Areas Research Group Travel Award, Royal Geographical Society with IBG.<strong>\u00a0<\/strong><\/p>\n","protected":false},"excerpt":{"rendered":"<p>2023 LASA Travel Grant, Latin American Studies Association (LASA). 2022 CAPES\/Print, Professor Visitante S\u00eanior (PVS), chamada PRPG\/UFMG 05\/2022 2020 Research Fellow (PQ-2), CNPq (Brazil) 2020 Scholarship &#8211; Programa Movilidad de Profesorado Universidades del Grupo Tordesillas. Fundaci\u00f3n Carolina (Spain). Estancia de Investigaci\u00f3n y Docencia, Universidad de Sevilla, Espa\u00f1a (2021). 2017 Brown International Advanced Research Institute (BIARI) &hellip; <a href=\"https:\/\/docentes.face.ufmg.br\/gpzapata\/premios\/\" class=\"more-link\">Continuar lendo <span class=\"screen-reader-text\">Grants &amp; Prizes<\/span><\/a><\/p>\n","protected":false},"author":57,"featured_media":0,"parent":0,"menu_order":0,"comment_status":"closed","ping_status":"closed","template":"","meta":{"_crdt_document":"","_exactmetrics_skip_tracking":false,"_exactmetrics_sitenote_active":false,"_exactmetrics_sitenote_note":"","_exactmetrics_sitenote_category":0,"footnotes":""},"class_list":["post-24","page","type-page","status-publish","hentry"],"_links":{"self":[{"href":"https:\/\/docentes.face.ufmg.br\/gpzapata\/wp-json\/wp\/v2\/pages\/24","targetHints":{"allow":["GET"]}}],"collection":[{"href":"https:\/\/docentes.face.ufmg.br\/gpzapata\/wp-json\/wp\/v2\/pages"}],"about":[{"href":"https:\/\/docentes.face.ufmg.br\/gpzapata\/wp-json\/wp\/v2\/types\/page"}],"author":[{"embeddable":true,"href":"https:\/\/docentes.face.ufmg.br\/gpzapata\/wp-json\/wp\/v2\/users\/57"}],"replies":[{"embeddable":true,"href":"https:\/\/docentes.face.ufmg.br\/gpzapata\/wp-json\/wp\/v2\/comments?post=24"}],"version-history":[{"count":12,"href":"https:\/\/docentes.face.ufmg.br\/gpzapata\/wp-json\/wp\/v2\/pages\/24\/revisions"}],"predecessor-version":[{"id":205,"href":"https:\/\/docentes.face.ufmg.br\/gpzapata\/wp-json\/wp\/v2\/pages\/24\/revisions\/205"}],"wp:attachment":[{"href":"https:\/\/docentes.face.ufmg.br\/gpzapata\/wp-json\/wp\/v2\/media?parent=24"}],"curies":[{"name":"wp","href":"https:\/\/api.w.org\/{rel}","templated":true}]}}