{"id":28,"date":"2021-06-23T11:33:29","date_gmt":"2021-06-23T14:33:29","guid":{"rendered":"http:\/\/docentes.face.ufmg.br\/john-doe\/?page_id=28"},"modified":"2026-03-02T11:46:55","modified_gmt":"2026-03-02T14:46:55","slug":"producao-bibliografica","status":"publish","type":"page","link":"https:\/\/docentes.face.ufmg.br\/gonzaga\/producao-bibliografica\/","title":{"rendered":"Recent Peer-Reviewed Papers"},"content":{"rendered":"\n<h4 class=\"wp-block-heading\"><strong><em>Papers in Peer-Reviewed Journals<\/em><\/strong><\/h4>\n\n\n\n<p class=\"wp-block-paragraph\"><em>Enhancing Industry-Modern Services Integration via Competitive Real Exchange Rates, <strong><a href=\"https:\/\/www.braziliankeynesianreview.org\/BKR\">Brazilian Keynesian Review<\/a><\/strong>, forthcoming (with Wallace M. Pereira and Fabr\u00edcio Missio)<\/em><\/p>\n\n\n\n<p class=\"wp-block-paragraph\"><em>Economic Growth and Pollution in Brazil: A Post-Kaleckian approach. <strong><a href=\"https:\/\/www.tandfonline.com\/journals\/mpke20\">Journal of Post Keynesian Economics<\/a><\/strong>, forthcoming (with Douglas Alencar, Eduardo Strachman and Cl\u00e1udio Puty)<\/em><\/p>\n\n\n\n<p class=\"wp-block-paragraph\"><em>The real exchange rate&#8217;s role in manufacturing-modern services integration. <a href=\"https:\/\/www.tandfonline.com\/journals\/rfse20\"><strong>Forum for Social Economics<\/strong><\/a>, forthcoming (with Wallace M. Pereira and Fabr\u00edcio Missio)<\/em><\/p>\n\n\n\n<p class=\"wp-block-paragraph\"><em>Modern services, real exchange rate and economic growth. <strong><a href=\"https:\/\/www.scielo.br\/j\/rep\/a\/tBdFNFdZc5YmVPbFhtKWY4M\/?lang=en#\">Brazilian Journal of Political Economy<\/a>, <\/strong>v. 45, p. 1-25, 2025 (with Wallace M. Pereira and Fabr\u00edcio Missio)<\/em><\/p>\n\n\n\n<p class=\"has-text-align-left wp-block-paragraph\"><em>Complexity-Based Diversification Strategies: a new method for ranking promising activities for regional diversification. <a href=\"https:\/\/www.tandfonline.com\/doi\/full\/10.1080\/17421772.2024.2384744\"><strong>Spatial Economic Analysis<\/strong><\/a><\/em><em>, v. 4, p. 1-24, 2024 (with Jo\u00e3o Romero, Elton Freitas, Fabr\u00edcio Silveira, Fernanda Cimini, Gustavo Britto)<\/em><\/p>\n\n\n\n<p class=\"has-text-align-left wp-block-paragraph\"><em>Structural Change in the 21st Century: The Role of the Modern Services Sector in the Economic Development Strategy. <a href=\"https:\/\/www.tandfonline.com\/doi\/full\/10.1080\/09538259.2024.2342431\" target=\"_blank\" rel=\"noopener\"><strong>Review of Political Economy<\/strong><\/a>, v. 3, p. 1-25, 2024 (with Wallace M. Pereira and Fabr\u00edcio Missio)<\/em><\/p>\n\n\n\n<p class=\"wp-block-paragraph\"><em>The role of services in economic development and the core-periphery relationship. <a href=\"https:\/\/www.cepal.org\/en\/publications\/type\/cepal-review\" target=\"_blank\" rel=\"noopener\"><strong>Cepal Review<\/strong><\/a>, n. 139, April 2023, pp. 29 &#8211; 60 (with Wallace M. Pereira and Fabr\u00edcio Missio)<\/em><\/p>\n\n\n\n<p class=\"wp-block-paragraph\"><em>Manufacturing and Economic Complexity: A Multisectoral Empirical Analysis. <strong><a href=\"http:\/\/www.revistas.unam.mx\/index.php\/rie\/issue\/view\/5986\" target=\"_blank\" rel=\"noopener\">Investigaci\u00f3n Econ\u00f3mica,<\/a> <\/strong>vol 81, n. 332, 2022 (with Rebeca M. N. Lima and Luciano F. Gabriel)<\/em><\/p>\n\n\n\n<p class=\"wp-block-paragraph\"><em>A Post Kaleckian Model with Productivity Growth and Real Exchange Rate Applied to Selected Latin American Countries. <a href=\"https:\/\/rosa.uniroma1.it\/rosa04\/psl_quarterly_review\/article\/view\/16603\" target=\"_blank\" rel=\"noopener\"><strong>PSL Quarterly Review<\/strong><\/a>, vol. 74, n. 297, June 2021 (with Douglas Alencar and Gustavo Britto).<\/em><\/p>\n\n\n\n<p class=\"wp-block-paragraph\"><em>Distribution and productivity growth: an empirical exercise applied to selected Latin American Countries. <a href=\"https:\/\/doi.org\/10.1080\/09538259.2020.1815961\" target=\"_blank\" rel=\"noopener\"><strong>Review of Political Economy<\/strong><\/a>, vol. 33 (3), pp. 487-510, 2021 (with Douglas Alencar, Gustavo Britto and Cl\u00e1udio Puty).<\/em><\/p>\n\n\n\n<p class=\"wp-block-paragraph\"><em>Growth, Distribution, and External Constraints: a Post Kaleckian Model Applied to Brazil. <a href=\"https:\/\/doi.org\/10.1080\/09538259.2020.1720149\" target=\"_blank\" rel=\"noopener\"><strong>Review of Political Economy<\/strong><\/a>. vol. 33 (1), pp. 44-66, 2021 (with Douglas Alencar and Gustavo Britto)<\/em><\/p>\n\n\n\n<p class=\"wp-block-paragraph\"><em>Manufacturing, Economic Growth, And Real Exchange Rate: Empirical Evidence In Panel Data And Input-Output Multipliers. <a href=\"https:\/\/doi.org\/10.13133\/2037-3643_73.292_3\" target=\"_blank\" rel=\"noopener\"><strong>PSL Quarterly Review<\/strong><\/a>, vol. 73 (292), pp. 51-75, 2020 (with Luciano Gabriel, J.L. Oreiro and Luis Carlos Ribeiro).<\/em><\/p>\n\n\n\n<p class=\"wp-block-paragraph\"><em>Endogeneity of the elasticities and the real exchange rate in a balance of payments constrained growth model: cross-country empirical evidence. <strong><a href=\"https:\/\/doi.org\/10.33834\/bkr.v5i2.193\" target=\"_blank\" rel=\"noopener\">Brazilian Keynesian Review<\/a>, <\/strong>&nbsp;vol 5 (2), pp. 214-38, 2019 (with Renato Campos and Gustavo Britto).<\/em><\/p>\n\n\n\n<p class=\"wp-block-paragraph\"><em>Mudan\u00e7a Estrutural, Hiato Tecnol\u00f3gico e capital Humano em um Modelo Norte-Sul de Crescimento com Restri\u00e7\u00e3o no Balan\u00e7o de Pagamentos. <a href=\"https:\/\/doi.org\/10.1590\/0101-41614932lfj\" target=\"_blank\" rel=\"noopener\"><strong>Estudos Econ\u00f4micos (USP)<\/strong><\/a>, vol. 49, n.3, pp. 465-99, 2019 (with L Gabriel and J.L. Oreiro).<\/em><\/p>\n\n\n\n<p class=\"wp-block-paragraph\"><em>Exchange Rate Policies, Class Conflict, and Economic Development from Furtado&#8217;s view. <a href=\"https:\/\/doi.org\/10.1590\/0101-35172019-2885\" target=\"_blank\" rel=\"noopener\"><strong>Brazilian Journal of Political Economy<\/strong><\/a>, vol. 59, n.1 (154), pp. 23-38, Jan-Mar, 2019. (with L\u00facio Barbosa and Fabr\u00edcio Missio).<\/em><\/p>\n\n\n\n<p class=\"wp-block-paragraph\"><em>Economia Regional e Financeiriza\u00e7\u00e3o: Uma Agenda de Pesquisa. <a href=\"https:\/\/periodicos.ufpa.br\/index.php\/cepec\/article\/view\/7762\" target=\"_blank\" rel=\"noopener\"><strong>Cadernos Cepec<\/strong><\/a>, v. 8, pp. 6-24, 2019 (with Douglas Alencar, F. Taques and Eduardo Strachman).<\/em><\/p>\n\n\n\n<p class=\"wp-block-paragraph\"><em>Managing Real Exchange Rate for economic development: empirical evidences from developing countries.<a href=\"https:\/\/doi.org\/10.1080\/01603477.2018.1486209\" target=\"_blank\" rel=\"noopener\"> <strong>Journal of Post Keynesian Economics<\/strong><\/a>, vol. 41, Issue 4, pp. 598-619, 2018 (with L\u00facio Barbosa and Fabr\u00edcio Missio).<\/em><\/p>\n\n\n\n<p class=\"wp-block-paragraph\"><em>Productivity, the real exchange rate and the aggregate demand: an empirical exercise applied to Brazil from 1960 to 2011. <a href=\"https:\/\/doi.org\/10.1080\/01603477.2017.1423233\" target=\"_blank\" rel=\"noopener\"><strong>Journal of Post Keynesian Economics<\/strong><\/a>, vol. 41, Issue 3, pp. 455-77, 2018 (with Douglas Alencar, and Gustavo Britto).&nbsp;<\/em><\/p>\n\n\n\n<p class=\"wp-block-paragraph\"><em>Determinants of the real exchange rate in the long-run for developing and emerging countries: a theoretical and empirical approach. <strong><a href=\"https:\/\/doi.org\/10.1080\/02692171.2017.1332017\" target=\"_blank\" rel=\"noopener\">International Review of Applied Economics<\/a>, <\/strong>v. 32, Issue 1, pp. 62-83, 2018 (with L\u00facio Barbosa and Fabr\u00edcio Missio).<\/em><\/p>\n\n\n\n<p class=\"wp-block-paragraph\"><em>Endogenous Elasticities and the Impact of the Real Exchange Rate on Structural Economic Dynamics. <a href=\"https:\/\/doi.org\/10.1016\/j.strueco.2017.06.002\" target=\"_blank\" rel=\"noopener\"><strong>Structural Change and Economic Dynamics<\/strong><\/a>, v. 42, pp. 67-75, 2017 (with Fabr\u00edcio Missio and Ricardo Ara\u00fajo).<\/em><\/p>\n\n\n\n<p class=\"wp-block-paragraph\"><em>A North-South Model of Economic Growth, Technological Gap, Structural Change and Real Exchange Rate. <a href=\"https:\/\/doi.org\/10.1016\/j.strueco.2016.03.003\" target=\"_blank\" rel=\"noopener\"><strong>Structural Change and Economic Dynamics<\/strong><\/a>, v. 38, pp. 83-94, 2016 (with Luciano Gabriel and Jos\u00e9 Lu\u00eds Oreiro).<\/em><\/p>\n\n\n\n<p class=\"wp-block-paragraph\"><em>Development of the financial system and poverty in Brazil: a multivariate analysis. <\/em><a href=\"https:\/\/doi.org\/10.1590\/1982-3533.2016v25n1art9\" target=\"_blank\" rel=\"noopener\"><strong><em>Economia e Sociedade<\/em><\/strong><\/a><em>, v. 25, pp. 247-278, 2016. (with T\u00e2nia Fialho and Ana Hermeto) [in portuguese]<\/em><\/p>\n\n\n\n<p class=\"wp-block-paragraph\"><em>The structuralist tradition in economics: methodological and macroeconomics aspects. <a href=\"https:\/\/doi.org\/10.1590\/0101-31572015v35n02a03\" target=\"_blank\" rel=\"noopener\"><strong>Brazilian Journal of Political Economy<\/strong><\/a>, v. 35, pp. 247-266, 2015. (with Fabr\u00edcio Missio and Jos\u00e9 Lu\u00eds Oreiro)<\/em><\/p>\n\n\n\n<p class=\"wp-block-paragraph\"><em>Capital accumulation, structural change and real exchange rate in a Keynesian-Structuralist growth model. <a href=\"https:\/\/doi.org\/10.2298\/PAN1502237O\" target=\"_blank\" rel=\"noopener\"><strong>Panoeconomicus<\/strong><\/a>, v. 62, pp. 237-256, 2015. (with Jos\u00e9 Lu\u00eds Oreiro and Fabr\u00edcio Missio)<\/em><\/p>\n\n\n\n<p class=\"wp-block-paragraph\"><em>Fiscal Consolidation in Developed and Emerging Economies. <a href=\"https:\/\/doi.org\/10.1590\/0103-6351\/3550\" target=\"_blank\" rel=\"noopener\"><strong>Nova Economia<\/strong><\/a>, v. 25, pp. 835-861, 2015.(with Paulo Camuri and Ana Hermeto)<\/em><\/p>\n\n\n\n<p class=\"wp-block-paragraph\"><em>Real Exchange Rate and Economic Growth: New Empirical Evidence. <\/em><strong><em><a href=\"https:\/\/doi.org\/10.1111\/meca.12087\" target=\"_blank\" rel=\"noopener\">Metroeconomica<\/a>,<\/em><\/strong><em> v. 66, pp. 686-714, 2015. (with Fabr\u00edcio Missio, Gustavo Britto and jos\u00e9 Lu\u00eds Oreiro)<\/em><\/p>\n\n\n\n<p class=\"wp-block-paragraph\"><em>Financial development and economic growth: theory and empirical evidence for the Brazilian States (1995-2004). <\/em><a href=\"https:\/\/doi.org\/10.22456\/2176-5456.39374\" target=\"_blank\" rel=\"noopener\"><strong><em>An\u00e1lise Econ\u00f4mica<\/em><\/strong><\/a><em>, v. 33, pp. 191-227, 2015 (with Fabr\u00edcio Missio and Ana Hermeto Oliveira) [in portuguese]<\/em><\/p>\n\n\n\n<p class=\"wp-block-paragraph\"><em>The problem of elasticities in growth models with external constraints: contributions to the debate. <\/em><a href=\"https:\/\/doi.org\/10.1590\/0101-4161201545233ffo\" target=\"_blank\" rel=\"noopener\"><strong><em>Estudos Econ\u00f4micos<\/em><\/strong><\/a><em>, v. 45 (2), pp. 317-346, 2015. (with Fabr\u00edcio Missio and Oct\u00e1vio Concei\u00e7\u00e3o) [in portuguese]<\/em><\/p>\n\n\n\n<p class=\"wp-block-paragraph\"><em>Fiscal, Monetary Policies, and their relations with Poverty and Inequality. <a href=\"https:\/\/doi.org\/10.31061\/redepp.v0n1.53-72\" target=\"_blank\" rel=\"noopener\"><strong>Revista de Desenvolvimento e Pol\u00edticas P\u00fablicas<\/strong><\/a>, V. 0, N.1, 2015 (with J\u00falio C\u00e9sar dos Reis and Ana Hermeto Oliveira) [in portuguese].<\/em><\/p>\n\n\n\n<p class=\"wp-block-paragraph\"><em>Exports and Multiple Exchange Rate in Brazil. <\/em><a href=\"https:\/\/doi.org\/10.1590\/S0104-06182014000100004\" target=\"_blank\" rel=\"noopener\"><strong><em>Economia e Sociedade<\/em><\/strong><\/a><em>, v.23, pp. 107-129, 2014. (with Marco Resende, Gustavo Britto and Mauro Lemos) [in portuguese]<\/em><\/p>\n\n\n\n<p class=\"wp-block-paragraph\"><em>Cycles and Poverty in Brazil: A Study for the recent decade. <\/em><a href=\"https:\/\/doi.org\/10.1590\/S0104-06182014000100007\"><strong><em>Economia e Sociedade<\/em><\/strong><\/a><em>, v.23, pp. 187-221, 2014. (with Ricardo Martini and Ana Oliveira). <\/em><em>[in portuguese]<\/em><\/p>\n\n\n\n<p class=\"wp-block-paragraph\"><em>Balance-of-Payments Constrained Growth: A Post Keynesian Model with Capital Inflows<strong>. <a href=\"https:\/\/www.tandfonline.com\/doi\/abs\/10.2753\/PKE0160-3477350303\" target=\"_blank\" rel=\"noopener\">Journal of Post Keynesian Economics<\/a><\/strong>, v. 35, p. 373-398, 2013 (with S\u00e9rgio Meyrelles Filho and G. Lib\u00e2nio).<\/em><\/p>\n\n\n\n<p class=\"wp-block-paragraph\"><em>Competitiveness and External Constraints in Euro Zone. <a href=\"https:\/\/doi.org\/10.1590\/S0101-31572013000100002\" target=\"_blank\" rel=\"noopener\"><strong>Brazilian Journal of Political Economy<\/strong><\/a>, v.33, p. 17-40, 2013 (with Andr\u00e9 Diniz) [in Portuguese]<\/em><\/p>\n","protected":false},"excerpt":{"rendered":"<p>Papers in Peer-Reviewed Journals Enhancing Industry-Modern Services Integration via Competitive Real Exchange Rates, Brazilian Keynesian Review, forthcoming (with Wallace M. Pereira and Fabr\u00edcio Missio) Economic Growth and Pollution in Brazil: A Post-Kaleckian approach. Journal of Post Keynesian Economics, forthcoming (with Douglas Alencar, Eduardo Strachman and Cl\u00e1udio Puty) The real exchange rate&#8217;s role in manufacturing-modern services &hellip; <a href=\"https:\/\/docentes.face.ufmg.br\/gonzaga\/producao-bibliografica\/\" class=\"more-link\">Continuar lendo <span class=\"screen-reader-text\">Recent Peer-Reviewed Papers<\/span><\/a><\/p>\n","protected":false},"author":51,"featured_media":0,"parent":0,"menu_order":0,"comment_status":"closed","ping_status":"closed","template":"","meta":{"_crdt_document":"","_exactmetrics_skip_tracking":false,"_exactmetrics_sitenote_active":false,"_exactmetrics_sitenote_note":"","_exactmetrics_sitenote_category":0,"footnotes":""},"class_list":["post-28","page","type-page","status-publish","hentry"],"_links":{"self":[{"href":"https:\/\/docentes.face.ufmg.br\/gonzaga\/wp-json\/wp\/v2\/pages\/28","targetHints":{"allow":["GET"]}}],"collection":[{"href":"https:\/\/docentes.face.ufmg.br\/gonzaga\/wp-json\/wp\/v2\/pages"}],"about":[{"href":"https:\/\/docentes.face.ufmg.br\/gonzaga\/wp-json\/wp\/v2\/types\/page"}],"author":[{"embeddable":true,"href":"https:\/\/docentes.face.ufmg.br\/gonzaga\/wp-json\/wp\/v2\/users\/51"}],"replies":[{"embeddable":true,"href":"https:\/\/docentes.face.ufmg.br\/gonzaga\/wp-json\/wp\/v2\/comments?post=28"}],"version-history":[{"count":64,"href":"https:\/\/docentes.face.ufmg.br\/gonzaga\/wp-json\/wp\/v2\/pages\/28\/revisions"}],"predecessor-version":[{"id":495,"href":"https:\/\/docentes.face.ufmg.br\/gonzaga\/wp-json\/wp\/v2\/pages\/28\/revisions\/495"}],"wp:attachment":[{"href":"https:\/\/docentes.face.ufmg.br\/gonzaga\/wp-json\/wp\/v2\/media?parent=28"}],"curies":[{"name":"wp","href":"https:\/\/api.w.org\/{rel}","templated":true}]}}