{"id":196,"date":"2018-12-19T12:17:04","date_gmt":"2018-12-19T14:17:04","guid":{"rendered":"http:\/\/docentes.face.ufmg.br\/gonzaga\/?page_id=196"},"modified":"2025-06-28T11:51:14","modified_gmt":"2025-06-28T14:51:14","slug":"livros-e-capitulos-de-livros","status":"publish","type":"page","link":"https:\/\/docentes.face.ufmg.br\/gonzaga\/livros-e-capitulos-de-livros\/","title":{"rendered":"Books and Book Chapters"},"content":{"rendered":"\n<p class=\"has-medium-font-size wp-block-paragraph\"><em><strong>Books<\/strong><\/em><\/p>\n\n\n\n<p class=\"wp-block-paragraph\"><strong><em><a href=\"https:\/\/cedeplar.ufmg.br\/wp-content\/uploads\/2022\/11\/Crise-pandemia-alternativas_SL.pdf\" target=\"_blank\" rel=\"noreferrer noopener\">Crise, Pandemia e Alternativas (org.) <\/a><\/em><\/strong><em>1. ed, Belo Horizonte, Cedeplar, 2022 (with Eduardo Albuquerque and Gustavo Britto)<\/em><\/p>\n\n\n\n<p class=\"wp-block-paragraph\"><em><strong><a rel=\"noreferrer noopener\" href=\"http:\/\/www.ipea.gov.br\/portal\/images\/stories\/PDFs\/livros\/livro_bancospublicos.pdf\" target=\"_blank\">Bancos P\u00fablicos e Desenvolvimento<\/a><\/strong><\/em>. <em><strong>(Org.)<\/strong><\/em> <em>1. ed. Rio de Janeiro: IPEA, 2010. v. 1. 359p . (Com Marco Crocco)<\/em><\/p>\n\n\n\n<p class=\"wp-block-paragraph\"><em><strong><a rel=\"noreferrer noopener\" href=\"https:\/\/editora.ufpa.br\/como-comprar\" target=\"_blank\">As Amaz\u00f4nias do S\u00e9culo XXI<\/a><\/strong><\/em>. <strong><em>(Org.)<\/em><\/strong>. <em>Bel\u00e9m: EDUFPA, 2008. 292p. (com S\u00e9rgio Rivero)<\/em><\/p>\n\n\n\n<p class=\"wp-block-paragraph\"><strong><em><a rel=\"noreferrer noopener\" href=\"https:\/\/www.amazon.com.br\/Moeda-territ%C3%B3rio-interpreta%C3%A7%C3%A3o-din%C3%A2mica-brasileira\/dp\/8575262041\" target=\"_blank\">Moeda e Territ\u00f3rio: Uma Interpreta\u00e7\u00e3o da Din\u00e2mica Regional Brasileira<\/a> (Org.)<\/em><\/strong>. <em>Belo Horizonte: Aut\u00eantica, 2006. v. 1. 341p. (com Marco Crocco).<\/em><\/p>\n\n\n\n<p class=\"has-medium-font-size wp-block-paragraph\"><strong><em>Book Chapters<\/em><\/strong><\/p>\n\n\n\n<p class=\"wp-block-paragraph\"><em>A pol\u00edtica econ\u00f4mica do terceiro governo Lula: heran\u00e7a do desmonte social e reconstru\u00e7\u00e3o em cen\u00e1rio adverso. In Kerche, F. e Marona, M. (ed.) <strong><a href=\"https:\/\/www.grupoautentica.com.br\/produto\/governo-lula-3-1729\">Governo Lula 3: Reconstru\u00e7\u00e3o Democr\u00e1tica e Impasses Pol\u00edticos<\/a><\/strong>. Belo Horizonte, Aut\u00eantica, 2025.<\/em><\/p>\n\n\n\n<p class=\"wp-block-paragraph\"><em>Real Exchange Rate, Demand Growth, and Labor Productivity: A Growth Model of Cumulative and Circular Causation<\/em>. <em>In Aleksandr V. Gevorkyan (ed.)  <a rel=\"noreferrer noopener\" href=\"https:\/\/www.e-elgar.com\/shop\/usd\/foreign-exchange-constraint-and-developing-economies-9781800880498.html\" target=\"_blank\"><strong>Foreign Exchange Constraint and Developing Economies<\/strong>.<\/a> Northhampton, MA: Edward Elgar Publishing, 2023.<\/em> <em>(with Hugo C. Pereira, Fabr\u00edcio Missio, and Douglas Alencar)<\/em>.<\/p>\n\n\n\n<p class=\"wp-block-paragraph\"><em>Contribui\u00e7\u00f5es e Limites dos Servi\u00e7os Modernos para o Crescimento. In: Albuquerque, E.; Jayme Jr.; F.G.; Britto, G. <\/em><strong><em><a rel=\"noreferrer noopener\" href=\"https:\/\/cedeplar.ufmg.br\/wp-content\/uploads\/2022\/11\/Crise-pandemia-alternativas_SL.pdf\" target=\"_blank\">Crise, Pandemia e Alternativas (org.) <\/a><\/em><\/strong><em>1. ed, Belo Horizonte, Cedeplar, 2022<\/em>. <em>(with Wallace M. Pereira and Fabr\u00edcio Missio)<\/em><\/p>\n\n\n\n<p class=\"wp-block-paragraph\"><em>Growth, Distribution, and External Constraints: A Post-Kaleckian Model Applied to Brazil<\/em>. <em>In: Natalia Bracarense, N., Louis-Philippe Rochon. (Org.). <strong><a rel=\"noreferrer noopener\" href=\"https:\/\/www.routledge.com\/Development-Economics-Aptly-or-Wrongly-Named\/Bracarense-Rochon\/p\/book\/9781032212104\" target=\"_blank\">Development Economics Aptly or Wrongly Named?<\/a><\/strong>.<\/em> <em>1ed. New York: Routledge, 2022. (with Douglas Alencar and Gustavo Britto)<\/em><\/p>\n\n\n\n<p class=\"wp-block-paragraph\"><em>A Post Keynesian Framework for Real Exchange Rate Determination: An Overview. In: Bruno Bonizzi; Annina Kaltenbrunner; Raquel Ramos. <strong><a rel=\"noreferrer noopener\" href=\"https:\/\/www.routledge.com\/Emerging-Economies-and-the-Global-Financial-System-Post-Keynesian-Analysis\/Bonizzi-Kaltenbrunner-Ramos\/p\/book\/9780367111427\" target=\"_blank\">Emerging Economies and the Global Financial System: Post Keynesian Analysis<\/a><\/strong>. London, Routledge, 2021 (with L\u00facio Barbosa and Fabr\u00edcio Missio)<\/em><\/p>\n\n\n\n<p class=\"wp-block-paragraph\"><em>A Pandemia e o Modelo de Desenvolvimento Excludente no Brasil. In: Bernardo Motta Moreira; Jos\u00e9 Alcione Bernardes Jr.. (Org.). <a href=\"https:\/\/dspace.almg.gov.br\/bitstream\/11037\/43336\/3\/Nepel%202021_com_capa_completo_FINAL_pdf_A.pdf\" target=\"_blank\" rel=\"noreferrer noopener\"><strong>Pandemia de Covid-19: M\u00faltiplas Perspectivas<\/strong>.<\/a> 1ed. Belo Horizonte: Editora da ALMB, 2021, v. 1, p. 217-248.<\/em> <em>(with Fabr\u00edcio Missio)<\/em><\/p>\n\n\n\n<p class=\"wp-block-paragraph\"><em>Pol\u00edtica cambial, produtividade e crescimento sustentado no Brasil p\u00f3s-crise. In: F\u00e1bio Terra; Daniela Prates. (Org.).<a rel=\"noreferrer noopener\" href=\"https:\/\/editora.ufabc.edu.br\/ciencias-sociais\/75-o-brasil-pos-recessao\" target=\"_blank\"> <strong>O Brasil p\u00f3s-recess\u00e3o das origens da crise \u00e0s perspectivas e desafios futuros<\/strong><\/a><strong>.<\/strong> 1ed. S\u00e3o Paulo: Editora UFABC, 2020, v. 1, p. 149-165. (with Fabr\u00edcio Missio, Hugo Carcanholo and Lucio Barbosa)<\/em><\/p>\n\n\n\n<p class=\"wp-block-paragraph\"><em>Mudan\u00e7a Estrutural e Balan\u00e7o de Pagamentos. In: Carmen Feij\u00f3 &amp; Eliane Ara\u00fajo. <strong><a rel=\"noreferrer noopener\" href=\"https:\/\/www.amazon.com.br\/Macroeconomia-Moderna-Carmem-Feij%C3%B3\/dp\/8535293167\/ref=tmm_pap_swatch_0?_encoding=UTF8&amp;qid=&amp;sr=\" target=\"_blank\">Macroeconomia Moderna<\/a><\/strong>, Rio de Janeiro: Elsevier, 2019. (with Luciano F. Gabriel)<\/em><\/p>\n\n\n\n<p class=\"wp-block-paragraph\"><em>Cadeias Globais de Valor, Capacidade Inovativa e Restri\u00e7\u00f5es ao Crescimento no Brasil. In: Barbosa, Allan C.Q.; Parente, Cristina. (Org.). <strong><a rel=\"noreferrer noopener\" href=\"https:\/\/editoracrv.com.br\/produtos\/detalhes\/33767-sociologia-gestao-e-economiabr-dialogos-transversais-entre-brasil-e-portugal\" target=\"_blank\">Sociologia, Gest\u00e3o e Economia: Di\u00e1logos Transversais entre Brasil e Portugal<\/a><\/strong>.1ed.Curitiba: CRV, 2019, v. 1, p. 29-58. (with Helder Ferreira and M\u00e1rcia Rapini).<\/em><\/p>\n\n\n\n<p class=\"wp-block-paragraph\"><em>Taxa de C\u00e2mbio Real e Mudan\u00e7a Estrutural: Diagn\u00f3sticos e Propostas In: Eduardo da Motta e Albuquerque; M\u00f4nica Viegas Andrade. (Org.). <strong><a href=\"https:\/\/cedeplar.ufmg.br\/wp-content\/uploads\/2021\/06\/Alternativas-para-uma-crise-de-multiplas-dimensoes.pdf\" target=\"_blank\" rel=\"noreferrer noopener\">Alternativas para uma crise de m\u00faltiplas dimens\u00f5es<\/a><\/strong>. 1ed.Belo Horizonte: Cedeplar, 2018, v. 1, p. 96-114. (with Lucio Barbosa and Fabr\u00edcio Missio)<\/em><\/p>\n\n\n\n<p class=\"wp-block-paragraph\"><em>N\u00edvel da Taxa Real de C\u00e2mbio, Crescimento e Com\u00e9rcio Exterior: Algumas Li\u00e7\u00f5es a Partir da Evid\u00eancia Emp\u00edrica no Brasil (1962-2010). In: Joaquim Ramos Silva; Allan C. Q. Barbosa. (Org.). <strong><a href=\"http:\/\/www.edi-colibri.pt\/Detalhes.aspx?ItemID=1794\" target=\"_blank\" rel=\"noreferrer noopener\">Desafios Econ\u00f4micos e Gerenciais das Rela\u00e7\u00f5es Luso-Brasileiras: Uma D\u00e9cada em Perspectiva<\/a><\/strong>. 1ed.Lisboa: Edi\u00e7\u00f5es Colibri, 2013, v. 1, p. 75-91. (with Joana Avritzer).<\/em><\/p>\n\n\n\n<p class=\"wp-block-paragraph\"><em>Structural Heterogeneity and Endogeneity of Elasticities on the Balance of Payments Constrained Growth Model. In: Souziakis, Elias; Cerqueira, Pedro. (Org.).<strong> <a href=\"https:\/\/www.palgrave.com\/gp\/book\/9781137023940\" target=\"_blank\" rel=\"noreferrer noopener\">Models of Balance of Payments Constrained Growth<\/a><\/strong><a href=\"https:\/\/www.palgrave.com\/gp\/book\/9781137023940\">.<\/a> 1ed.London: Palgrave, 2012, v. 1, p. 239-267. (with Fabr\u00edcio Missio).<\/em><\/p>\n\n\n\n<p class=\"wp-block-paragraph\"><em>Liquidez Internacional e Ciclos de Crescimento: O Caso do Brasil. In: Oreiro, J.L.; de Paula, l..F.; Bas\u00edlio, F.. (Org.). <strong><a href=\"https:\/\/www.amazon.com.br\/Macroeconomia-Desenvolvimento-Uma-Perspectiva-Keynesiana\/dp\/8521631510?tag=goog0ef-20&amp;smid=A1ZZFT5FULY4LN&amp;ascsubtag=go_729680143_34002717090_172477348789_aud-519888259198:pla-300227447946_c_\" target=\"_blank\" rel=\"noreferrer noopener\">Macroeconomia do Desenvolvimento<\/a>.<\/strong> 1ed.Recife: Editora Universit\u00e1ria UFPE, 2012, v. 1, p. 195-233. (Marco Fl\u00e1vio Resende and Adriana Amado).<\/em><\/p>\n\n\n\n<p class=\"wp-block-paragraph\"><em>Bancos P\u00fablicos e Desenvolvimento: Uma Introdu\u00e7\u00e3o. In: Jayme Jr, F.G.; Crocco, M.. (Org.). <strong><a rel=\"noreferrer noopener\" href=\"http:\/\/www.ipea.gov.br\/portal\/images\/stories\/PDFs\/livros\/livro_bancospublicos.pdf\" target=\"_blank\">Bancos P\u00fablicos e Desenvolvimento<\/a><\/strong>. 1ed.Rio de Janeiro: IPEA, 2010, v. 1, p. 17-24. (with Marco Crocco)<\/em>.<\/p>\n\n\n\n<p class=\"wp-block-paragraph\"><em>Crescimento Econ\u00f4mico e Restri\u00e7\u00e3o Externa: Teoria e a Experi\u00eancia Brasileira. In: Renault Michel; Leonardo Mello. (Org.). <strong><a href=\"http:\/\/www.ipea.gov.br\/portal\/images\/stories\/Livro_CrescimentoEconomico02.pdf\" target=\"_blank\" rel=\"noreferrer noopener\">Crescimento Econ\u00f4mico: Setor Externo e Infla\u00e7\u00e3o<\/a><\/strong>. 1ed.Bras\u00edlia: IPEA, 2009, v. 1, p. 25-45. (with Marco Fl\u00e1vio Resende).<\/em><\/p>\n\n\n\n<p class=\"wp-block-paragraph\"><em>Growth Under External Constraints in Brazil: A Post Keynesian Approach. In: Richard Holt; Steven Pressman. (Org.). <strong><a href=\"https:\/\/www.amazon.com\/Empirical-Post-Keynesian-Economics-Looking-ebook\/dp\/B00R6BGM2Q\" target=\"_blank\" rel=\"noreferrer noopener\">Empirical Post Keynesian Economics: Looking at the Real World<\/a><\/strong><a href=\"https:\/\/www.amazon.com\/Empirical-Post-Keynesian-Economics-Looking-ebook\/dp\/B00R6BGM2Q\">.<\/a> New York: M.E. Sharpe, 2007, v. , p. 305-328.<\/em><\/p>\n\n\n\n<p class=\"wp-block-paragraph\"><em>Knowledge Externalities and Growth in Peripheral Regions. In: Phillip Arestis; Michele Baddeley; John McCombie. (Org.).<strong> <a href=\"https:\/\/www.amazon.com\/Economic-Growth-Directions-Theory-Policy\/dp\/1845425316\" target=\"_blank\" rel=\"noreferrer noopener\">Economic Growth: New Directions in Theory and Policy<\/a><\/strong>. Cheltenham, UK: Edgar Elgar, 2007, v. 1, p. 223-237. (with Fabiana Santos and Marco Crocco)<\/em><\/p>\n","protected":false},"excerpt":{"rendered":"<p>Books Crise, Pandemia e Alternativas (org.) 1. ed, Belo Horizonte, Cedeplar, 2022 (with Eduardo Albuquerque and Gustavo Britto) Bancos P\u00fablicos e Desenvolvimento. (Org.) 1. ed. Rio de Janeiro: IPEA, 2010. v. 1. 359p . (Com Marco Crocco) As Amaz\u00f4nias do S\u00e9culo XXI. (Org.). Bel\u00e9m: EDUFPA, 2008. 292p. (com S\u00e9rgio Rivero) Moeda e Territ\u00f3rio: Uma Interpreta\u00e7\u00e3o &hellip; <a href=\"https:\/\/docentes.face.ufmg.br\/gonzaga\/livros-e-capitulos-de-livros\/\" class=\"more-link\">Continuar lendo <span class=\"screen-reader-text\">Books and Book Chapters<\/span><\/a><\/p>\n","protected":false},"author":51,"featured_media":0,"parent":0,"menu_order":0,"comment_status":"closed","ping_status":"closed","template":"","meta":{"_crdt_document":"","_exactmetrics_skip_tracking":false,"_exactmetrics_sitenote_active":false,"_exactmetrics_sitenote_note":"","_exactmetrics_sitenote_category":0,"footnotes":""},"class_list":["post-196","page","type-page","status-publish","hentry"],"_links":{"self":[{"href":"https:\/\/docentes.face.ufmg.br\/gonzaga\/wp-json\/wp\/v2\/pages\/196","targetHints":{"allow":["GET"]}}],"collection":[{"href":"https:\/\/docentes.face.ufmg.br\/gonzaga\/wp-json\/wp\/v2\/pages"}],"about":[{"href":"https:\/\/docentes.face.ufmg.br\/gonzaga\/wp-json\/wp\/v2\/types\/page"}],"author":[{"embeddable":true,"href":"https:\/\/docentes.face.ufmg.br\/gonzaga\/wp-json\/wp\/v2\/users\/51"}],"replies":[{"embeddable":true,"href":"https:\/\/docentes.face.ufmg.br\/gonzaga\/wp-json\/wp\/v2\/comments?post=196"}],"version-history":[{"count":35,"href":"https:\/\/docentes.face.ufmg.br\/gonzaga\/wp-json\/wp\/v2\/pages\/196\/revisions"}],"predecessor-version":[{"id":457,"href":"https:\/\/docentes.face.ufmg.br\/gonzaga\/wp-json\/wp\/v2\/pages\/196\/revisions\/457"}],"wp:attachment":[{"href":"https:\/\/docentes.face.ufmg.br\/gonzaga\/wp-json\/wp\/v2\/media?parent=196"}],"curies":[{"name":"wp","href":"https:\/\/api.w.org\/{rel}","templated":true}]}}