{"id":28,"date":"2016-06-09T14:40:27","date_gmt":"2016-06-09T17:40:27","guid":{"rendered":"http:\/\/docentes.face.ufmg.br\/john-doe\/?page_id=28"},"modified":"2022-04-21T15:27:53","modified_gmt":"2022-04-21T18:27:53","slug":"publications","status":"publish","type":"page","link":"https:\/\/docentes.face.ufmg.br\/fjmissio\/publications\/","title":{"rendered":"Publications"},"content":{"rendered":"<li>TEIXEIRA, F. O. ; MISSIO, F. J.; DATHEIN, R. <a href=\"https:\/\/rosa.uniroma1.it\/rosa04\/psl_quarterly_review\/article\/view\/17505\">Economic complexity, structural transformation and economic growth in a regional context: evidence for Brazil<\/a>. PSL QUARTERLY REVIEW, v. 75, p. 47-79, 2022.<\/li>\n<li>MISSIO, F. J.; MARTINS, H. E. P. <a href=\"https:\/\/www.scielo.br\/j\/neco\/a\/QhdDCdbgC8VQQhM8mfBQX3B\/?lang=en\">Development and culture: in search of a lost agenda<\/a>. NOVA ECONOMIA (UFMG. IMPRESSO), v. 29, p. 1091-1016, 2019.<\/li>\n<li>BARBOSA, L. O. S. ;JAYME JR., F. G.; MISSIO, F. J. <a href=\"https:\/\/www.tandfonline.com\/doi\/abs\/10.1080\/01603477.2018.1486209?journalCode=mpke20\">Managing real exchange rate for economic growth: Empirical evidences from developing countries<\/a>. JOURNAL OF POST KEYNESIAN ECONOMICS, p. 1-22, 2018.<\/li>\n<li>BARBOSA, L. O. S. ;JAYME JR., F. G.; MISSIO, F. J. <a href=\"https:\/\/www.tandfonline.com\/doi\/abs\/10.1080\/02692171.2017.1332017\">Determinants of The Real Exchange Rate in The Long-Run for Developing and Emerging Countries: a theoretical and empirical approach<\/a>. INTERNATIONAL REVIEW OF APPLIED ECONOMICS, v. 1, p. 1-22, 2017<\/li>\n<li>MISSIO, F. J.; ARAUJO, R. A.; JAYME JR, F. G. <a href=\"https:\/\/www.sciencedirect.com\/science\/article\/abs\/pii\/S0954349X17301777\">Endogenous Elasticities and the Impact of the Real Exchange Rate on Structural Economic Dynamics<\/a>. Structural Change and Economic Dynamics, v. 42, p. 67-75, 2017.<\/li>\n<li>MISSIO, F. J.; GABRIEL, L. F. <a href=\"https:\/\/www.sciencedirect.com\/science\/article\/pii\/S1517758016300881\">Real exchange rate, technological catching up and spillovers in a balance-of-payments constrained growth model<\/a>. Economia (Bras\u00edlia), v. 17, p. 291-309, 2016.<\/li>\n<ol>\n<h5>BOOK CHAPTERS (Most recent)<\/h5>\n<ol>\n<li>BARBOSA, L. O. S. ; JAYME JR., F. G.;MISSIO, F. J. <a href=\"https:\/\/www.taylorfrancis.com\/chapters\/edit\/10.4324\/9780429025037-14\/post-keynesian-framework-real-exchange-rate-determination-l%C3%BAcio-barbosa-frederico-jayme-fabr%C3%ADcio-missio\">A Post Keynesian framework for real exchange rate determination: An overview.<\/a> In: Bruno Bonizzi, Annina Kaltenbrunner, Raquel A. Ramos. (Org.). Emerging Economies and the Global Financial System: Post-Keynesian Analysis. 1ed.: Routledge, 2021, v. , p. 149-163.<\/li>\n<p><a href=\"https:\/\/www.sciencedirect.com\/science\/article\/pii\/S1517758016300881\"><\/a><\/p>\n<p><a href=\"https:\/\/www.sciencedirect.com\/science\/article\/pii\/S1517758016300881\"><\/a><\/p>\n<p><a href=\"https:\/\/www.sciencedirect.com\/science\/article\/pii\/S1517758016300881\"><\/p>\n<li>JAYME JR., F. G.; MISSIO, F. J. A pandemia e o modelo de desenvolvimento excludente no brasil. In: Bernardo Motta Moreira; Jos\u00e9 Alcione Bernardes J\u00fanior. (Org.). Pandemia de Covid-19: m\u00faltiplas perspectivas. 1ed.Belo Horizonte: Assembleia Legislativa do Estado de Minas Gerais, Escola do Legislativo, N\u00facleo, 2021, p. 217-248.<\/li>\n<p><\/a><a href=\"https:\/\/www.sciencedirect.com\/science\/article\/pii\/S1517758016300881\"><\/a><a href=\"https:\/\/www.sciencedirect.com\/science\/article\/pii\/S1517758016300881\"><\/a><\/ol>\n<p><a href=\"https:\/\/www.sciencedirect.com\/science\/article\/pii\/S1517758016300881\"><br \/>\n<\/a><\/ol>\n","protected":false},"excerpt":{"rendered":"<p>TEIXEIRA, F. O. ; MISSIO, F. J.; DATHEIN, R. Economic complexity, structural transformation and economic growth in a regional context: evidence for Brazil. PSL QUARTERLY REVIEW, v. 75, p. 47-79, 2022. MISSIO, F. J.; MARTINS, H. E. P. Development and culture: in search of a lost agenda. NOVA ECONOMIA (UFMG. IMPRESSO), v. 29, p. 1091-1016, &hellip; <a href=\"https:\/\/docentes.face.ufmg.br\/fjmissio\/publications\/\" class=\"more-link\">Continuar lendo <span class=\"screen-reader-text\">Publications<\/span><\/a><\/p>\n","protected":false},"author":37,"featured_media":0,"parent":0,"menu_order":0,"comment_status":"closed","ping_status":"closed","template":"","meta":{"_crdt_document":"","_exactmetrics_skip_tracking":false,"_exactmetrics_sitenote_active":false,"_exactmetrics_sitenote_note":"","_exactmetrics_sitenote_category":0,"footnotes":""},"class_list":["post-28","page","type-page","status-publish","hentry"],"_links":{"self":[{"href":"https:\/\/docentes.face.ufmg.br\/fjmissio\/wp-json\/wp\/v2\/pages\/28","targetHints":{"allow":["GET"]}}],"collection":[{"href":"https:\/\/docentes.face.ufmg.br\/fjmissio\/wp-json\/wp\/v2\/pages"}],"about":[{"href":"https:\/\/docentes.face.ufmg.br\/fjmissio\/wp-json\/wp\/v2\/types\/page"}],"author":[{"embeddable":true,"href":"https:\/\/docentes.face.ufmg.br\/fjmissio\/wp-json\/wp\/v2\/users\/37"}],"replies":[{"embeddable":true,"href":"https:\/\/docentes.face.ufmg.br\/fjmissio\/wp-json\/wp\/v2\/comments?post=28"}],"version-history":[{"count":32,"href":"https:\/\/docentes.face.ufmg.br\/fjmissio\/wp-json\/wp\/v2\/pages\/28\/revisions"}],"predecessor-version":[{"id":474,"href":"https:\/\/docentes.face.ufmg.br\/fjmissio\/wp-json\/wp\/v2\/pages\/28\/revisions\/474"}],"wp:attachment":[{"href":"https:\/\/docentes.face.ufmg.br\/fjmissio\/wp-json\/wp\/v2\/media?parent=28"}],"curies":[{"name":"wp","href":"https:\/\/api.w.org\/{rel}","templated":true}]}}