{"id":21,"date":"2016-06-09T14:31:19","date_gmt":"2016-06-09T17:31:19","guid":{"rendered":"http:\/\/docentes.face.ufmg.br\/john-doe\/?page_id=21"},"modified":"2022-04-21T10:22:27","modified_gmt":"2022-04-21T13:22:27","slug":"area-of-activity","status":"publish","type":"page","link":"https:\/\/docentes.face.ufmg.br\/fjmissio\/area-of-activity\/","title":{"rendered":"Teaching"},"content":{"rendered":"\n<h5 class=\"wp-block-heading\">Courses &#8211; <strong>GRADUATE LEVEL<\/strong><\/h5>\n\n\n\n<ol class=\"wp-block-list\"><li>ECN900 &#8211; Macroeconomics I<\/li><li>ECN974 &#8211; Economic Development<\/li><\/ol>\n\n\n\n<p class=\"wp-block-paragraph\"><\/p>\n\n\n\n<h5 class=\"wp-block-heading\">Working papers<\/h5>\n\n\n\n<p class=\"wp-block-paragraph\"><b>1. <\/b>PEREIRA, W. M. ; MISSIO, F. J.; JAYME JR., F. G. O papel dos servi\u00e7os no desenvolvimento econ\u00f4mico e a rela\u00e7\u00e3o centro-periferia. In: 48\u00ba Encontro Nacional de Economia da ANPEC, 2020. Anais do 48\u00ba Encontro Nacional de Economia da ANPEC, 2020.<\/p>\n\n\n\n<p class=\"wp-block-paragraph\"><b>2. <\/b>PEREIRA, W. M. ;MISSIO, F. J.; JAYME JR., F. G. Servi\u00e7os Modernos, Taxa Real de C\u00e2mbio e Crescimento Econ\u00f4mico. In: XIII Encontro Internacional da Associa\u00e7\u00e3o Keynesiana Brasileira, 2020. Anais do XIII Encontro Internacional da Associa\u00e7\u00e3o Keynesiana Brasileira, 2020.<\/p>\n","protected":false},"excerpt":{"rendered":"<p>Courses &#8211; GRADUATE LEVEL ECN900 &#8211; Macroeconomics I ECN974 &#8211; Economic Development Working papers 1. PEREIRA, W. M. ; MISSIO, F. J.; JAYME JR., F. G. O papel dos servi\u00e7os no desenvolvimento econ\u00f4mico e a rela\u00e7\u00e3o centro-periferia. In: 48\u00ba Encontro Nacional de Economia da ANPEC, 2020. Anais do 48\u00ba Encontro Nacional de Economia da ANPEC, &hellip; <a href=\"https:\/\/docentes.face.ufmg.br\/fjmissio\/area-of-activity\/\" class=\"more-link\">Continuar lendo <span class=\"screen-reader-text\">Teaching<\/span><\/a><\/p>\n","protected":false},"author":1,"featured_media":0,"parent":0,"menu_order":0,"comment_status":"closed","ping_status":"closed","template":"","meta":{"_crdt_document":"","_exactmetrics_skip_tracking":false,"_exactmetrics_sitenote_active":false,"_exactmetrics_sitenote_note":"","_exactmetrics_sitenote_category":0,"footnotes":""},"class_list":["post-21","page","type-page","status-publish","hentry"],"_links":{"self":[{"href":"https:\/\/docentes.face.ufmg.br\/fjmissio\/wp-json\/wp\/v2\/pages\/21","targetHints":{"allow":["GET"]}}],"collection":[{"href":"https:\/\/docentes.face.ufmg.br\/fjmissio\/wp-json\/wp\/v2\/pages"}],"about":[{"href":"https:\/\/docentes.face.ufmg.br\/fjmissio\/wp-json\/wp\/v2\/types\/page"}],"author":[{"embeddable":true,"href":"https:\/\/docentes.face.ufmg.br\/fjmissio\/wp-json\/wp\/v2\/users\/1"}],"replies":[{"embeddable":true,"href":"https:\/\/docentes.face.ufmg.br\/fjmissio\/wp-json\/wp\/v2\/comments?post=21"}],"version-history":[{"count":32,"href":"https:\/\/docentes.face.ufmg.br\/fjmissio\/wp-json\/wp\/v2\/pages\/21\/revisions"}],"predecessor-version":[{"id":444,"href":"https:\/\/docentes.face.ufmg.br\/fjmissio\/wp-json\/wp\/v2\/pages\/21\/revisions\/444"}],"wp:attachment":[{"href":"https:\/\/docentes.face.ufmg.br\/fjmissio\/wp-json\/wp\/v2\/media?parent=21"}],"curies":[{"name":"wp","href":"https:\/\/api.w.org\/{rel}","templated":true}]}}