{"id":11,"date":"2016-06-09T14:21:05","date_gmt":"2016-06-09T17:21:05","guid":{"rendered":"http:\/\/docentes.face.ufmg.br\/john-doe\/?page_id=11"},"modified":"2021-02-11T10:25:54","modified_gmt":"2021-02-11T13:25:54","slug":"education","status":"publish","type":"page","link":"https:\/\/docentes.face.ufmg.br\/fjmissio\/education\/","title":{"rendered":"Education"},"content":{"rendered":"<h5>Phd. in Economics, May 2012<\/h5>\n<ul>\nFederal University of Minas Gerais, UFMG, Brazil (with an exchange period at the University of Cambridge &#8211; Advisor: Dr. John McCombie).<\/p>\n<p>Title: <em>C\u00e2mbio e Crescimento na abordagem Keynesiana-Estruturalista<\/em>, Year of achievement: 2012.<\/p>\n<p>Advisor: Dr. Frederico G. Jayme Jr.<\/p>\n<p>Scholar of: Funda\u00e7\u00e3o de Apoio ao Desenvolvimento do Ensino, Ci\u00eancia e Tecnologia (MS), FUNDECT.<\/ul>\n<h5>M.A. in Economics, March 2002<\/h5>\n<ul>\nMasters in Economic Development (Grade 6 in CAPES).<\/p>\n<p>Federal University of Paran\u00e1, UFPR, Brazil.<\/p>\n<p>Title: <em>EQUIL\u00cdBRIO COM DESEMPREGO EM UM CONTEXTO DE PRE\u00c7OS E SAL\u00c1RIOS FLEXIVEIS: uma abordagem a partir de um modelo n\u00e3o linear caracterizado como ciclo limite<\/em>, Year of achievement: 2006.<\/p>\n<p>Advisor: Jos\u00e9 Luis Oreiro.<\/p>\n<p>2003 &#8211; 2005<\/p>\n<p>Specialization in Statistics and Quantitative Modeling.<\/p>\n<p>Federal Universidade of Santa Maria, UFSM, Brazil.<\/p>\n<p>Title: <em>VARIAVIES DUMMY: teoria e aplica\u00e7\u00f5es.<\/em><\/p>\n<p>Advisor: Luciane Flores Jacobi.<\/ul>\n<h5>B.A. in Economics, December 2002<\/h5>\n<ul>\nGraduation in Economics.<\/p>\n<p>Federal Universidade of Santa Maria, UFSM, Brazil.<\/p>\n<p>Title: <em>ECONOMIA POPULAR: O UNIVERSO E OS LIMITES DO SOLIDARISMO.<\/em><\/p>\n<p>Advisor: Jos\u00e9 Maria Dias Pereira.<\/ul>\n","protected":false},"excerpt":{"rendered":"<p>Phd. in Economics, May 2012 Federal University of Minas Gerais, UFMG, Brazil (with an exchange period at the University of Cambridge &#8211; Advisor: Dr. John McCombie). Title: C\u00e2mbio e Crescimento na abordagem Keynesiana-Estruturalista, Year of achievement: 2012. Advisor: Dr. Frederico G. Jayme Jr. Scholar of: Funda\u00e7\u00e3o de Apoio ao Desenvolvimento do Ensino, Ci\u00eancia e Tecnologia &hellip; <a href=\"https:\/\/docentes.face.ufmg.br\/fjmissio\/education\/\" class=\"more-link\">Continuar lendo <span class=\"screen-reader-text\">Education<\/span><\/a><\/p>\n","protected":false},"author":1,"featured_media":0,"parent":0,"menu_order":0,"comment_status":"closed","ping_status":"closed","template":"","meta":{"_crdt_document":"","_exactmetrics_skip_tracking":false,"_exactmetrics_sitenote_active":false,"_exactmetrics_sitenote_note":"","_exactmetrics_sitenote_category":0,"footnotes":""},"class_list":["post-11","page","type-page","status-publish","hentry"],"_links":{"self":[{"href":"https:\/\/docentes.face.ufmg.br\/fjmissio\/wp-json\/wp\/v2\/pages\/11","targetHints":{"allow":["GET"]}}],"collection":[{"href":"https:\/\/docentes.face.ufmg.br\/fjmissio\/wp-json\/wp\/v2\/pages"}],"about":[{"href":"https:\/\/docentes.face.ufmg.br\/fjmissio\/wp-json\/wp\/v2\/types\/page"}],"author":[{"embeddable":true,"href":"https:\/\/docentes.face.ufmg.br\/fjmissio\/wp-json\/wp\/v2\/users\/1"}],"replies":[{"embeddable":true,"href":"https:\/\/docentes.face.ufmg.br\/fjmissio\/wp-json\/wp\/v2\/comments?post=11"}],"version-history":[{"count":20,"href":"https:\/\/docentes.face.ufmg.br\/fjmissio\/wp-json\/wp\/v2\/pages\/11\/revisions"}],"predecessor-version":[{"id":393,"href":"https:\/\/docentes.face.ufmg.br\/fjmissio\/wp-json\/wp\/v2\/pages\/11\/revisions\/393"}],"wp:attachment":[{"href":"https:\/\/docentes.face.ufmg.br\/fjmissio\/wp-json\/wp\/v2\/media?parent=11"}],"curies":[{"name":"wp","href":"https:\/\/api.w.org\/{rel}","templated":true}]}}