{"id":199,"date":"2019-11-09T23:26:41","date_gmt":"2019-11-10T01:26:41","guid":{"rendered":"http:\/\/docentes.face.ufmg.br\/fcimini\/?page_id=199"},"modified":"2021-06-16T17:35:19","modified_gmt":"2021-06-16T20:35:19","slug":"videos","status":"publish","type":"page","link":"https:\/\/docentes.face.ufmg.br\/fcimini\/videos\/","title":{"rendered":"In the news, videos and podcasts"},"content":{"rendered":"<p><strong>Webinar sobre Diversidade na Ci\u00eancia<\/strong><\/p>\n<p>A professora Fernanda Cimini participou da live de lan\u00e7amento do\u00a0Guia Metodol\u00f3gico \u201c<a href=\"https:\/\/youtu.be\/t67lP4sO0Ss\">Forma\u00e7\u00e3o de equipes extraordin\u00e1rias para miss\u00f5es de desenvolvimento tecnol\u00f3gico<\/a>\u201d, elaborado pela equipe do Cedeplar, em 13 de abril de 2021.<\/p>\n<p><strong>Coopera\u00e7\u00e3o internacional e Am\u00e9rica do Sul<\/strong><\/p>\n<p><a href=\"https:\/\/youtu.be\/mPgh85a3lpY\">Live sobre diplomacia e coopera\u00e7\u00e3o internacional para o desenvolvimento<\/a> com a participa\u00e7\u00e3o da professora Fernanda Cimini e do professor\u00a0Tanguy Baghdadi, organizada pelo Clipping CACD, realizada no dia 09 de junho de 2021.<\/p>\n<p>Live<a href=\"https:\/\/youtu.be\/vThbD61YwOg\">\u00a0Jornada de Di\u00e1logos Brasil-Argentina: Coopera\u00e7\u00e3o empresarial Brasil-Argentina<\/a>, organizada pelo Cebri, em 19 de outubro de 2020.<\/p>\n<p class=\"title style-scope ytd-video-primary-info-renderer\">Live &#8220;<a href=\"https:\/\/youtu.be\/OEzCwWgJe74\">Brasil: de volta \u00e0 Am\u00e9rica do Sul<\/a>&#8220;, organizada pelo Cebri, em 17 de setembro de 2020, liderado por Celso Lafer, Conselheiro Em\u00e9rito e ex-Ministro de Rela\u00e7\u00f5es Exteriores e por Hussein Kalout, Senior Fellow e Pesquisador da Universidade de Harvard.<\/p>\n<p><strong>An\u00e1lise de conjuntura durante a Pandemia<\/strong><\/p>\n<p>Na segunda-feira, 26 de abril de 2021, a professora Fernanda Cimini participou da Live &#8220;<a href=\"https:\/\/www.youtube.com\/watch?v=3c_irDRyuGQ\">Gest\u00e3o da Pandemia na Am\u00e9rica do Sul<\/a>&#8220;, organizada pelo Centro Brasileiro de Rela\u00e7\u00f5es Internacionais (Cebri).<\/p>\n<p class=\"title style-scope ytd-video-primary-info-renderer\">Aula Magna &#8211; <a href=\"https:\/\/youtu.be\/7_DNNGIYfWU\">Perspectivas para a Am\u00e9rica Latina p\u00f3s-pandemia: o retorno ao nunca normal<\/a>, realizada pelo Departamento de Rela\u00e7\u00f5es Internacionais da UFPB, em 10 de agosto de 2020.<\/p>\n<p class=\"title style-scope ytd-video-primary-info-renderer\">Live &#8220;<a href=\"https:\/\/youtu.be\/0gH2YVGXbX8\">Impactos Mundiais da Covid-19: a economia p\u00f3s-pandemia<\/a>&#8220;, organizada pelo NEDET, em 28 de julho de 2020.<\/p>\n<p>Na quarta-feira, 08 de julho de 2020, a professora Fernanda Cimini participou da <em><a href=\"https:\/\/www.youtube.com\/watch?v=DSsg2Qt80Qo&amp;feature=youtu.be\">Live de An\u00e1lise Conjuntura &#8220;Pol\u00edtica, Economia e Pandemia&#8221;<\/a><\/em>, organizada pelo Quaest Consultoria, com os professores Felipe Nunes, Daniela Campello e Lucio Renn\u00f3.<\/p>\n<p>Na ter\u00e7a-feira, 30 de junho de 2020, a professora Fernanda Cimini participou da <em><a href=\"https:\/\/www.youtube.com\/watch?v=FrH4N07lvUU&amp;feature=youtu.be\">Live\u00a0&#8220;Reflex\u00f5es sobre a nova normalidade&#8221;<\/a><\/em>, organizada pela Coordenadoria de Assuntos Comunit\u00e1rios da UFMG, com v\u00e1rios professores da institui\u00e7\u00e3o, abordando o retorno \u00e0 &#8220;nunca normalidade&#8221; no quadro de desigualdades sociais e fragilidade institucional na Am\u00e9rica Latina. <em><a href=\"https:\/\/ufmg.br\/comunicacao\/noticias\/as-multiplas-faces-do-novo-normal-professores-da-ufmg-analisam-o-mundo-pos-pandemia\">Reportagem UFMG sobre o evento<\/a><\/em>, 30 de junho de 2020.<\/p>\n<p>Na ter\u00e7a-feira, 26 de maio de 2020, a professora Fernanda Cimini participou da reportagem da Radio UFMG Educativa para falar sobre a\u00a0<em><a href=\"https:\/\/ufmg.br\/comunicacao\/noticias\/disseminacao-da-covid-19-na-america-latina\">Dissemina\u00e7\u00e3o da Covid-19 na Am\u00e9rica Latina.<\/a>\u00a0<\/em><\/p>\n<p><strong>Publica\u00e7\u00e3o da Nota t\u00e9cnica Cedeplar &#8220;An\u00e1lise das primeiras respostas do Governo Brasileiro para o Enfrentamento da Covid19 dispon\u00edveis no Reposit\u00f3rio Global Polimap<\/strong><\/p>\n<p>Na quarta-feira, 06 de maio, foi publicada a nota t\u00e9cnica com o\u00a0 resultado do primeiro levantamento das respostas\u00a0pol\u00edticas do Governo Brasileiro para o enfrentamento do coronav\u00edrus a partir\u00a0dos dados\u00a0dispon\u00edveis no Reposit\u00f3rio Global de Respostas Pol\u00edticas para o\u00a0enfrentamento da COVID-19 &#8211; Polimap. A nota, <a href=\"https:\/\/www.cedeplar.ufmg.br\/noticias\/1242-nota-tecnica-analise-das-primeiras-respostas-politicas-do-governo-brasileiro-para-o-enfrentamento-da-covid-19-disponiveis-no-repositorio-global-polimap\">dispon\u00edvel no site do Cedeplar<\/a>, foi mat\u00e9ria dos jornais:<\/p>\n<p><a href=\"https:\/\/ufmg.br\/comunicacao\/noticias\/estudo-da-ufmg-aponta-falhas-nas-politicas-do-governo-federal-no-combate-a-covid-19\"><em>Programa Conex\u00f5es<\/em>,<\/a> R\u00e1dio UFMG Educativa, de 09 de junho de 2020.<\/p>\n<p><a href=\"https:\/\/ufmg.br\/comunicacao\/noticias\/resposta-politica-a-covid-19-tem-muitas-medidas-e-pouca-eficacia\"><em>TV UFMG<\/em><\/a>, de 23 de maio de 2020.<\/p>\n<p><em><a href=\"https:\/\/globoplay.globo.com\/v\/8534081\/programa\/\">Bom dia Brasil<\/a><\/em>, de 06 de maio de 2020.<\/p>\n<p><a href=\"https:\/\/globoplay.globo.com\/v\/8536438\/\"><em>Jornal Nacional<\/em><\/a>, de 06 de maio de 2020.<\/p>\n<p><a href=\"https:\/\/www.otempo.com.br\/interessa\/estudo-governo-falha-em-conter-transmissao-e-reduzir-pico-da-covid-19-no-pais-1.2333826\"><em>Jornal O tempo<\/em><\/a>, de 06 de maio de 2020.<\/p>\n<p class=\"news__title\"><strong>Lan\u00e7amento da plataforma Global Polimap.<\/strong><\/p>\n<p>Na quinta-feira, 23 de abril de 2020, foi lan\u00e7ada o reposit\u00f3rio global de respostas pol\u00edticas para enfrentamento da Covid-19, coordenada por Coordenada por Sebasti\u00e1n Pe\u00f1a, pesquisador do Instituto Nacional de Sa\u00fade e Bem-Estar (THL), da Finl\u00e2ndia. A\u00a0professora Fernanda Cimini est\u00e1 coordenando os trabalhos de mapeamento e classifica\u00e7\u00e3o das medidas brasileiras junto com alunos do Cedeplar e da Faculdade de Ci\u00eancias Econ\u00f4micas. A iniciativa foi divulgada por diferentes canais de comunica\u00e7\u00e3o:<\/p>\n<p><a href=\"https:\/\/ufmg.br\/comunicacao\/noticias\/coletivo-de-cientistas-lanca-plataforma-de-mapeamento-de-politicas-publicas-contra-a-covid-19\"><em>Not\u00edcias UFMG<\/em><\/a>, de 27 de abril de 2020.<\/p>\n<p><a href=\"https:\/\/g1.globo.com\/mg\/minas-gerais\/noticia\/2020\/04\/28\/plataforma-mundial-de-mapeamento-de-politicas-publicas-contra-a-covid-19-tem-coordenacao-de-mineira.ghtml\"><em>Portal \u00a0G1 Minas<\/em><\/a>, de 28 de abril de 2020.<\/p>\n<p><em><a href=\"https:\/\/www.otempo.com.br\/podcasts\/tempo-habil\/coronavirus-por-que-e-preciso-ir-alem-do-achatamento-da-curva-1.2332100\">Podcast para o Jornal O Tempo<\/a><\/em>, epis\u00f3dio Tempo H\u00e1bil, de 02 de maio de 2020.<\/p>\n<p><strong>N\u00e3o temos tempo de temer a morte: Miss\u00e3o Covid-19<\/strong><\/p>\n<p>An\u00e1lise da professora Fernanda Cimini e dos pesquisadores M\u00e1rcia Rapini e Tulio Chiarini no <a href=\"https:\/\/diplomatique.org.br\/nao-temos-tempo-de-temer-a-morte-missao-covid-19\/\"><em>Le Monde Diplomatique<\/em>,<\/a> em 18 de abril de 2020.<\/p>\n<p class=\"c-content-head__title c-content-head__title--light\"><strong>Fric\u00e7\u00e3o entre Bolsonaro e governadores exp\u00f5e paradoxo de gest\u00e3o da crise do coronav\u00edrus<\/strong><\/p>\n<p>An\u00e1lise da professora Fernanda Cimini e do pesquisador Manoel Gehrke no <em><a href=\"https:\/\/www1.folha.uol.com.br\/poder\/2020\/03\/friccao-entre-bolsonaro-e-governadores-expoe-paradoxo-de-gestao-da-crise-do-coronavirus.shtml\">Caderno Poder do Jornal Folha de S\u00e3o Paulo<\/a><\/em>, em 25 de mar\u00e7o de 2020.<\/p>\n<p><strong>Coronav\u00edrus: Os 15 dias de brigas pol\u00edticas que selaram o desfecho Tr\u00e1gico da It\u00e1lia.<\/strong><\/p>\n<p>An\u00e1lise da professora Fernanda Cimini, publicada no dia 24 de mar\u00e7o de 2020 no <em><a href=\"https:\/\/theintercept.com\/2020\/03\/24\/coronavirus-poltica-italia\/\">The Intercept Brasil<\/a><\/em> e republicada pela <em><a href=\"https:\/\/ufmg.br\/comunicacao\/noticias\/os-15-dias-de-brigas-politicas-que-selaram-o-desfecho-tragico-na-italia\">UFMG<\/a>\u00a0<\/em>, em 26 de mar\u00e7o de 2020.<\/p>\n<p><strong>Coronav\u00edrus na It\u00e1lia: social, sa\u00fade e economia e pol\u00edtica<\/strong><\/p>\n<p>Na ter\u00e7a-feira, 17 de mar\u00e7o de 2020, professora Fernanda Cimini participou da Cobertura Especial do Coronav\u00edrus pela r\u00e1dio UFMG, comentando <em>a <a href=\"https:\/\/ufmg.br\/comunicacao\/noticias\/coronavirus-na-italia-social-saude-e-economia-e-politica\">situa\u00e7\u00e3o na It\u00e1lia.\u00a0<\/a><\/em><\/p>\n<p class=\"news__title\"><strong>O (neo)liberalismo funciona? Programa &#8220;Outra esta\u00e7\u00e3o&#8221;, da R\u00e1dio UFMG, traz diferentes perspectivas sobre a quest\u00e3o.<\/strong><\/p>\n<p>Na quinta-feira, 21 de novembro de 2019, a professora Fernanda Cimini participou do Programa promovido pela r\u00e1dio UFMG, &#8220;Outra esta\u00e7\u00e3o&#8221;, sobre <em><a href=\"https:\/\/ufmg.br\/comunicacao\/noticias\/o-neo-liberalismo-funciona\">Neoliberalismo na Am\u00e9rica Latina<\/a><\/em>,\u00a0 junto com outros professores especialistas em Am\u00e9rica Latina.<\/p>\n<p class=\"has-text-color has-very-dark-gray-color\"><strong>Workshop on Development, Lock-Ins, Traps and Catch Up: India, China, South Africa, South Korea and Latin America<\/strong><\/p>\n<p>No dia 10 de julho de 2019, a professora Fernanda Cimini realizou uma apresenta\u00e7\u00e3o <em><a href=\"https:\/\/www.youtube.com\/watch?v=ii7TMr7uJcM\" target=\"_blank\" rel=\"noreferrer noopener\" aria-label=\" (opens in a new tab)\">com a tem\u00e1tica \u201cLatin America and the Middle-Income Trap\u201d<\/a><\/em> no <em>\u201cWorkshop on Development: Lock-ins, Traps and Catch-Up\u201d<\/em>. O evento, que foi promovido pelo Cedeplar, ocorreu nos dias 8, 9 e 10 de julho na Faculdade de Ci\u00eancias Econ\u00f4micas da UFMG. Al\u00e9m da professora, a apresenta\u00e7\u00e3o contou com a presen\u00e7a de Javier Vadell (PUC-MG), Pedro Loureiro (Cambridge University, UK), Jorge Britto (UFF, Brasil) e KJ Joseph (CDS, India). <em>A participa\u00e7\u00e3o da professora come\u00e7a no minuto 31:07.<\/em><\/p>\n<p class=\"has-text-color has-very-dark-gray-color\"><strong>Semin\u00e1rio \u2013 Agentes do Desenvolvimento na Am\u00e9rica Latina e no Brasil: Estado, Empresa e Universidades<\/strong><\/p>\n<p>No dia 30 de outubro de 2018, o Cedeplar promoveu o semin\u00e1rio <em><a href=\"https:\/\/www.youtube.com\/watch?v=MwoCK5HPgqo\" target=\"_blank\" rel=\"noreferrer noopener\">Agentes do Desenvolvimento na Am\u00e9rica Latina e no Brasil: Estado, Empresa e Universidades<\/a><\/em>, com o lan\u00e7amento de dois livros da Cole\u00e7\u00e3o Popula\u00e7\u00e3o e Economia: <em>\u201cEstudos de Caso da Intera\u00e7\u00e3o universidade-empresa no Brasil\u201d<\/em>, organizado por Renato Garcia, M\u00e1rcia Rapini e Silvio Cario, e <em>\u201cElites Empresariais, Estado e Mercado na Am\u00e9rica Latina\u201d,<\/em> organizado por Fernanda Cimini, Juan Cabria e Roberta Rodrigues. <em>Inicia no minuto 13:53.<\/em><\/p>\n<p class=\"has-text-color has-very-dark-gray-color\"><strong>Professora Fernanda Cimini participa de semin\u00e1rio internacional promovido pelo <\/strong><em><strong>Centro de Estudos<\/strong><\/em><strong> <em>Latino-Americanos (CELA)<\/em><\/strong><\/p>\n<p>No dia 16 de outubro de 2018, a professora Fernanda Cimini participou, juntamente com o professor Alexandre Queiroz Guimar\u00e3es (Funda\u00e7\u00e3o Jo\u00e3o Pinheiro), do semin\u00e1rio intitulado <em><a href=\"https:\/\/www.youtube.com\/watch?v=sAbxdaoB1OA\" target=\"_blank\" rel=\"noreferrer noopener\" aria-label=\" (abre em uma nova aba)\">Depend\u00eancia, Institui\u00e7\u00f5es e a Economia Pol\u00edtica do Desenvolvimento na Am\u00e9rica Latina<\/a><\/em>. O evento foi promovido pelo <em>Centro de Estudos Latino-Americanos (CELA)<\/em> para o programa de p\u00f3s-gradua\u00e7\u00e3o em Ci\u00eancia Pol\u00edtica (UFMG). <em>A participa\u00e7\u00e3o da professora se inicia em 1:27:46<\/em><em>.<\/em><\/p>\n","protected":false},"excerpt":{"rendered":"<p>Webinar sobre Diversidade na Ci\u00eancia A professora Fernanda Cimini participou da live de lan\u00e7amento do\u00a0Guia Metodol\u00f3gico \u201cForma\u00e7\u00e3o de equipes extraordin\u00e1rias para miss\u00f5es de desenvolvimento tecnol\u00f3gico\u201d, elaborado pela equipe do Cedeplar, em 13 de abril de 2021. Coopera\u00e7\u00e3o internacional e Am\u00e9rica do Sul Live sobre diplomacia e coopera\u00e7\u00e3o internacional para o desenvolvimento com a participa\u00e7\u00e3o da &hellip; <a href=\"https:\/\/docentes.face.ufmg.br\/fcimini\/videos\/\" class=\"more-link\">Continuar lendo <span class=\"screen-reader-text\">In the news, videos and podcasts<\/span><\/a><\/p>\n","protected":false},"author":55,"featured_media":0,"parent":0,"menu_order":0,"comment_status":"closed","ping_status":"closed","template":"","meta":{"_crdt_document":"","_exactmetrics_skip_tracking":false,"_exactmetrics_sitenote_active":false,"_exactmetrics_sitenote_note":"","_exactmetrics_sitenote_category":0,"footnotes":""},"class_list":["post-199","page","type-page","status-publish","hentry"],"_links":{"self":[{"href":"https:\/\/docentes.face.ufmg.br\/fcimini\/wp-json\/wp\/v2\/pages\/199","targetHints":{"allow":["GET"]}}],"collection":[{"href":"https:\/\/docentes.face.ufmg.br\/fcimini\/wp-json\/wp\/v2\/pages"}],"about":[{"href":"https:\/\/docentes.face.ufmg.br\/fcimini\/wp-json\/wp\/v2\/types\/page"}],"author":[{"embeddable":true,"href":"https:\/\/docentes.face.ufmg.br\/fcimini\/wp-json\/wp\/v2\/users\/55"}],"replies":[{"embeddable":true,"href":"https:\/\/docentes.face.ufmg.br\/fcimini\/wp-json\/wp\/v2\/comments?post=199"}],"version-history":[{"count":23,"href":"https:\/\/docentes.face.ufmg.br\/fcimini\/wp-json\/wp\/v2\/pages\/199\/revisions"}],"predecessor-version":[{"id":339,"href":"https:\/\/docentes.face.ufmg.br\/fcimini\/wp-json\/wp\/v2\/pages\/199\/revisions\/339"}],"wp:attachment":[{"href":"https:\/\/docentes.face.ufmg.br\/fcimini\/wp-json\/wp\/v2\/media?parent=199"}],"curies":[{"name":"wp","href":"https:\/\/api.w.org\/{rel}","templated":true}]}}