{"id":24,"date":"2016-06-09T14:33:03","date_gmt":"2016-06-09T17:33:03","guid":{"rendered":"http:\/\/docentes.face.ufmg.br\/john-doe\/?page_id=24"},"modified":"2017-01-11T15:25:30","modified_gmt":"2017-01-11T17:25:30","slug":"premios","status":"publish","type":"page","link":"https:\/\/docentes.face.ufmg.br\/default\/premios\/","title":{"rendered":"Pr\u00eamios"},"content":{"rendered":"<ul>\n<li>2005 &#8211;\u00a0Premio CaixaRS de Economia da Cultura &#8211; 1o lugar, Corecon\/RS, CaixaRS e Secretaria da Cultura do Rio Grande do Sul.<\/li>\n<li>2005 &#8211;\u00a0X PR\u00caMIO TESOURO NACIONAL 2005 &#8211; 2o lugar T\u00f3picos Especiais de Finan\u00e7as P\u00fablicas, Escola de Administra\u00e7\u00e3o Fazend\u00e1ria e Secretaria do Tesouro Nacional, Minist\u00e9rio da Fazenda.<\/li>\n<li>1997 &#8211;\u00a0Pr\u00eamio Brasil de Economia &#8211; Categoria Monografia &#8211; 3o lugar, COFECON.<\/li>\n<li>1997 &#8211;\u00a0VII Pr\u00eamio Paran\u00e1 de Economia &#8211; Categoria Economia Pura e Aplicada &#8211; 2o lugar, CORECON-PR.<\/li>\n<li>1997 &#8211;\u00a0VII Pr\u00eamio Alfred Marshal &#8211; Concurso de Monografias &#8211; 2o lugar, Instituto Liberal\/Nestl\u00e9 &#8211; SP.<\/li>\n<\/ul>\n","protected":false},"excerpt":{"rendered":"<p>2005 &#8211;\u00a0Premio CaixaRS de Economia da Cultura &#8211; 1o lugar, Corecon\/RS, CaixaRS e Secretaria da Cultura do Rio Grande do Sul. 2005 &#8211;\u00a0X PR\u00caMIO TESOURO NACIONAL 2005 &#8211; 2o lugar T\u00f3picos Especiais de Finan\u00e7as P\u00fablicas, Escola de Administra\u00e7\u00e3o Fazend\u00e1ria e Secretaria do Tesouro Nacional, Minist\u00e9rio da Fazenda. 1997 &#8211;\u00a0Pr\u00eamio Brasil de Economia &#8211; Categoria Monografia &hellip; <a href=\"https:\/\/docentes.face.ufmg.br\/default\/premios\/\" class=\"more-link\">Continuar lendo <span class=\"screen-reader-text\">Pr\u00eamios<\/span><\/a><\/p>\n","protected":false},"author":1,"featured_media":0,"parent":0,"menu_order":0,"comment_status":"closed","ping_status":"closed","template":"","meta":{"_crdt_document":"","_exactmetrics_skip_tracking":false,"_exactmetrics_sitenote_active":false,"_exactmetrics_sitenote_note":"","_exactmetrics_sitenote_category":0,"footnotes":""},"class_list":["post-24","page","type-page","status-publish","hentry"],"_links":{"self":[{"href":"https:\/\/docentes.face.ufmg.br\/default\/wp-json\/wp\/v2\/pages\/24","targetHints":{"allow":["GET"]}}],"collection":[{"href":"https:\/\/docentes.face.ufmg.br\/default\/wp-json\/wp\/v2\/pages"}],"about":[{"href":"https:\/\/docentes.face.ufmg.br\/default\/wp-json\/wp\/v2\/types\/page"}],"author":[{"embeddable":true,"href":"https:\/\/docentes.face.ufmg.br\/default\/wp-json\/wp\/v2\/users\/1"}],"replies":[{"embeddable":true,"href":"https:\/\/docentes.face.ufmg.br\/default\/wp-json\/wp\/v2\/comments?post=24"}],"version-history":[{"count":2,"href":"https:\/\/docentes.face.ufmg.br\/default\/wp-json\/wp\/v2\/pages\/24\/revisions"}],"predecessor-version":[{"id":27,"href":"https:\/\/docentes.face.ufmg.br\/default\/wp-json\/wp\/v2\/pages\/24\/revisions\/27"}],"wp:attachment":[{"href":"https:\/\/docentes.face.ufmg.br\/default\/wp-json\/wp\/v2\/media?parent=24"}],"curies":[{"name":"wp","href":"https:\/\/api.w.org\/{rel}","templated":true}]}}