{"id":21,"date":"2016-06-09T14:31:19","date_gmt":"2016-06-09T17:31:19","guid":{"rendered":"http:\/\/docentes.face.ufmg.br\/john-doe\/?page_id=21"},"modified":"2017-01-11T15:25:07","modified_gmt":"2017-01-11T17:25:07","slug":"area-de-atuacao","status":"publish","type":"page","link":"https:\/\/docentes.face.ufmg.br\/default\/area-de-atuacao\/","title":{"rendered":"\u00c1rea de atua\u00e7\u00e3o"},"content":{"rendered":"<ol>\n<li>Grande \u00e1rea: Ci\u00eancias Sociais Aplicadas \/ \u00c1rea: Economia \/ Sub\u00e1rea: Economia Regional e Urbana\/Especialidade: Economia Regional.<\/li>\n<li>Grande \u00e1rea: Ci\u00eancias Sociais Aplicadas \/ \u00c1rea: Economia \/ Sub\u00e1rea: M\u00e9todos Quantitativos em Economia\/Especialidade: Modelos de Equil\u00edbrio Geral Comput\u00e1veis.<\/li>\n<li>Grande \u00e1rea: Ci\u00eancias Sociais Aplicadas \/ \u00c1rea: Economia \/ Sub\u00e1rea: M\u00e9todos Quantitativos em Economia\/Especialidade: Modelos de insumo-produto.<\/li>\n<li>Grande \u00e1rea: Ci\u00eancias Sociais Aplicadas \/ \u00c1rea: Economia \/ Sub\u00e1rea: M\u00e9todos Quantitativos em Economia\/Especialidade: M\u00e9todos e Modelos Matem\u00e1ticos, Econom\u00e9tricos e Estat\u00edsticos.<\/li>\n<li>Grande \u00e1rea: Ci\u00eancias Sociais Aplicadas \/ \u00c1rea: Economia \/ Sub\u00e1rea: Economia do Setor P\u00fablico\/Especialidade: Pol\u00edtica fiscal.<\/li>\n<\/ol>\n","protected":false},"excerpt":{"rendered":"<p>Grande \u00e1rea: Ci\u00eancias Sociais Aplicadas \/ \u00c1rea: Economia \/ Sub\u00e1rea: Economia Regional e Urbana\/Especialidade: Economia Regional. Grande \u00e1rea: Ci\u00eancias Sociais Aplicadas \/ \u00c1rea: Economia \/ Sub\u00e1rea: M\u00e9todos Quantitativos em Economia\/Especialidade: Modelos de Equil\u00edbrio Geral Comput\u00e1veis. Grande \u00e1rea: Ci\u00eancias Sociais Aplicadas \/ \u00c1rea: Economia \/ Sub\u00e1rea: M\u00e9todos Quantitativos em Economia\/Especialidade: Modelos de insumo-produto. Grande \u00e1rea: Ci\u00eancias &hellip; <a href=\"https:\/\/docentes.face.ufmg.br\/default\/area-de-atuacao\/\" class=\"more-link\">Continuar lendo <span class=\"screen-reader-text\">\u00c1rea de atua\u00e7\u00e3o<\/span><\/a><\/p>\n","protected":false},"author":1,"featured_media":0,"parent":0,"menu_order":0,"comment_status":"closed","ping_status":"closed","template":"","meta":{"_crdt_document":"","_exactmetrics_skip_tracking":false,"_exactmetrics_sitenote_active":false,"_exactmetrics_sitenote_note":"","_exactmetrics_sitenote_category":0,"footnotes":""},"class_list":["post-21","page","type-page","status-publish","hentry"],"_links":{"self":[{"href":"https:\/\/docentes.face.ufmg.br\/default\/wp-json\/wp\/v2\/pages\/21","targetHints":{"allow":["GET"]}}],"collection":[{"href":"https:\/\/docentes.face.ufmg.br\/default\/wp-json\/wp\/v2\/pages"}],"about":[{"href":"https:\/\/docentes.face.ufmg.br\/default\/wp-json\/wp\/v2\/types\/page"}],"author":[{"embeddable":true,"href":"https:\/\/docentes.face.ufmg.br\/default\/wp-json\/wp\/v2\/users\/1"}],"replies":[{"embeddable":true,"href":"https:\/\/docentes.face.ufmg.br\/default\/wp-json\/wp\/v2\/comments?post=21"}],"version-history":[{"count":1,"href":"https:\/\/docentes.face.ufmg.br\/default\/wp-json\/wp\/v2\/pages\/21\/revisions"}],"predecessor-version":[{"id":22,"href":"https:\/\/docentes.face.ufmg.br\/default\/wp-json\/wp\/v2\/pages\/21\/revisions\/22"}],"wp:attachment":[{"href":"https:\/\/docentes.face.ufmg.br\/default\/wp-json\/wp\/v2\/media?parent=21"}],"curies":[{"name":"wp","href":"https:\/\/api.w.org\/{rel}","templated":true}]}}