{"id":2,"date":"2016-06-09T14:03:11","date_gmt":"2016-06-09T17:03:11","guid":{"rendered":"http:\/\/docentes.face.ufmg.br\/john-doe\/?page_id=2"},"modified":"2017-01-11T15:25:41","modified_gmt":"2017-01-11T17:25:41","slug":"sobre","status":"publish","type":"page","link":"https:\/\/docentes.face.ufmg.br\/default\/","title":{"rendered":"Sobre"},"content":{"rendered":"<p><img loading=\"lazy\" decoding=\"async\" class=\"alignleft size-full wp-image-6\" src=\"http:\/\/docentes.face.ufmg.br\/john-doe\/wp-content\/uploads\/sites\/22\/2016\/06\/silhouette.png\" alt=\"silhouette\" width=\"128\" height=\"128\" \/>P\u00f3s &#8211; Graduado em Economia pela Universidade Estadual de Maring\u00e1 (1996), Mestre em Economia pela Universidade Federal da Para\u00edba (2000) e Doutor em Economia pela Universidade Federal do Rio Grande do Sul (2005). Atualmente trabalha como Professor Adjunto do Departamento de Economia da UFPR. Exerceu o cargo de Secret\u00e1rio Adjunto do Planejamento e Gest\u00e3o do Governo do Estado do Rio Grande do Sul entre 2009 e 2010 e de Assessor da Secretaria da Fazenda do Estado do Rio Grande do Sul entre 2007 e 2008. Sua principal linha de pesquisa est\u00e1 inserida no campo da Economia Regional, com \u00eanfase no desenvolvimento e aplica\u00e7\u00e3o de modelos de equil\u00edbrio geral para an\u00e1lise de pol\u00edticas econ\u00f4micas.<\/p>\n<p>Seus trabalhos caracterizam-se principalmente pela aplica\u00e7\u00e3o das abordagens de insumo-produto e de equil\u00edbrio geral comput\u00e1vel para subsidiar o processo de formula\u00e7\u00e3o e avalia\u00e7\u00e3o de pol\u00edticas governamentais nas \u00e1reas de planejamento econ\u00f4mico regional e pol\u00edtica fiscal. Tamb\u00e9m desenvolve estudos com foco em converg\u00eancia e desigualdade de renda utilizando t\u00e9cnicas de econometria espacial. Sua agenda de pesquisa recente compreende o estudo dos impactos econ\u00f4micos da mudan\u00e7a demogr\u00e1fica no Brasil numa perspectiva regional, cujo principal objetivo \u00e9 avaliar as implica\u00e7\u00f5es do processo de transi\u00e7\u00e3o demogr\u00e1fica brasileiro sobre a estrutura produtiva e a din\u00e2mica das regi\u00f5es no espa\u00e7o nacional nas pr\u00f3ximas d\u00e9cadas.<\/p>\n","protected":false},"excerpt":{"rendered":"<p>P\u00f3s &#8211; Graduado em Economia pela Universidade Estadual de Maring\u00e1 (1996), Mestre em Economia pela Universidade Federal da Para\u00edba (2000) e Doutor em Economia pela Universidade Federal do Rio Grande do Sul (2005). Atualmente trabalha como Professor Adjunto do Departamento de Economia da UFPR. Exerceu o cargo de Secret\u00e1rio Adjunto do Planejamento e Gest\u00e3o do &hellip; <a href=\"https:\/\/docentes.face.ufmg.br\/default\/\" class=\"more-link\">Continuar lendo <span class=\"screen-reader-text\">Sobre<\/span><\/a><\/p>\n","protected":false},"author":1,"featured_media":0,"parent":0,"menu_order":0,"comment_status":"closed","ping_status":"closed","template":"","meta":{"_crdt_document":"","_exactmetrics_skip_tracking":false,"_exactmetrics_sitenote_active":false,"_exactmetrics_sitenote_note":"","_exactmetrics_sitenote_category":0,"footnotes":""},"class_list":["post-2","page","type-page","status-publish","hentry"],"_links":{"self":[{"href":"https:\/\/docentes.face.ufmg.br\/default\/wp-json\/wp\/v2\/pages\/2","targetHints":{"allow":["GET"]}}],"collection":[{"href":"https:\/\/docentes.face.ufmg.br\/default\/wp-json\/wp\/v2\/pages"}],"about":[{"href":"https:\/\/docentes.face.ufmg.br\/default\/wp-json\/wp\/v2\/types\/page"}],"author":[{"embeddable":true,"href":"https:\/\/docentes.face.ufmg.br\/default\/wp-json\/wp\/v2\/users\/1"}],"replies":[{"embeddable":true,"href":"https:\/\/docentes.face.ufmg.br\/default\/wp-json\/wp\/v2\/comments?post=2"}],"version-history":[{"count":4,"href":"https:\/\/docentes.face.ufmg.br\/default\/wp-json\/wp\/v2\/pages\/2\/revisions"}],"predecessor-version":[{"id":45,"href":"https:\/\/docentes.face.ufmg.br\/default\/wp-json\/wp\/v2\/pages\/2\/revisions\/45"}],"wp:attachment":[{"href":"https:\/\/docentes.face.ufmg.br\/default\/wp-json\/wp\/v2\/media?parent=2"}],"curies":[{"name":"wp","href":"https:\/\/api.w.org\/{rel}","templated":true}]}}