{"id":11,"date":"2016-06-09T14:21:05","date_gmt":"2016-06-09T17:21:05","guid":{"rendered":"http:\/\/docentes.face.ufmg.br\/john-doe\/?page_id=11"},"modified":"2017-01-11T15:51:22","modified_gmt":"2017-01-11T17:51:22","slug":"formacao","status":"publish","type":"page","link":"https:\/\/docentes.face.ufmg.br\/default\/formacao\/","title":{"rendered":"Forma\u00e7\u00e3o"},"content":{"rendered":"<h5>2000 &#8211; 2005 &#8211;\u00a0Doutorado em Economia (Conceito CAPES 5).<\/h5>\n<p><strong>Universidade Federal do Rio Grande do Sul<\/strong>, UFRGS, Brasil,\u00a0com per\u00edodo sandu\u00edche em Universidade de S\u00e3o Paulo.<br \/>\n<strong>T\u00edtulo:<\/strong> <a href=\"#\">Competi\u00e7\u00e3o tribut\u00e1ria regional, externalidades fiscais e federalismo no Brasil : uma abordagem de equil\u00edbrio geral comput\u00e1vel.<\/a><br \/>\n<strong>Palavras-chave:<\/strong> Competi\u00e7\u00e3o tribut\u00e1ria regional; Equil\u00edbrio geral computp\u00e1vel; Incentivo fiscal.<\/p>\n<h5>1998 &#8211; 2000 &#8211;\u00a0Mestrado em Economia (Conceito CAPES 5).<\/h5>\n<p>Universidade Federal da Para\u00edba, UFPB, Brasil.<br \/>\n<strong>T\u00edtulo:<\/strong> <a href=\"#\">Persist\u00eancia a choques no emprego nacional e regional: um exerc\u00edcio de s\u00e9ries temporais com quebras estruturais simples e m\u00faltiplas (1986-1997)<\/a>.<br \/>\n<strong>Orientador:<\/strong> Luiz Rodrigues Kerhle.<br \/>\n<strong>Palavras-chave:<\/strong> Choques; Emprego; Persist\u00eancia; Raiz Unit\u00e1ria.<br \/>\nGrande \u00e1rea: Ci\u00eancias Sociais Aplicadas<\/p>\n<h5>1992 &#8211; 1996 &#8211;\u00a0Gradua\u00e7\u00e3o em Economia.<\/h5>\n<p>Universidade Estadual de Maring\u00e1, UEM, Brasil.<\/p>\n","protected":false},"excerpt":{"rendered":"<p>2000 &#8211; 2005 &#8211;\u00a0Doutorado em Economia (Conceito CAPES 5). Universidade Federal do Rio Grande do Sul, UFRGS, Brasil,\u00a0com per\u00edodo sandu\u00edche em Universidade de S\u00e3o Paulo. T\u00edtulo: Competi\u00e7\u00e3o tribut\u00e1ria regional, externalidades fiscais e federalismo no Brasil : uma abordagem de equil\u00edbrio geral comput\u00e1vel. Palavras-chave: Competi\u00e7\u00e3o tribut\u00e1ria regional; Equil\u00edbrio geral computp\u00e1vel; Incentivo fiscal. 1998 &#8211; 2000 &#8211;\u00a0Mestrado &hellip; <a href=\"https:\/\/docentes.face.ufmg.br\/default\/formacao\/\" class=\"more-link\">Continuar lendo <span class=\"screen-reader-text\">Forma\u00e7\u00e3o<\/span><\/a><\/p>\n","protected":false},"author":1,"featured_media":0,"parent":0,"menu_order":0,"comment_status":"closed","ping_status":"closed","template":"","meta":{"_crdt_document":"","_exactmetrics_skip_tracking":false,"_exactmetrics_sitenote_active":false,"_exactmetrics_sitenote_note":"","_exactmetrics_sitenote_category":0,"footnotes":""},"class_list":["post-11","page","type-page","status-publish","hentry"],"_links":{"self":[{"href":"https:\/\/docentes.face.ufmg.br\/default\/wp-json\/wp\/v2\/pages\/11","targetHints":{"allow":["GET"]}}],"collection":[{"href":"https:\/\/docentes.face.ufmg.br\/default\/wp-json\/wp\/v2\/pages"}],"about":[{"href":"https:\/\/docentes.face.ufmg.br\/default\/wp-json\/wp\/v2\/types\/page"}],"author":[{"embeddable":true,"href":"https:\/\/docentes.face.ufmg.br\/default\/wp-json\/wp\/v2\/users\/1"}],"replies":[{"embeddable":true,"href":"https:\/\/docentes.face.ufmg.br\/default\/wp-json\/wp\/v2\/comments?post=11"}],"version-history":[{"count":5,"href":"https:\/\/docentes.face.ufmg.br\/default\/wp-json\/wp\/v2\/pages\/11\/revisions"}],"predecessor-version":[{"id":67,"href":"https:\/\/docentes.face.ufmg.br\/default\/wp-json\/wp\/v2\/pages\/11\/revisions\/67"}],"wp:attachment":[{"href":"https:\/\/docentes.face.ufmg.br\/default\/wp-json\/wp\/v2\/media?parent=11"}],"curies":[{"name":"wp","href":"https:\/\/api.w.org\/{rel}","templated":true}]}}