{"id":28,"date":"2016-06-09T14:40:27","date_gmt":"2016-06-09T17:40:27","guid":{"rendered":"http:\/\/docentes.face.ufmg.br\/john-doe\/?page_id=28"},"modified":"2025-02-07T15:28:42","modified_gmt":"2025-02-07T18:28:42","slug":"producao-bibliografica","status":"publish","type":"page","link":"https:\/\/docentes.face.ufmg.br\/bressan\/producao-bibliografica\/","title":{"rendered":"Scientific publications"},"content":{"rendered":"\n<h5 class=\"wp-block-heading\">Major Publications<\/h5>\n\n\n\n<div class=\"artigo-completo\">&nbsp;<\/div>\n\n\n\n<div class=\"artigo-completo\">\n<div class=\"layout-cell layout-cell-1 text-align-right\">\n<div class=\"layout-cell-pad-5 text-align-right\"><span class=\"transform\">MONTEIRO, BEATRIZ AZEVEDO ; <b>Bressan, Aureliano Angel<\/b> . Framing effects of information on investment risk perception. REVISTA CONTABILIDADE &amp; FINAN\u00c7AS (ONLINE), v. 32, p. 285-300, 2021. <\/span><\/div>\n<div>&nbsp;<\/div>\n<div>&nbsp;<\/div>\n<div><span class=\"transform\">VIEIRA, KELMARA MENDES ; POTRICH, ANI CAROLINE GRIGION ; <b>Bressan, Aureliano Angel<\/b> ; KLEIN, LEANDER LUIZ ; PEREIRA, BRENO AUGUSTO DINIZ ; PINTO, NELSON GUILHERME MACHADO . A Pandemic Risk Perception Scale. Risk Analysis<sup><img decoding=\"async\" id=\"15396924_11\" class=\"ajaxJCR jcrTip\" src=\"http:\/\/buscatextual.cnpq.br\/buscatextual\/images\/curriculo\/jcr.gif\" data-issn=\"15396924\"><\/sup>, v. 42, p. 69-84, 2021. <\/span><\/div>\n<div>&nbsp;<\/div>\n<div>&nbsp;<\/div>\n<\/div>\n<div class=\"layout-cell layout-cell-11\">\n<div class=\"citado\"><span class=\"transform\">JANUZZI, FL\u00c1VIA VITAL ; <b>Bressan, Aureliano Angel<\/b> ; MOREIRA, FERNANDO . Opacity, Risk, Performance and Inflows in Hedge Funds. RAC. REVISTA DE ADMINISTRA\u00c7\u00c3O CONTEMPOR\u00c2NEA (ONLINE), v. 24, p. 77-99, 2020. <\/span><\/div>\n<div>&nbsp;<\/div>\n<div>&nbsp;<\/div>\n<\/div>\n<\/div>\n\n\n\n<div class=\"artigo-completo\">\n<div class=\"layout-cell layout-cell-1 text-align-right\">\n<div class=\"layout-cell-pad-5 text-align-right\"><a class=\"tooltip\" title=\"Clique para visualizar o curr\u00edculo\" href=\"http:\/\/lattes.cnpq.br\/6746753228863700\" target=\"_blank\" rel=\"noopener\">MEDEIROS, L. C.<\/a> ; <b>BRESSAN, A. A<\/b>. Value Premium and Country Risk as Dimensions to Estimate Conditional Returns: a Study of the Brazilian Market. BBR. Brazilian Business Review (English Edition. Online), v. 12, p. 67-90, 2015.<\/div>\n<\/div>\n<div class=\"layout-cell layout-cell-11\">\n<div class=\"layout-cell-pad-5\">\n<div class=\"citado\">&nbsp;<\/div>\n<div class=\"citado\"><a class=\"tooltip\" title=\"Clique para visualizar o curr\u00edculo\" href=\"http:\/\/lattes.cnpq.br\/6746753228863700\" target=\"_blank\" rel=\"noopener\">MEDEIROS, L. C.<\/a> ; <b>BRESSAN, A. A<\/b>. The value premium and the country risk as the conditional risk factors in major Latin American markets. Latin American Business Review (Binghamton, N.Y.), v. 16, p. 227-254, 2015.\n<div class=\"citado\">&nbsp;<\/div>\n<\/div>\n<\/div>\n<\/div>\n<\/div>\n\n\n\n<div class=\"artigo-completo\">\n<div class=\"layout-cell layout-cell-1 text-align-right\">\n<div class=\"layout-cell-pad-5 text-align-right\"><b><\/b><a class=\"tooltip\" title=\"Clique para visualizar o curr\u00edculo\" href=\"http:\/\/lattes.cnpq.br\/2029670870081936\" target=\"_blank\" rel=\"noopener\">JANUZZI, F. V.<\/a> ; <a class=\"tooltip\" title=\"Clique para visualizar o curr\u00edculo\" href=\"http:\/\/lattes.cnpq.br\/5256605647294700\" target=\"_blank\" rel=\"noopener\">PEROBELLI, Fernanda Finotti Cordeiro<\/a> ; <b>BRESSAN, A. A.<\/b> . <em>Aplica\u00e7\u00e3o do CF@R e de cen\u00e1rios de stress no gerenciamento de riscos corporativos<\/em>. Estudos Econ\u00f4micos (S\u00e3o Paulo. Impresso), v. 42, p. 545-579, 2012.\n<div class=\"citado\">&nbsp;<\/div>\n<\/div>\n<\/div>\n<\/div>\n\n\n\n<div class=\"artigo-completo\">\n<div class=\"layout-cell layout-cell-1 text-align-right\">\n<div class=\"layout-cell-pad-5 text-align-right\"><b><\/b><a class=\"tooltip\" title=\"Clique para visualizar o curr\u00edculo\" href=\"http:\/\/lattes.cnpq.br\/9549296446857835\" target=\"_blank\" rel=\"noopener\">GON\u00c7ALVES, A. S.<\/a> ; <a class=\"tooltip\" title=\"Clique para visualizar o curr\u00edculo\" href=\"http:\/\/lattes.cnpq.br\/4502340100367919\" target=\"_blank\" rel=\"noopener\">IQUIAPAZA, Robert Aldo<\/a> ; <b>BRESSAN, A. A.<\/b> . <em>Latent Fundamentals Arbitrage with a Mixed Effects Factor Model.<\/em> Revista Brasileira de Finan\u00e7as: RBFin = RBFin: Brazilian Finance Review, v. 10, p. 317-335, 2012.\n<div class=\"citado\">&nbsp;<\/div>\n<\/div>\n<\/div>\n<\/div>\n","protected":false},"excerpt":{"rendered":"<p>Major Publications &nbsp; MONTEIRO, BEATRIZ AZEVEDO ; Bressan, Aureliano Angel . Framing effects of information on investment risk perception. REVISTA CONTABILIDADE &amp; FINAN\u00c7AS (ONLINE), v. 32, p. 285-300, 2021. &nbsp; &nbsp; VIEIRA, KELMARA MENDES ; POTRICH, ANI CAROLINE GRIGION ; Bressan, Aureliano Angel ; KLEIN, LEANDER LUIZ ; PEREIRA, BRENO AUGUSTO DINIZ ; PINTO, NELSON &hellip; <a href=\"https:\/\/docentes.face.ufmg.br\/bressan\/producao-bibliografica\/\" class=\"more-link\">Continuar lendo <span class=\"screen-reader-text\">Scientific publications<\/span><\/a><\/p>\n","protected":false},"author":1,"featured_media":0,"parent":0,"menu_order":0,"comment_status":"closed","ping_status":"closed","template":"","meta":{"_crdt_document":"","_exactmetrics_skip_tracking":false,"_exactmetrics_sitenote_active":false,"_exactmetrics_sitenote_note":"","_exactmetrics_sitenote_category":0,"footnotes":""},"class_list":["post-28","page","type-page","status-publish","hentry"],"_links":{"self":[{"href":"https:\/\/docentes.face.ufmg.br\/bressan\/wp-json\/wp\/v2\/pages\/28","targetHints":{"allow":["GET"]}}],"collection":[{"href":"https:\/\/docentes.face.ufmg.br\/bressan\/wp-json\/wp\/v2\/pages"}],"about":[{"href":"https:\/\/docentes.face.ufmg.br\/bressan\/wp-json\/wp\/v2\/types\/page"}],"author":[{"embeddable":true,"href":"https:\/\/docentes.face.ufmg.br\/bressan\/wp-json\/wp\/v2\/users\/1"}],"replies":[{"embeddable":true,"href":"https:\/\/docentes.face.ufmg.br\/bressan\/wp-json\/wp\/v2\/comments?post=28"}],"version-history":[{"count":8,"href":"https:\/\/docentes.face.ufmg.br\/bressan\/wp-json\/wp\/v2\/pages\/28\/revisions"}],"predecessor-version":[{"id":121,"href":"https:\/\/docentes.face.ufmg.br\/bressan\/wp-json\/wp\/v2\/pages\/28\/revisions\/121"}],"wp:attachment":[{"href":"https:\/\/docentes.face.ufmg.br\/bressan\/wp-json\/wp\/v2\/media?parent=28"}],"curies":[{"name":"wp","href":"https:\/\/api.w.org\/{rel}","templated":true}]}}