{"id":240,"date":"2020-04-28T16:49:36","date_gmt":"2020-04-28T19:49:36","guid":{"rendered":"http:\/\/docentes.face.ufmg.br\/atmc\/?page_id=240"},"modified":"2020-04-28T16:49:38","modified_gmt":"2020-04-28T19:49:38","slug":"education","status":"publish","type":"page","link":"https:\/\/docentes.face.ufmg.br\/atmc\/education\/","title":{"rendered":"Education"},"content":{"rendered":"<div class=\"entry-content\">\n<p>|<a href=\"http:\/\/lattes.cnpq.br\/6409622356433401\">Lattes<\/a>|<a href=\"https:\/\/scholar.google.com.br\/citations?user=x0plgBgAAAAJ&amp;hl=en\">Google Scholar<\/a>|<a href=\"https:\/\/authors.repec.org\/pro\/pca1465\/\">RePEc<\/a>|<a href=\"https:\/\/www.researchgate.net\/profile\/Anderson_Cavalcante\">ResearchGate<\/a>|<a href=\"https:\/\/orcid.org\/0000-0002-0700-5993\">ORCID<\/a>|<a href=\"http:\/\/somos.ufmg.br\/professor\/anderson-tadeu-marques-cavalcante\">Som\u2295s UFMG<\/a>|<\/p>\n<hr>\n<p><span class=\"tlid-translation translation\" lang=\"en\"><span class=\"\" title=\"\">The&nbsp; academic training detailed below was supported by federal programs that promotes research, training resources and improvement of higher education personnel.<\/span><br \/>\n<span class=\"\" title=\"\">The doctoral program abroad and the master&#8217;s degree were made possible with the support of a scholarship from Coordena\u00e7\u00e3o de Aperfei\u00e7oamento de Pessoal de N\u00edvel Superior (CAPES) [Coordination for the Improvement of Higher Education Personnel, CAPES].<\/span> <span title=\"\">The undergraduation was partially supported by the Dean of Research at the Universidade Federal de Minas Gerais and the Conselho Nacional de Desenvolvimento Cient\u00edfico e Tecnol\u00f3gico (CNPq) [National Council for Scientific and Technological Development, CNPq].<\/span><br \/>\n<span class=\"\" title=\"\">In addition to material support, all steps depended fundamentally on the work of the employees of these institutions, which should be also thanked for.<\/span><\/span><\/p>\n<hr>\n<h5>2012-2014 \u2013 POst-DoC in economics<\/h5>\n<p><strong>CEDEPLAR, Universidade Federal de Minas Gerais<\/strong>, Brazil.<br \/>\n<strong>Title:&nbsp; <\/strong><em>Regional effects of financial polarisation in Brazil<\/em><strong><br \/>\nSupervisor: <\/strong>Marco Aur\u00e9lio Crocco Afonso<br \/>\n<strong>Keywords:<\/strong> Regions; Financial system; Polarization.<\/p>\n<hr>\n<h5>2007-2012 \u2013 PhD in economics<\/h5>\n<p><strong>Land Economy Department, University of Cambridge<\/strong>, United Kingdom.<br \/>\n<strong>Title: <\/strong><em><a href=\"http:\/\/idiscover.lib.cam.ac.uk\/permalink\/f\/t9gok8\/44CAM_ALMA21429571980003606\">Regional financial development and economic growth<\/a><\/em> (2012)<strong><br \/>\nSupervisor: <\/strong>Philip Arestis<br \/>\n<strong>Keywords:<\/strong> Regions; Development; Financial System; Polarisation; Concentration; Centralisation.<\/p>\n<hr>\n<h5>2004-2006 \u2013 MpHIL in economics<\/h5>\n<p><strong>CEDEPLAR, Universidade Federal de Minas Gerais<\/strong>, Brazil.<br \/>\n<strong>Title: <\/strong><a href=\"https:\/\/cedeplar.ufmg.br\/publicacoes\/teses-e-dissertacoes\/dissertacoes-economia\/category\/70-economia-dissertacoes-2006?download=943:anderson-tadeu-marques-cavalcante\"><em>Financing and local development: a study on productive regional clusters<\/em><\/a> (2006)<br \/>\n<strong>Supervisor:<\/strong> Marco Aur\u00e9lio Crocco Afonso.<br \/>\n<strong>Keywords:<\/strong> Local financing; local productive agglomerations; Financial System.<\/p>\n<hr>\n<h5>1998-2002 \u2013 Bachelor in Economics<\/h5>\n<p><strong>Universidade Federal de Minas Gerais<\/strong>, Brazil.<br \/>\n<strong>T\u00edtulo: <\/strong><em>Microcredit and poverty: theoretical principles and analisys of the Brazilian reality (2002)<\/em><br \/>\n<strong>Supervisor:<\/strong> Marco Aur\u00e9lio Crocco Afonso.<br \/>\n<strong>Keywords:<\/strong> Financing: Development; Poverty.<\/p>\n<hr>\n<\/div>\n","protected":false},"excerpt":{"rendered":"<p>|Lattes|Google Scholar|RePEc|ResearchGate|ORCID|Som\u2295s UFMG| The&nbsp; academic training detailed below was supported by federal programs that promotes research, training resources and improvement of higher education personnel. The doctoral program abroad and the master&#8217;s degree were made possible with the support of a scholarship from Coordena\u00e7\u00e3o de Aperfei\u00e7oamento de Pessoal de N\u00edvel Superior (CAPES) [Coordination for the Improvement &hellip; <a href=\"https:\/\/docentes.face.ufmg.br\/atmc\/education\/\" class=\"more-link\">Continuar lendo <span class=\"screen-reader-text\">Education<\/span><\/a><\/p>\n","protected":false},"author":58,"featured_media":0,"parent":0,"menu_order":0,"comment_status":"closed","ping_status":"closed","template":"","meta":{"_crdt_document":"","_exactmetrics_skip_tracking":false,"_exactmetrics_sitenote_active":false,"_exactmetrics_sitenote_note":"","_exactmetrics_sitenote_category":0,"footnotes":""},"class_list":["post-240","page","type-page","status-publish","hentry"],"_links":{"self":[{"href":"https:\/\/docentes.face.ufmg.br\/atmc\/wp-json\/wp\/v2\/pages\/240","targetHints":{"allow":["GET"]}}],"collection":[{"href":"https:\/\/docentes.face.ufmg.br\/atmc\/wp-json\/wp\/v2\/pages"}],"about":[{"href":"https:\/\/docentes.face.ufmg.br\/atmc\/wp-json\/wp\/v2\/types\/page"}],"author":[{"embeddable":true,"href":"https:\/\/docentes.face.ufmg.br\/atmc\/wp-json\/wp\/v2\/users\/58"}],"replies":[{"embeddable":true,"href":"https:\/\/docentes.face.ufmg.br\/atmc\/wp-json\/wp\/v2\/comments?post=240"}],"version-history":[{"count":2,"href":"https:\/\/docentes.face.ufmg.br\/atmc\/wp-json\/wp\/v2\/pages\/240\/revisions"}],"predecessor-version":[{"id":243,"href":"https:\/\/docentes.face.ufmg.br\/atmc\/wp-json\/wp\/v2\/pages\/240\/revisions\/243"}],"wp:attachment":[{"href":"https:\/\/docentes.face.ufmg.br\/atmc\/wp-json\/wp\/v2\/media?parent=240"}],"curies":[{"name":"wp","href":"https:\/\/api.w.org\/{rel}","templated":true}]}}