{"id":222,"date":"2020-04-24T20:50:20","date_gmt":"2020-04-24T23:50:20","guid":{"rendered":"http:\/\/docentes.face.ufmg.br\/atmc\/?page_id=222"},"modified":"2023-05-02T10:45:55","modified_gmt":"2023-05-02T13:45:55","slug":"gestao-universitaria","status":"publish","type":"page","link":"https:\/\/docentes.face.ufmg.br\/atmc\/pt\/gestao-universitaria\/","title":{"rendered":"Gest\u00e3o Universit\u00e1ria"},"content":{"rendered":"<hr \/>\n<p>As atividades profissionais de professores em regime de dedica\u00e7\u00e3o exclusiva na UFMG incluem ensino, pesquisa, extens\u00e3o e atividades administrativas.<br \/>\nAbaixo encontra-se uma lista das principais atividades de gest\u00e3o universit\u00e1ria realizadas na UFMG desde 2014.<\/p>\n<p>2023 &#8211; Atual<br \/>\nVice-diretor da Faculdade de Ci\u00eancias Econ\u00f4micas (UFMG)<\/p>\n<p>2023 &#8211; Atual<br \/>\nCoordenador do Colegiado de Extens\u00e3o da Faculdade de Ci\u00eancias Econ\u00f4micas\u00a0(UFMG)<\/p>\n<p>2021 &#8211; Atual<br \/>\nVice-presidente da Associa\u00e7\u00e3o Keynesiana Brasileira (AKB)<\/p>\n<hr \/>\n<p>2020 &#8211; 2022<br \/>\nSubchefe do Departamento de Ci\u00eancias Econ\u00f4micas (UFMG)<\/p>\n<p>2019 &#8211; 2022<br \/>\nMembro do Conselho Fiscal da Funda\u00e7\u00e3o Instituto de Pesquisas Econ\u00f4micas Administrativas e Cont\u00e1beis (IPEAD)<\/p>\n<p>2018 &#8211; 2020<br \/>\nMembro do Conselho de Assessoramento ENADE &#8211; Instituto Nacional de Estudos e Pesquisas Educacionais An\u00edsio Teixeira<\/p>\n<p>2017 &#8211; 2021<br \/>\nEditor da Revista Brazilian Keynesian Review (Associa\u00e7\u00e3o Keynesiana Brasileira)<\/p>\n<p>2016 &#8211; 2020<br \/>\nCoordenador do Colegiado do Curso de Ci\u00eancias Econ\u00f4micas (UFMG)<br \/>\nMembro da C\u00e2mara Departamental do Curso de Ci\u00eancias Econ\u00f4micas (UFMG)<br \/>\nMembro da Congrega\u00e7\u00e3o da Faculdade de Ci\u00eancias Econ\u00f4micas (UFMG)<\/p>\n<p>2015 &#8211; 2022<br \/>\n(Presidente) N\u00facleo Docente Estruturante do Curso de Ci\u00eancias Econ\u00f4micas<\/p>\n<p>2016<br \/>\nMembro da Comiss\u00e3o Cient\u00edfica do <a href=\"https:\/\/diamantina.cedeplar.ufmg.br\/2016\/\">XVII Encontro de Economia Mineira<\/a><br \/>\nMembro da Comiss\u00e3o Cient\u00edfica do 44\u00ba Encontro Nacional de Economia &#8211; ANPEC<\/p>\n<p>2015 &#8211; 2016<br \/>\nCoordenador dos Semin\u00e1rios da P\u00f3s-Gradua\u00e7\u00e3o em Economia<br \/>\nCoeditor da Revista Brazilian Keynesian Review (Associa\u00e7\u00e3o Keynesiana Brasileira)<\/p>\n<p>2015<br \/>\nMembro da Comiss\u00e3o Cient\u00edfica do 21\u00ba Encontro Regional de Economia &#8211; ANPEC\/Nordeste<\/p>\n<p>2014 -2016<br \/>\nSubcoordenador do Colegiado do Curso de Ci\u00eancias Econ\u00f4micas<\/p>\n<p>2014<br \/>\nMembro da Comiss\u00e3o Cient\u00edfica do <a href=\"https:\/\/diamantina.cedeplar.ufmg.br\/portal\/diamantina-2014\/\">XVI Encontro de Economia Mineira<\/a><\/p>\n","protected":false},"excerpt":{"rendered":"<p>As atividades profissionais de professores em regime de dedica\u00e7\u00e3o exclusiva na UFMG incluem ensino, pesquisa, extens\u00e3o e atividades administrativas. Abaixo encontra-se uma lista das principais atividades de gest\u00e3o universit\u00e1ria realizadas na UFMG desde 2014. 2023 &#8211; Atual Vice-diretor da Faculdade de Ci\u00eancias Econ\u00f4micas (UFMG) 2023 &#8211; Atual Coordenador do Colegiado de Extens\u00e3o da Faculdade de &hellip; <a href=\"https:\/\/docentes.face.ufmg.br\/atmc\/pt\/gestao-universitaria\/\" class=\"more-link\">Continuar lendo <span class=\"screen-reader-text\">Gest\u00e3o Universit\u00e1ria<\/span><\/a><\/p>\n","protected":false},"author":58,"featured_media":0,"parent":0,"menu_order":0,"comment_status":"closed","ping_status":"closed","template":"","meta":{"_crdt_document":"","_exactmetrics_skip_tracking":false,"_exactmetrics_sitenote_active":false,"_exactmetrics_sitenote_note":"","_exactmetrics_sitenote_category":0,"footnotes":""},"class_list":["post-222","page","type-page","status-publish","hentry"],"_links":{"self":[{"href":"https:\/\/docentes.face.ufmg.br\/atmc\/wp-json\/wp\/v2\/pages\/222","targetHints":{"allow":["GET"]}}],"collection":[{"href":"https:\/\/docentes.face.ufmg.br\/atmc\/wp-json\/wp\/v2\/pages"}],"about":[{"href":"https:\/\/docentes.face.ufmg.br\/atmc\/wp-json\/wp\/v2\/types\/page"}],"author":[{"embeddable":true,"href":"https:\/\/docentes.face.ufmg.br\/atmc\/wp-json\/wp\/v2\/users\/58"}],"replies":[{"embeddable":true,"href":"https:\/\/docentes.face.ufmg.br\/atmc\/wp-json\/wp\/v2\/comments?post=222"}],"version-history":[{"count":3,"href":"https:\/\/docentes.face.ufmg.br\/atmc\/wp-json\/wp\/v2\/pages\/222\/revisions"}],"predecessor-version":[{"id":323,"href":"https:\/\/docentes.face.ufmg.br\/atmc\/wp-json\/wp\/v2\/pages\/222\/revisions\/323"}],"wp:attachment":[{"href":"https:\/\/docentes.face.ufmg.br\/atmc\/wp-json\/wp\/v2\/media?parent=222"}],"curies":[{"name":"wp","href":"https:\/\/api.w.org\/{rel}","templated":true}]}}