{"id":202,"date":"2020-04-24T20:04:10","date_gmt":"2020-04-24T23:04:10","guid":{"rendered":"http:\/\/docentes.face.ufmg.br\/atmc\/?page_id=202"},"modified":"2020-05-04T18:49:32","modified_gmt":"2020-05-04T21:49:32","slug":"orientacoes","status":"publish","type":"page","link":"https:\/\/docentes.face.ufmg.br\/atmc\/pt\/orientacoes\/","title":{"rendered":"Orienta\u00e7\u00f5es"},"content":{"rendered":"<h4>Orienta\u00e7\u00f5es e supervis\u00f5es em andamento<\/h4>\n<hr \/>\n<div>\n<div class=\"cita-artigos\">\n<p><em><b>Doutorado<\/b><\/em><\/p>\n<hr \/>\n<\/div>\n<\/div>\n<div class=\"cita-artigos\">\n<p><em><b>Mestrado<\/b><\/em><\/p>\n<p><b><\/b>Alan Marques Miranda Leal<br \/>\nLong-run and short-run determinants of capital flows<br \/>\nIn\u00edcio: 2020<br \/>\n(Coorientador)<\/p>\n<p>Breno Antunes Louren\u00e7oni Garcia<br \/>\nT\u00edtulo: O impacto da regula\u00e7\u00e3o macroprudencial sobre o canal de cr\u00e9dito da economia brasileira<br \/>\nIn\u00edcio: 2018<br \/>\n(Orientador)<\/p>\n<\/div>\n<p>Michel Rimes<br \/>\nGrandes Projetos Urbanos e Centralidades na RMBH<br \/>\nIn\u00edcio: 2017<br \/>\n(Orientador)<\/p>\n<hr \/>\n<p><em><b>Inicia\u00e7\u00e3o cient\u00edfica<\/b><\/em><\/p>\n<p><b><\/b>Maria Eduarda Ribeiro Castro<br \/>\nEfeitos dos desastres ambientais em Mariana e Brumadinho sobre o mercado de min\u00e9rio brasileiro<br \/>\nIn\u00edcio: 2019<br \/>\nIC Volunt\u00e1ria (Graduanda em Ci\u00eancias Econ\u00f4micas)<\/p>\n<hr \/>\n<div>\n<h4>Orienta\u00e7\u00f5es e supervis\u00f5es conclu\u00eddas<\/h4>\n<hr \/>\n<div>\n<div>\n<p><em><b>Doutorado<\/b><\/em><\/p>\n<p>(2020) Lediany Freitas de Campos<br \/>\nGlobaliza\u00e7\u00e3o e desigualdade no Brasil: dimens\u00f5es, efeitos e assimetrias regionais<br \/>\nTese (Cedeplar\/UFMG)<br \/>\n(Orientador)<\/p>\n<p>(2016) Camilla Petrelli Corr\u00eaa de Almeida<br \/>\nDin\u00e2mica vol\u00e1til dos fluxos de capitais e vulnerabilidade financeira em pa\u00edses da Am\u00e9rica do Sul: fatores determinantes e an\u00e1lises de propostas para sua redu\u00e7\u00e3o<br \/>\nTese (Cedeplar\/UFMG)<br \/>\n(Coorientador)<\/p>\n<p>(2014) Fernando Batista Pereira<br \/>\nUm Projeto Nacional de Educa\u00e7\u00e3o e Capacita\u00e7\u00e3o Financeira<br \/>\nTese (Cedeplar\/UFMG)<br \/>\n(Coorientador)<\/p>\n<hr \/>\n<p><em><b>Mestrado<\/b><\/em><\/p>\n<p><b><\/b>(2020) Luiz Henrique Prado Garcia<br \/>\nIntegra\u00e7\u00e3o, Desenvolvimento Financeiro e Espa\u00e7o de Pol\u00edtica Monet\u00e1ria na Am\u00e9rica Latina<br \/>\nDisserta\u00e7\u00e3o (Cedeplar\/UFMG)<br \/>\n(Orientador)<\/p>\n<p>(2016) Luccas Assis Att\u00edlio<br \/>\nImpacto das Empresas Brasileiras N\u00e3o-Financeiras Sobre o Mercado de Trabalho: Um Estudo do Maximizing Shareholder Value na Economia Brasileirano Brasil Disserta\u00e7\u00e3o (Cedeplar\/UFMG)<br \/>\n(Orientador)<\/p>\n<hr \/>\n<p><em><b>Inicia\u00e7\u00e3o cient\u00edfica<\/b><\/em><\/p>\n<p><b><\/b>(2017-19) Mateus Guilherme dos Santos<br \/>\nDin\u00e2mica de Crescimento Urbano e Financeiro: Avalia\u00e7\u00e3o dos Vetores de Expans\u00e3o Centralizada<br \/>\nFAPEMIG<\/p>\n<p>(2014-15) Bruno Bosi<br \/>\nFinanceiriza\u00e7\u00e3o Espacial<br \/>\nPr\u00f3-Reitoria de Pesquisa UFMG\/CNPQ<\/p>\n<p>(2014-15) \u00c2ngelo Bastian\u00e9lli Scaramussa<br \/>\nMoeda e Espa\u00e7o intra-urbano<br \/>\nCNPq<\/p>\n<p>(2014-15) Danielle Corr\u00eaa<br \/>\nGeoreferenciamento de par\u00e2metros financeiros na RMBH<br \/>\nPesquisa Macrozoneamento da RMBH<\/p>\n<hr \/>\n<\/div>\n<\/div>\n<\/div>\n","protected":false},"excerpt":{"rendered":"<p>Orienta\u00e7\u00f5es e supervis\u00f5es em andamento Doutorado Mestrado Alan Marques Miranda Leal Long-run and short-run determinants of capital flows In\u00edcio: 2020 (Coorientador) Breno Antunes Louren\u00e7oni Garcia T\u00edtulo: O impacto da regula\u00e7\u00e3o macroprudencial sobre o canal de cr\u00e9dito da economia brasileira In\u00edcio: 2018 (Orientador) Michel Rimes Grandes Projetos Urbanos e Centralidades na RMBH In\u00edcio: 2017 (Orientador) Inicia\u00e7\u00e3o &hellip; <a href=\"https:\/\/docentes.face.ufmg.br\/atmc\/pt\/orientacoes\/\" class=\"more-link\">Continuar lendo <span class=\"screen-reader-text\">Orienta\u00e7\u00f5es<\/span><\/a><\/p>\n","protected":false},"author":58,"featured_media":0,"parent":0,"menu_order":0,"comment_status":"closed","ping_status":"closed","template":"","meta":{"_crdt_document":"","_exactmetrics_skip_tracking":false,"_exactmetrics_sitenote_active":false,"_exactmetrics_sitenote_note":"","_exactmetrics_sitenote_category":0,"footnotes":""},"class_list":["post-202","page","type-page","status-publish","hentry"],"_links":{"self":[{"href":"https:\/\/docentes.face.ufmg.br\/atmc\/wp-json\/wp\/v2\/pages\/202","targetHints":{"allow":["GET"]}}],"collection":[{"href":"https:\/\/docentes.face.ufmg.br\/atmc\/wp-json\/wp\/v2\/pages"}],"about":[{"href":"https:\/\/docentes.face.ufmg.br\/atmc\/wp-json\/wp\/v2\/types\/page"}],"author":[{"embeddable":true,"href":"https:\/\/docentes.face.ufmg.br\/atmc\/wp-json\/wp\/v2\/users\/58"}],"replies":[{"embeddable":true,"href":"https:\/\/docentes.face.ufmg.br\/atmc\/wp-json\/wp\/v2\/comments?post=202"}],"version-history":[{"count":13,"href":"https:\/\/docentes.face.ufmg.br\/atmc\/wp-json\/wp\/v2\/pages\/202\/revisions"}],"predecessor-version":[{"id":295,"href":"https:\/\/docentes.face.ufmg.br\/atmc\/wp-json\/wp\/v2\/pages\/202\/revisions\/295"}],"wp:attachment":[{"href":"https:\/\/docentes.face.ufmg.br\/atmc\/wp-json\/wp\/v2\/media?parent=202"}],"curies":[{"name":"wp","href":"https:\/\/api.w.org\/{rel}","templated":true}]}}