{"id":2,"date":"2016-06-09T14:03:11","date_gmt":"2016-06-09T17:03:11","guid":{"rendered":"http:\/\/docentes.face.ufmg.br\/john-doe\/?page_id=2"},"modified":"2023-05-02T10:28:27","modified_gmt":"2023-05-02T13:28:27","slug":"sobre","status":"publish","type":"page","link":"https:\/\/docentes.face.ufmg.br\/atmc\/pt\/sobre\/","title":{"rendered":"Sobre Anderson Cavalcante"},"content":{"rendered":"\n<p class=\"wp-block-paragraph\">|<a href=\"http:\/\/lattes.cnpq.br\/6409622356433401\" target=\"_blank\" rel=\"noreferrer noopener\">Lattes<\/a>|<a href=\"https:\/\/scholar.google.com.br\/citations?user=x0plgBgAAAAJ&amp;hl=en\" target=\"_blank\" rel=\"noreferrer noopener\">Google Scholar<\/a>|<a href=\"https:\/\/authors.repec.org\/pro\/pca1465\/\" target=\"_blank\" rel=\"noreferrer noopener\">RePEc<\/a>|<a href=\"https:\/\/www.researchgate.net\/profile\/Anderson_Cavalcante\" target=\"_blank\" rel=\"noreferrer noopener\">ResearchGate<\/a>|<a href=\"https:\/\/orcid.org\/0000-0002-0700-5993\" target=\"_blank\" rel=\"noreferrer noopener\">ORCID<\/a>|<a href=\"http:\/\/somos.ufmg.br\/professor\/anderson-tadeu-marques-cavalcante\" target=\"_blank\" rel=\"noreferrer noopener\">Som\u2295s UFMG<\/a>|<\/p>\n\n\n\n<div class=\"wp-block-group\"><div class=\"wp-block-group__inner-container is-layout-flow wp-block-group-is-layout-flow\">\n<div class=\"wp-block-group\"><div class=\"wp-block-group__inner-container is-layout-flow wp-block-group-is-layout-flow\">\n<div class=\"wp-block-group\"><div class=\"wp-block-group__inner-container is-layout-flow wp-block-group-is-layout-flow\">\n<div class=\"wp-block-group\"><div class=\"wp-block-group__inner-container is-layout-flow wp-block-group-is-layout-flow\">\n<div class=\"wp-block-group\"><div class=\"wp-block-group__inner-container is-layout-flow wp-block-group-is-layout-flow\">\n<p class=\"wp-block-paragraph\">Anderson Cavalcante \u00e9 professor Adjunto do Departamento de Ci\u00eancias Econ\u00f4micas da UFMG. \u00c9 doutor pela University of Cambridge, Land Economy Department (2012), mestre pelo Centro de Desenvolvimento e Planejamento Regional (CEDEPLAR-UFMG, 2006) e graduado em Ci\u00eancias Econ\u00f4micas pela UFMG (2002).<\/p>\n\n\n\n<p class=\"wp-block-paragraph\">No Departamento de Ci\u00eancias Econ\u00f4micas \u00e9 professor das disciplinas <em>Economia Regional<\/em>, <em>Sistema Financeiro e Desenvolvimento<\/em>,\u00a0<em>Economia Monet\u00e1ria e Financeira Internacional<\/em>, <em>Economia Internacional<\/em> e <em>C\u00e2mbio e Desenvolvimento<\/em>, dentre outras, dos cursos de gradua\u00e7\u00e3o em Ci\u00eancias Econ\u00f4micas e Rela\u00e7\u00f5es Econ\u00f4micas Internacionais e da p\u00f3s gradua\u00e7\u00e3o em Economia.<\/p>\n\n\n\n<p class=\"wp-block-paragraph\">\u00c9 tamb\u00e9m pesquisador do Centro de Desenvolvimento e Planejamento Regional (<a rel=\"noreferrer noopener\" href=\"https:\/\/www.cedeplar.ufmg.br\" target=\"_blank\">Cedeplar<\/a>) da<a rel=\"noreferrer noopener\" href=\"http:\/\/www.face.ufmg.br\/\" target=\"_blank\"> Faculdade de Ci\u00eancias Econ\u00f4micas<\/a>, onde desenvolve diversos projetos de <a rel=\"noreferrer noopener\" href=\"https:\/\/docentes.face.ufmg.br\/atmc\/linhas-de-pesquisa\/\" target=\"_blank\">pesquisa e extens\u00e3o<\/a>.&nbsp;Desenvolve trabalhos de pesquisa, orienta\u00e7\u00f5es e publica\u00e7\u00f5es em t\u00f3picos relacionados \u00e0 Economia Regional, Monet\u00e1ria e Financeira, atuando principalmente nos seguintes temas: economia regional e urbana, economia internacional, economia monet\u00e1ria, desenvolvimento econ\u00f4mico e sistema monet\u00e1rio e financeiro. <br><br>Atualmente desenvolve pesquisas sobre:<\/p>\n<\/div><\/div>\n\n\n\n<div class=\"wp-block-group\"><div class=\"wp-block-group__inner-container is-layout-flow wp-block-group-is-layout-flow\">\n<ul>\n<li style=\"list-style-type: none\">\n<ul>\n<li>os efeitos da polariza\u00e7\u00e3o financeira regional sobre o crescimento e desenvolvimento econ\u00f4mico;<\/li>\n<li>a din\u00e2mica (financeira) urbana;<\/li>\n<li>a financeiriza\u00e7\u00e3o espacial e resili\u00eancia regional;<\/li>\n<li>desenvolvimento sustent\u00e1vel e suas formas de financiamento;<\/li>\n<li>Educa\u00e7\u00e3o financeira;<\/li>\n<li>a economia miner\u00e1ria e seus efeitos sobre desenvolvimento regional, an\u00e1lise dos impactos de desastres tecnol\u00f3gicos e valora\u00e7\u00e3o de perdas decorrentes de desastres;<\/li>\n<\/ul>\n<\/li>\n<\/ul>\n\n\n\n<p class=\"wp-block-paragraph\"><\/p>\n<\/div><\/div>\n\n\n\n<p class=\"wp-block-paragraph\">Participa de grupos de pesquisa como o LEMTe (Laborat\u00f3rio de Estudos sobre Moeda e Territ\u00f3rio), o <a href=\"http:\/\/financeirizacaoedesenvolvimento.uff.br\">FINDE<\/a> (Grupo de Pesquisa em Financeiriza\u00e7\u00e3o e Desenvolvimento) e Grupo de Pesquisa em Economia Popular Solid\u00e1ria e Desenvolvimento Regional.<\/p>\n<\/div><\/div>\n\n\n\n<p class=\"wp-block-paragraph\">Atualmente \u00e9 vice-diretor da Faculdade de Ci\u00eancias Econ\u00f4micas (FACE\/UFMG) e Coordenador do Colegiado de Extens\u00e3o (Cenex-FACE\/UFMG). Foi Subchefe do Departamento de Ci\u00eancias Econ\u00f4micas (2020-2022), Coordenador do Colegiado do Curso de Ci\u00eancias Econ\u00f4micas (2016-2020), Presidente do N\u00facleo Docente Estruturante (2015-2022) e membro do Conselho Fiscal do IPEAD (2020-2022). \u00c9 membro da Regional Studies Association e vice presidente da Associa\u00e7\u00e3o Keynesiana Brasileira (<a rel=\"noreferrer noopener\" href=\"http:\/\/associacaokeynesianabrasileira.org\" target=\"_blank\">AKB<\/a>).<\/p>\n<\/div><\/div>\n<\/div><\/div>\n\n\n<div class=\"wp-block-image\">\n<figure class=\"alignright size-large is-resized\"><img loading=\"lazy\" decoding=\"async\" src=\"http:\/\/docentes.face.ufmg.br\/atmc\/wp-content\/uploads\/sites\/64\/2020\/04\/02logo.jpg\" alt=\"UFMG CEDEPLAR\" class=\"wp-image-79\" width=\"88\" height=\"97\" srcset=\"https:\/\/docentes.face.ufmg.br\/atmc\/wp-content\/uploads\/sites\/64\/2020\/04\/02logo.jpg 432w, https:\/\/docentes.face.ufmg.br\/atmc\/wp-content\/uploads\/sites\/64\/2020\/04\/02logo-273x300.jpg 273w\" sizes=\"auto, (max-width: 88px) 100vw, 88px\" \/><\/figure>\n<\/div>\n\n<div class=\"wp-block-image\">\n<figure class=\"alignright size-large\"><img loading=\"lazy\" decoding=\"async\" width=\"164\" height=\"80\" src=\"http:\/\/docentes.face.ufmg.br\/atmc\/wp-content\/uploads\/sites\/64\/2020\/04\/face.png\" alt=\"\" class=\"wp-image-80\" \/><\/figure>\n<\/div>\n\n\n<p class=\"wp-block-paragraph\"><\/p>\n<\/div><\/div>\n","protected":false},"excerpt":{"rendered":"<p>|Lattes|Google Scholar|RePEc|ResearchGate|ORCID|Som\u2295s UFMG| Anderson Cavalcante \u00e9 professor Adjunto do Departamento de Ci\u00eancias Econ\u00f4micas da UFMG. \u00c9 doutor pela University of Cambridge, Land Economy Department (2012), mestre pelo Centro de Desenvolvimento e Planejamento Regional (CEDEPLAR-UFMG, 2006) e graduado em Ci\u00eancias Econ\u00f4micas pela UFMG (2002). No Departamento de Ci\u00eancias Econ\u00f4micas \u00e9 professor das disciplinas Economia Regional, Sistema &hellip; <a href=\"https:\/\/docentes.face.ufmg.br\/atmc\/pt\/sobre\/\" class=\"more-link\">Continuar lendo <span class=\"screen-reader-text\">Sobre Anderson Cavalcante<\/span><\/a><\/p>\n","protected":false},"author":1,"featured_media":0,"parent":0,"menu_order":0,"comment_status":"closed","ping_status":"closed","template":"","meta":{"_crdt_document":"","_exactmetrics_skip_tracking":false,"_exactmetrics_sitenote_active":false,"_exactmetrics_sitenote_note":"","_exactmetrics_sitenote_category":0,"footnotes":""},"class_list":["post-2","page","type-page","status-publish","hentry"],"_links":{"self":[{"href":"https:\/\/docentes.face.ufmg.br\/atmc\/wp-json\/wp\/v2\/pages\/2","targetHints":{"allow":["GET"]}}],"collection":[{"href":"https:\/\/docentes.face.ufmg.br\/atmc\/wp-json\/wp\/v2\/pages"}],"about":[{"href":"https:\/\/docentes.face.ufmg.br\/atmc\/wp-json\/wp\/v2\/types\/page"}],"author":[{"embeddable":true,"href":"https:\/\/docentes.face.ufmg.br\/atmc\/wp-json\/wp\/v2\/users\/1"}],"replies":[{"embeddable":true,"href":"https:\/\/docentes.face.ufmg.br\/atmc\/wp-json\/wp\/v2\/comments?post=2"}],"version-history":[{"count":36,"href":"https:\/\/docentes.face.ufmg.br\/atmc\/wp-json\/wp\/v2\/pages\/2\/revisions"}],"predecessor-version":[{"id":319,"href":"https:\/\/docentes.face.ufmg.br\/atmc\/wp-json\/wp\/v2\/pages\/2\/revisions\/319"}],"wp:attachment":[{"href":"https:\/\/docentes.face.ufmg.br\/atmc\/wp-json\/wp\/v2\/media?parent=2"}],"curies":[{"name":"wp","href":"https:\/\/api.w.org\/{rel}","templated":true}]}}