{"id":21,"date":"2016-06-09T14:31:19","date_gmt":"2016-06-09T17:31:19","guid":{"rendered":"http:\/\/docentes.face.ufmg.br\/john-doe\/?page_id=21"},"modified":"2017-01-23T18:17:25","modified_gmt":"2017-01-23T20:17:25","slug":"area-de-atuacao","status":"publish","type":"page","link":"https:\/\/docentes.face.ufmg.br\/albuquer\/area-de-atuacao\/","title":{"rendered":"\u00c1rea de atua\u00e7\u00e3o"},"content":{"rendered":"<ol>\n<li>Grande \u00c1rea: Ci\u00eancias Sociais Aplicadas \/ \u00c1rea: Economia \/ Sub\u00e1rea: Economia Industrial \/ Especialidade: Mudan\u00e7a Tecnol\u00f3gica.<\/li>\n<li>Grande \u00c1rea: Ci\u00eancias Sociais Aplicadas \/ \u00c1rea: Economia \/ Sub\u00e1rea: Teoria Econ\u00f4mica.<\/li>\n<li>Grande \u00c1rea: Ci\u00eancias Sociais Aplicadas \/ \u00c1rea: Economia \/ Sub\u00e1rea: Teoria Econ\u00f4mica \/ Especialidade: Sistemas Econ\u00f4micos.<\/li>\n<\/ol>\n","protected":false},"excerpt":{"rendered":"<p>Grande \u00c1rea: Ci\u00eancias Sociais Aplicadas \/ \u00c1rea: Economia \/ Sub\u00e1rea: Economia Industrial \/ Especialidade: Mudan\u00e7a Tecnol\u00f3gica. Grande \u00c1rea: Ci\u00eancias Sociais Aplicadas \/ \u00c1rea: Economia \/ Sub\u00e1rea: Teoria Econ\u00f4mica. Grande \u00c1rea: Ci\u00eancias Sociais Aplicadas \/ \u00c1rea: Economia \/ Sub\u00e1rea: Teoria Econ\u00f4mica \/ Especialidade: Sistemas Econ\u00f4micos.<\/p>\n","protected":false},"author":1,"featured_media":0,"parent":0,"menu_order":0,"comment_status":"closed","ping_status":"closed","template":"","meta":{"_crdt_document":"","_exactmetrics_skip_tracking":false,"_exactmetrics_sitenote_active":false,"_exactmetrics_sitenote_note":"","_exactmetrics_sitenote_category":0,"footnotes":""},"class_list":["post-21","page","type-page","status-publish","hentry"],"_links":{"self":[{"href":"https:\/\/docentes.face.ufmg.br\/albuquer\/wp-json\/wp\/v2\/pages\/21","targetHints":{"allow":["GET"]}}],"collection":[{"href":"https:\/\/docentes.face.ufmg.br\/albuquer\/wp-json\/wp\/v2\/pages"}],"about":[{"href":"https:\/\/docentes.face.ufmg.br\/albuquer\/wp-json\/wp\/v2\/types\/page"}],"author":[{"embeddable":true,"href":"https:\/\/docentes.face.ufmg.br\/albuquer\/wp-json\/wp\/v2\/users\/1"}],"replies":[{"embeddable":true,"href":"https:\/\/docentes.face.ufmg.br\/albuquer\/wp-json\/wp\/v2\/comments?post=21"}],"version-history":[{"count":3,"href":"https:\/\/docentes.face.ufmg.br\/albuquer\/wp-json\/wp\/v2\/pages\/21\/revisions"}],"predecessor-version":[{"id":87,"href":"https:\/\/docentes.face.ufmg.br\/albuquer\/wp-json\/wp\/v2\/pages\/21\/revisions\/87"}],"wp:attachment":[{"href":"https:\/\/docentes.face.ufmg.br\/albuquer\/wp-json\/wp\/v2\/media?parent=21"}],"curies":[{"name":"wp","href":"https:\/\/api.w.org\/{rel}","templated":true}]}}