{"id":2,"date":"2016-06-09T14:03:11","date_gmt":"2016-06-09T17:03:11","guid":{"rendered":"http:\/\/docentes.face.ufmg.br\/john-doe\/?page_id=2"},"modified":"2017-01-23T18:38:30","modified_gmt":"2017-01-23T20:38:30","slug":"sobre","status":"publish","type":"page","link":"https:\/\/docentes.face.ufmg.br\/albuquer\/","title":{"rendered":"Sobre"},"content":{"rendered":"<p><img loading=\"lazy\" decoding=\"async\" class=\"alignnone wp-image-80 \" src=\"http:\/\/docentes.face.ufmg.br\/albuquer\/wp-content\/uploads\/sites\/42\/2017\/01\/Foto-2016-300x274.jpg\" width=\"196\" height=\"179\" srcset=\"https:\/\/docentes.face.ufmg.br\/albuquer\/wp-content\/uploads\/sites\/42\/2017\/01\/Foto-2016-300x274.jpg 300w, https:\/\/docentes.face.ufmg.br\/albuquer\/wp-content\/uploads\/sites\/42\/2017\/01\/Foto-2016-768x702.jpg 768w, https:\/\/docentes.face.ufmg.br\/albuquer\/wp-content\/uploads\/sites\/42\/2017\/01\/Foto-2016-1024x936.jpg 1024w, https:\/\/docentes.face.ufmg.br\/albuquer\/wp-content\/uploads\/sites\/42\/2017\/01\/Foto-2016-500x457.jpg 500w, https:\/\/docentes.face.ufmg.br\/albuquer\/wp-content\/uploads\/sites\/42\/2017\/01\/Foto-2016.jpg 1761w\" sizes=\"auto, (max-width: 196px) 100vw, 196px\" \/><\/p>\n<p>Autor do livro AGENDA ROSDOLSKY (publicado pela Editora UFMG em 2012). Possui doutorado em Economia pela Universidade Federal do Rio de Janeiro (1998), mestrado em Economia pela Universidade Federal de Minas Gerais (1995) e gradua\u00e7\u00e3o em Economia pelo Centro Universit\u00e1rio Newton Paiva (1992). Iniciou os estudos universit\u00e1rios pelo curso de Medicina da UFMG (1974-1979). Atualmente \u00e9 professor titular do Departamento de Ci\u00eancias Econ\u00f4micas e do Cedeplar da Universidade Federal de Minas Gerais (UFMG). Atua em duas linhas de pesquisa: 1) Economia pol\u00edtica contempor\u00e2nea; 2) Sistemas de inova\u00e7\u00e3o, sistemas de bem-estar social e desenvolvimento<\/p>\n","protected":false},"excerpt":{"rendered":"<p>Autor do livro AGENDA ROSDOLSKY (publicado pela Editora UFMG em 2012). Possui doutorado em Economia pela Universidade Federal do Rio de Janeiro (1998), mestrado em Economia pela Universidade Federal de Minas Gerais (1995) e gradua\u00e7\u00e3o em Economia pelo Centro Universit\u00e1rio Newton Paiva (1992). Iniciou os estudos universit\u00e1rios pelo curso de Medicina da UFMG (1974-1979). Atualmente &hellip; <a href=\"https:\/\/docentes.face.ufmg.br\/albuquer\/\" class=\"more-link\">Continuar lendo <span class=\"screen-reader-text\">Sobre<\/span><\/a><\/p>\n","protected":false},"author":1,"featured_media":0,"parent":0,"menu_order":0,"comment_status":"closed","ping_status":"closed","template":"","meta":{"_crdt_document":"","_exactmetrics_skip_tracking":false,"_exactmetrics_sitenote_active":false,"_exactmetrics_sitenote_note":"","_exactmetrics_sitenote_category":0,"footnotes":""},"class_list":["post-2","page","type-page","status-publish","hentry"],"_links":{"self":[{"href":"https:\/\/docentes.face.ufmg.br\/albuquer\/wp-json\/wp\/v2\/pages\/2","targetHints":{"allow":["GET"]}}],"collection":[{"href":"https:\/\/docentes.face.ufmg.br\/albuquer\/wp-json\/wp\/v2\/pages"}],"about":[{"href":"https:\/\/docentes.face.ufmg.br\/albuquer\/wp-json\/wp\/v2\/types\/page"}],"author":[{"embeddable":true,"href":"https:\/\/docentes.face.ufmg.br\/albuquer\/wp-json\/wp\/v2\/users\/1"}],"replies":[{"embeddable":true,"href":"https:\/\/docentes.face.ufmg.br\/albuquer\/wp-json\/wp\/v2\/comments?post=2"}],"version-history":[{"count":8,"href":"https:\/\/docentes.face.ufmg.br\/albuquer\/wp-json\/wp\/v2\/pages\/2\/revisions"}],"predecessor-version":[{"id":95,"href":"https:\/\/docentes.face.ufmg.br\/albuquer\/wp-json\/wp\/v2\/pages\/2\/revisions\/95"}],"wp:attachment":[{"href":"https:\/\/docentes.face.ufmg.br\/albuquer\/wp-json\/wp\/v2\/media?parent=2"}],"curies":[{"name":"wp","href":"https:\/\/api.w.org\/{rel}","templated":true}]}}