{"id":11,"date":"2016-06-09T14:21:05","date_gmt":"2016-06-09T17:21:05","guid":{"rendered":"http:\/\/docentes.face.ufmg.br\/john-doe\/?page_id=11"},"modified":"2017-01-25T08:15:02","modified_gmt":"2017-01-25T10:15:02","slug":"formacao","status":"publish","type":"page","link":"https:\/\/docentes.face.ufmg.br\/albuquer\/formacao\/","title":{"rendered":"Forma\u00e7\u00e3o"},"content":{"rendered":"<div class=\"layout-cell layout-cell-3 text-align-right\">\n<div class=\"layout-cell-pad-5 text-align-right\"><b>1995 &#8211; 1998:\u00a0<\/b>Doutorado em Economia da Ind\u00fastria e da Tecnologia<\/div>\n<div class=\"layout-cell-pad-5 text-align-right\">Universidade Federal do Rio de Janeiro, UFRJ, Brasil. <br class=\"clear\" \/>(com <b>per\u00edodo <\/b><b>sandu\u00edche <\/b>no SPRU, University of Sussex, entre novembro de 1996 e novembro de 1997, sob a supervis\u00e3o de Keith Pavitt). <br class=\"clear\" \/>T\u00edtulo: Patentes de inven\u00e7\u00e3o de residentes no Brasil (1980-1995): uma investiga\u00e7\u00e3o sobre o papel dos direitos de propriedade intelectual na constru\u00e7\u00e3o de um sistema nacional de inova\u00e7\u00e3o. Defesa dia 26\/06\/1998.<\/div>\n<div class=\"layout-cell-pad-5 text-align-right\">Orientador: Jos\u00e9 Eduardo Cassiolato. <br class=\"clear\" \/>Bolsista do CNPq, Brasil.<\/div>\n<\/div>\n<div class=\"layout-cell layout-cell-9\">\n<div class=\"layout-cell-pad-5\"><br class=\"clear\" \/><b>1993 &#8211; 1995:\u00a0<\/b>Mestrado em Economia<\/div>\n<\/div>\n<div class=\"layout-cell layout-cell-9\">\n<div class=\"layout-cell-pad-5\">Universidade Federal de Minas Gerais, UFMG, Brasil. <br class=\"clear\" \/>T\u00edtulo: Sistemas de inova\u00e7\u00e3o,acumula\u00e7\u00e3o cient\u00edfica nacional e o aproveitamento de janelas de oportunidade. Defesa dia 10\/02\/1995.<\/div>\n<div class=\"layout-cell-pad-5\">Orientador: Jo\u00e3o Antonio de Paula.<br class=\"clear\" \/>Bolsista do CNPq, Brasil.<\/div>\n<div class=\"layout-cell-pad-5\"><br class=\"clear\" \/><b>1991 &#8211; 1992:\u00a0<\/b>Gradua\u00e7\u00e3o em Ci\u00eancias Econ\u00f4micas.<\/div>\n<\/div>\n<div class=\"layout-cell layout-cell-9\">\n<p class=\"layout-cell-pad-5\">Centro Universit\u00e1rio Newton Paiva, CNP, Brasil. <br class=\"clear\" \/>T\u00edtulo: O reposicionamento do trabalho. <br class=\"clear\" \/>Orientador: Ant\u00f4nio de P\u00e1dua Ubirajara e Silva.<\/p>\n<div class=\"layout-cell layout-cell-9\">\n<div class=\"layout-cell-pad-5\"><b>1974 &#8211; 1979:\u00a0<\/b>Gradua\u00e7\u00e3o interrompida em Medicina.<\/div>\n<\/div>\n<div class=\"layout-cell layout-cell-9\">\n<p class=\"layout-cell-pad-5\">Universidade Federal de Minas Gerais, UFMG, Brasil. <br class=\"clear\" \/>(OBS: Curso realizado at\u00e9 o s\u00e9timo per\u00edodo &#8211; carga hor\u00e1ria de 2.939 horas). <br class=\"clear\" \/>Ano de interrup\u00e7\u00e3o: 1979.<\/p>\n<\/div>\n<p>&nbsp;<\/p>\n<\/div>\n","protected":false},"excerpt":{"rendered":"<p>1995 &#8211; 1998:\u00a0Doutorado em Economia da Ind\u00fastria e da Tecnologia Universidade Federal do Rio de Janeiro, UFRJ, Brasil. (com per\u00edodo sandu\u00edche no SPRU, University of Sussex, entre novembro de 1996 e novembro de 1997, sob a supervis\u00e3o de Keith Pavitt). T\u00edtulo: Patentes de inven\u00e7\u00e3o de residentes no Brasil (1980-1995): uma investiga\u00e7\u00e3o sobre o papel dos &hellip; <a href=\"https:\/\/docentes.face.ufmg.br\/albuquer\/formacao\/\" class=\"more-link\">Continuar lendo <span class=\"screen-reader-text\">Forma\u00e7\u00e3o<\/span><\/a><\/p>\n","protected":false},"author":1,"featured_media":0,"parent":0,"menu_order":0,"comment_status":"closed","ping_status":"closed","template":"","meta":{"_crdt_document":"","_exactmetrics_skip_tracking":false,"_exactmetrics_sitenote_active":false,"_exactmetrics_sitenote_note":"","_exactmetrics_sitenote_category":0,"footnotes":""},"class_list":["post-11","page","type-page","status-publish","hentry"],"_links":{"self":[{"href":"https:\/\/docentes.face.ufmg.br\/albuquer\/wp-json\/wp\/v2\/pages\/11","targetHints":{"allow":["GET"]}}],"collection":[{"href":"https:\/\/docentes.face.ufmg.br\/albuquer\/wp-json\/wp\/v2\/pages"}],"about":[{"href":"https:\/\/docentes.face.ufmg.br\/albuquer\/wp-json\/wp\/v2\/types\/page"}],"author":[{"embeddable":true,"href":"https:\/\/docentes.face.ufmg.br\/albuquer\/wp-json\/wp\/v2\/users\/1"}],"replies":[{"embeddable":true,"href":"https:\/\/docentes.face.ufmg.br\/albuquer\/wp-json\/wp\/v2\/comments?post=11"}],"version-history":[{"count":15,"href":"https:\/\/docentes.face.ufmg.br\/albuquer\/wp-json\/wp\/v2\/pages\/11\/revisions"}],"predecessor-version":[{"id":102,"href":"https:\/\/docentes.face.ufmg.br\/albuquer\/wp-json\/wp\/v2\/pages\/11\/revisions\/102"}],"wp:attachment":[{"href":"https:\/\/docentes.face.ufmg.br\/albuquer\/wp-json\/wp\/v2\/media?parent=11"}],"curies":[{"name":"wp","href":"https:\/\/api.w.org\/{rel}","templated":true}]}}